{"id":4160,"date":"2025-02-09T13:12:28","date_gmt":"2025-02-09T12:12:28","guid":{"rendered":"https:\/\/www.islantilla.es\/?page_id=4160"},"modified":"2025-02-09T13:13:12","modified_gmt":"2025-02-09T12:13:12","slug":"el-castillo-franz-kafka","status":"publish","type":"page","link":"https:\/\/www.islantilla.es\/pt\/el-castillo-franz-kafka\/","title":{"rendered":"O Castelo, Franz Kafka"},"content":{"rendered":"<div data-elementor-type=\"wp-page\" data-elementor-id=\"4160\" class=\"elementor elementor-4160\" data-elementor-post-type=\"page\">\n\t\t\t\t<div class=\"elementor-element elementor-element-b51526e e-con-full e-flex e-con e-parent\" data-id=\"b51526e\" data-element_type=\"container\" data-e-type=\"container\">\n\t\t<div class=\"elementor-element elementor-element-0ae4631 e-con-full e-flex e-con e-child\" data-id=\"0ae4631\" data-element_type=\"container\" data-e-type=\"container\" data-settings=\"{&quot;background_background&quot;:&quot;classic&quot;}\">\n\t\t\t\t<\/div>\n\t\t<div class=\"elementor-element elementor-element-ee3896a e-con-full e-flex e-con e-child\" data-id=\"ee3896a\" data-element_type=\"container\" data-e-type=\"container\">\n\t\t\t\t<div class=\"elementor-element elementor-element-d7a77a6 elementor-widget elementor-widget-heading\" data-id=\"d7a77a6\" data-element_type=\"widget\" data-e-type=\"widget\" data-widget_type=\"heading.default\">\n\t\t\t\t\t<h2 class=\"elementor-heading-title elementor-size-default\">O castelo,<\/h2>\t\t\t\t<\/div>\n\t\t\t\t<div class=\"elementor-element elementor-element-e27e480 elementor-widget elementor-widget-heading\" data-id=\"e27e480\" data-element_type=\"widget\" data-e-type=\"widget\" data-widget_type=\"heading.default\">\n\t\t\t\t\t<h2 class=\"elementor-heading-title elementor-size-default\">Franz Kafka<\/h2>\t\t\t\t<\/div>\n\t\t\t\t<div class=\"elementor-element elementor-element-e1fe51e elementor-widget elementor-widget-spacer\" data-id=\"e1fe51e\" data-element_type=\"widget\" data-e-type=\"widget\" data-widget_type=\"spacer.default\">\n\t\t\t\t\t\t\t<div class=\"elementor-spacer\">\n\t\t\t<div class=\"elementor-spacer-inner\"><\/div>\n\t\t<\/div>\n\t\t\t\t\t\t<\/div>\n\t\t\t\t<div class=\"elementor-element elementor-element-fb72618 elementor-widget elementor-widget-text-editor\" data-id=\"fb72618\" data-element_type=\"widget\" data-e-type=\"widget\" data-widget_type=\"text-editor.default\">\n\t\t\t\t\t\t\t\t\t<p>O Sr. K acaba de chegar a uma cidade para realizar um trabalho, mas quando ele tenta entrar em contato com as autoridades, que vivem em um castelo misterioso, as coisas se complicam. Suas tentativas de fazer contato com essas pessoas s\u00e3o em v\u00e3o. Al\u00e9m de uma cr\u00edtica \u00e0 burocracia, em O Castelo, assim como em outras obras de Frank Kafka, a filosofia existencialista est\u00e1 no pano de fundo de sua trama. Marcada por um tom surrealista, a obra transmite ao leitor a ang\u00fastia existencial de algu\u00e9m que busca fazer parte do sistema e \u00e9 constantemente rejeitado.<\/p><p>Embora hoje seja considerado um dos autores mais importantes do s\u00e9culo XX, Kafka n\u00e3o queria publicar grande parte de sua obra e, de fato, antes de morrer, pediu que seus manuscritos fossem destru\u00eddos. Alguns, no entanto, como este romance inacabado, acabaram sendo impressos. A mistura de realidade e fantasia, assim como o tom habitualmente obsessivo e opressivo das situa\u00e7\u00f5es que ele descreve, nos deixou com um novo adjetivo: kafkiano, para expressar a natureza simultaneamente incomum e angustiante de um evento.<\/p>\t\t\t\t\t\t\t\t<\/div>\n\t\t\t\t<\/div>\n\t\t\t\t<\/div>\n\t\t\t\t<\/div>","protected":false},"excerpt":{"rendered":"<p>El castillo, Franz Kafka El se\u00f1or K acaba de llegar a un pueblo para realizar un trabajo, pero al intentar dirigirse a las autoridades, residentes en un misterioso castillo, todo se complica. Sus intentos por entablar contacto con estas personas son en vano. Adem\u00e1s de una cr\u00edtica a la burocracia, en El castillo, como en [&hellip;]<\/p>\n","protected":false},"author":1,"featured_media":0,"parent":0,"menu_order":0,"comment_status":"closed","ping_status":"closed","template":"","meta":{"slim_seo":{"title":"El castillo, Franz Kafka | Islantilla","description":"El se\u00f1or K acaba de llegar a un pueblo para realizar un trabajo, pero al intentar dirigirse a las autoridades, residentes en un misterioso castillo, todo se complica. Sus intentos por entablar contacto con estas personas son en vano."},"footnotes":""},"class_list":["post-4160","page","type-page","status-publish","hentry"],"_links":{"self":[{"href":"https:\/\/www.islantilla.es\/pt\/wp-json\/wp\/v2\/pages\/4160","targetHints":{"allow":["GET"]}}],"collection":[{"href":"https:\/\/www.islantilla.es\/pt\/wp-json\/wp\/v2\/pages"}],"about":[{"href":"https:\/\/www.islantilla.es\/pt\/wp-json\/wp\/v2\/types\/page"}],"author":[{"embeddable":true,"href":"https:\/\/www.islantilla.es\/pt\/wp-json\/wp\/v2\/users\/1"}],"replies":[{"embeddable":true,"href":"https:\/\/www.islantilla.es\/pt\/wp-json\/wp\/v2\/comments?post=4160"}],"version-history":[{"count":4,"href":"https:\/\/www.islantilla.es\/pt\/wp-json\/wp\/v2\/pages\/4160\/revisions"}],"predecessor-version":[{"id":4164,"href":"https:\/\/www.islantilla.es\/pt\/wp-json\/wp\/v2\/pages\/4160\/revisions\/4164"}],"wp:attachment":[{"href":"https:\/\/www.islantilla.es\/pt\/wp-json\/wp\/v2\/media?parent=4160"}],"curies":[{"name":"wp","href":"https:\/\/api.w.org\/{rel}","templated":true}]}}