{"id":3430,"date":"2024-10-29T12:11:01","date_gmt":"2024-10-29T11:11:01","guid":{"rendered":"https:\/\/www.islantilla.es\/?page_id=3430"},"modified":"2025-02-05T10:24:03","modified_gmt":"2025-02-05T09:24:03","slug":"el-juez-que-perdio-la-conciencia-manuel-ciges-aparicio","status":"publish","type":"page","link":"https:\/\/www.islantilla.es\/pt\/el-juez-que-perdio-la-conciencia-manuel-ciges-aparicio\/","title":{"rendered":"O juiz que perdeu a consci\u00eancia, Manuel Ciges Aparicio"},"content":{"rendered":"<div data-elementor-type=\"wp-page\" data-elementor-id=\"3430\" class=\"elementor elementor-3430\" data-elementor-post-type=\"page\">\n\t\t\t\t<div class=\"elementor-element elementor-element-8d2fb09 e-con-full e-flex e-con e-parent\" data-id=\"8d2fb09\" data-element_type=\"container\" data-e-type=\"container\">\n\t\t<div class=\"elementor-element elementor-element-50bd4fa e-con-full e-flex e-con e-child\" data-id=\"50bd4fa\" data-element_type=\"container\" data-e-type=\"container\" data-settings=\"{&quot;background_background&quot;:&quot;classic&quot;}\">\n\t\t\t\t<\/div>\n\t\t<div class=\"elementor-element elementor-element-754f015 e-con-full e-flex e-con e-child\" data-id=\"754f015\" data-element_type=\"container\" data-e-type=\"container\">\n\t\t\t\t<div class=\"elementor-element elementor-element-f162dba elementor-widget elementor-widget-heading\" data-id=\"f162dba\" data-element_type=\"widget\" data-e-type=\"widget\" data-widget_type=\"heading.default\">\n\t\t\t\t\t<h2 class=\"elementor-heading-title elementor-size-default\">O juiz que perdeu a consci\u00eancia,<\/h2>\t\t\t\t<\/div>\n\t\t\t\t<div class=\"elementor-element elementor-element-ba3f440 elementor-widget elementor-widget-heading\" data-id=\"ba3f440\" data-element_type=\"widget\" data-e-type=\"widget\" data-widget_type=\"heading.default\">\n\t\t\t\t\t<h2 class=\"elementor-heading-title elementor-size-default\">Manuel Ciges Apar\u00edcio<\/h2>\t\t\t\t<\/div>\n\t\t\t\t<div class=\"elementor-element elementor-element-73a4da7 elementor-widget elementor-widget-spacer\" data-id=\"73a4da7\" data-element_type=\"widget\" data-e-type=\"widget\" data-widget_type=\"spacer.default\">\n\t\t\t\t\t\t\t<div class=\"elementor-spacer\">\n\t\t\t<div class=\"elementor-spacer-inner\"><\/div>\n\t\t<\/div>\n\t\t\t\t\t\t<\/div>\n\t\t\t\t<div class=\"elementor-element elementor-element-9772e02 elementor-widget elementor-widget-text-editor\" data-id=\"9772e02\" data-element_type=\"widget\" data-e-type=\"widget\" data-widget_type=\"text-editor.default\">\n\t\t\t\t\t\t\t\t\t<p>Manuel Ciges Aparicio foi um militar, pol\u00edtico, jornalista e escritor, membro da Gera\u00e7\u00e3o de 98. Seus escritos foram fruto de suas experi\u00eancias de vida e neles sempre se manteve fiel \u00e0s suas convic\u00e7\u00f5es ideol\u00f3gicas. Uma biografia que destaca sua viagem a Cuba (passando pela pris\u00e3o de Havana), seu casamento com a irm\u00e3 de Azor\u00edn e sua amizade com Manuel Aza\u00f1a... e sua morte jovem, assassinado em consequ\u00eancia de seu inabal\u00e1vel compromisso pol\u00edtico com a esquerda republicana. Em &#039;O Juiz Que Perdeu a Consci\u00eancia&#039;, de 1925, ele retrata o caciquismo pol\u00edtico espanhol da \u00e9poca. Uma obra pouco conhecida e uma vida fascinante, sem d\u00favida, a do pai do nosso querido ator Luis Ciges.<\/p>\t\t\t\t\t\t\t\t<\/div>\n\t\t\t\t<\/div>\n\t\t\t\t<\/div>\n\t\t\t\t<\/div>","protected":false},"excerpt":{"rendered":"<p>El juez que perdi\u00f3 la conciencia, Manuel Ciges Aparicio Manuel Ciges Aparicio fue soldado, pol\u00edtico, periodista y escritor, miembro de la Generaci\u00f3n del 98. Sus escritos fueron fruto de sus experiencias vitales y en ellos se mantuvo siempre fiel a sus convicciones ideol\u00f3gicas. Una biograf\u00eda en la que destaca el viaje a Cuba (pasando por [&hellip;]<\/p>\n","protected":false},"author":1,"featured_media":0,"parent":0,"menu_order":0,"comment_status":"closed","ping_status":"closed","template":"","meta":{"slim_seo":{"title":"El juez que perdi\u00f3 la conciencia, Manuel Ciges Aparicio | Islantilla","description":"Manuel Ciges Aparicio fue soldado, pol\u00edtico, periodista y escritor, miembro de la Generaci\u00f3n del 98. Sus escritos fueron fruto de sus experiencias vitales y en ellos se mantuvo siempre fiel a sus convicciones ideol\u00f3gicas."},"footnotes":""},"class_list":["post-3430","page","type-page","status-publish","hentry"],"_links":{"self":[{"href":"https:\/\/www.islantilla.es\/pt\/wp-json\/wp\/v2\/pages\/3430","targetHints":{"allow":["GET"]}}],"collection":[{"href":"https:\/\/www.islantilla.es\/pt\/wp-json\/wp\/v2\/pages"}],"about":[{"href":"https:\/\/www.islantilla.es\/pt\/wp-json\/wp\/v2\/types\/page"}],"author":[{"embeddable":true,"href":"https:\/\/www.islantilla.es\/pt\/wp-json\/wp\/v2\/users\/1"}],"replies":[{"embeddable":true,"href":"https:\/\/www.islantilla.es\/pt\/wp-json\/wp\/v2\/comments?post=3430"}],"version-history":[{"count":13,"href":"https:\/\/www.islantilla.es\/pt\/wp-json\/wp\/v2\/pages\/3430\/revisions"}],"predecessor-version":[{"id":4136,"href":"https:\/\/www.islantilla.es\/pt\/wp-json\/wp\/v2\/pages\/3430\/revisions\/4136"}],"wp:attachment":[{"href":"https:\/\/www.islantilla.es\/pt\/wp-json\/wp\/v2\/media?parent=3430"}],"curies":[{"name":"wp","href":"https:\/\/api.w.org\/{rel}","templated":true}]}}