{"id":3420,"date":"2024-10-29T12:04:34","date_gmt":"2024-10-29T11:04:34","guid":{"rendered":"https:\/\/www.islantilla.es\/?page_id=3420"},"modified":"2024-10-31T13:15:25","modified_gmt":"2024-10-31T12:15:25","slug":"primavera-negra-henry-miller","status":"publish","type":"page","link":"https:\/\/www.islantilla.es\/pt\/primavera-negra-henry-miller\/","title":{"rendered":"Primavera Negra, Henry Miller"},"content":{"rendered":"<div data-elementor-type=\"wp-page\" data-elementor-id=\"3420\" class=\"elementor elementor-3420\" data-elementor-post-type=\"page\">\n\t\t\t\t<div class=\"elementor-element elementor-element-7d704b7 e-con-full e-flex e-con e-parent\" data-id=\"7d704b7\" data-element_type=\"container\" data-e-type=\"container\">\n\t\t<div class=\"elementor-element elementor-element-c2c5596 e-con-full e-flex e-con e-child\" data-id=\"c2c5596\" data-element_type=\"container\" data-e-type=\"container\" data-settings=\"{&quot;background_background&quot;:&quot;classic&quot;}\">\n\t\t\t\t<\/div>\n\t\t<div class=\"elementor-element elementor-element-b4c8ec1 e-con-full e-flex e-con e-child\" data-id=\"b4c8ec1\" data-element_type=\"container\" data-e-type=\"container\">\n\t\t\t\t<div class=\"elementor-element elementor-element-de90d75 elementor-widget elementor-widget-heading\" data-id=\"de90d75\" data-element_type=\"widget\" data-e-type=\"widget\" data-widget_type=\"heading.default\">\n\t\t\t\t\t<h2 class=\"elementor-heading-title elementor-size-default\">Primavera Negra,<\/h2>\t\t\t\t<\/div>\n\t\t\t\t<div class=\"elementor-element elementor-element-c0a0827 elementor-widget elementor-widget-heading\" data-id=\"c0a0827\" data-element_type=\"widget\" data-e-type=\"widget\" data-widget_type=\"heading.default\">\n\t\t\t\t\t<h2 class=\"elementor-heading-title elementor-size-default\">Henrique Miller<\/h2>\t\t\t\t<\/div>\n\t\t\t\t<div class=\"elementor-element elementor-element-f89086c elementor-widget elementor-widget-spacer\" data-id=\"f89086c\" data-element_type=\"widget\" data-e-type=\"widget\" data-widget_type=\"spacer.default\">\n\t\t\t\t\t\t\t<div class=\"elementor-spacer\">\n\t\t\t<div class=\"elementor-spacer-inner\"><\/div>\n\t\t<\/div>\n\t\t\t\t\t\t<\/div>\n\t\t\t\t<div class=\"elementor-element elementor-element-ceaa3b4 elementor-widget elementor-widget-text-editor\" data-id=\"ceaa3b4\" data-element_type=\"widget\" data-e-type=\"widget\" data-widget_type=\"text-editor.default\">\n\t\t\t\t\t\t\t\t\t<p>Publicado em Paris em 1936, Black Spring \u00e9 um livro de mem\u00f3rias narrado na primeira pessoa em que o escritor norte-americano Henry Miller, num estilo pr\u00f3ximo da escrita autom\u00e1tica, recria momentos da sua vida, desde a sua inf\u00e2ncia no Brooklyn no final do s\u00e9culo. XIX, at\u00e9 Paris na d\u00e9cada de 1930. Est\u00e1 estruturado em dez cap\u00edtulos, ou contos, que tamb\u00e9m podem ser lidos de forma independente, mas que juntos formam um romance s\u00f3lido. Dedicado \u00e0 sua amada Anais Nin, o livro n\u00e3o p\u00f4de ser publicado na \u00edntegra nos Estados Unidos at\u00e9 1963, uma vez que a censura proibiu v\u00e1rias de suas hist\u00f3rias por obscenidade. Com um l\u00e9xico muitas vezes surrealista, o poder expressivo de suas imagens garante uma leitura eletrizante.<\/p>\t\t\t\t\t\t\t\t<\/div>\n\t\t\t\t<\/div>\n\t\t\t\t<\/div>\n\t\t\t\t<\/div>","protected":false},"excerpt":{"rendered":"<p>Primavera Negra, Henry Miller Publicado en Par\u00eds en 1936, Primavera Negra es un libro de memorias narrado en primera persona en el que el escritor estadounidense Henry Miller, en un estilo cercano a la escritura autom\u00e1tica, recrea momentos de su vida, desde su infancia en Brooklyn a finales del siglo XIX, hasta el par\u00eds de [&hellip;]<\/p>\n","protected":false},"author":1,"featured_media":0,"parent":0,"menu_order":0,"comment_status":"closed","ping_status":"closed","template":"","meta":{"slim_seo":{"title":"Primavera Negra, Henry Miller | Islantilla","description":"Publicado en Par\u00eds en 1936, Primavera Negra es un libro de memorias narrado en primera persona en el que el escritor estadounidense Henry Miller, en un estilo cercano a la escritura autom\u00e1tica, recrea momentos de su vida, desde su infancia en Brooklyn a finales del siglo XIX, hasta el par\u00eds de los a\u00f1os 30."},"footnotes":""},"class_list":["post-3420","page","type-page","status-publish","hentry"],"_links":{"self":[{"href":"https:\/\/www.islantilla.es\/pt\/wp-json\/wp\/v2\/pages\/3420","targetHints":{"allow":["GET"]}}],"collection":[{"href":"https:\/\/www.islantilla.es\/pt\/wp-json\/wp\/v2\/pages"}],"about":[{"href":"https:\/\/www.islantilla.es\/pt\/wp-json\/wp\/v2\/types\/page"}],"author":[{"embeddable":true,"href":"https:\/\/www.islantilla.es\/pt\/wp-json\/wp\/v2\/users\/1"}],"replies":[{"embeddable":true,"href":"https:\/\/www.islantilla.es\/pt\/wp-json\/wp\/v2\/comments?post=3420"}],"version-history":[{"count":10,"href":"https:\/\/www.islantilla.es\/pt\/wp-json\/wp\/v2\/pages\/3420\/revisions"}],"predecessor-version":[{"id":3531,"href":"https:\/\/www.islantilla.es\/pt\/wp-json\/wp\/v2\/pages\/3420\/revisions\/3531"}],"wp:attachment":[{"href":"https:\/\/www.islantilla.es\/pt\/wp-json\/wp\/v2\/media?parent=3420"}],"curies":[{"name":"wp","href":"https:\/\/api.w.org\/{rel}","templated":true}]}}