{"id":1855,"date":"2024-03-26T17:12:39","date_gmt":"2024-03-26T16:12:39","guid":{"rendered":"https:\/\/www.islantilla.es\/?page_id=1855"},"modified":"2025-12-01T18:13:17","modified_gmt":"2025-12-01T17:13:17","slug":"cycling-islantilla-elrompido","status":"publish","type":"page","link":"https:\/\/www.islantilla.es\/pt\/cycling-islantilla-elrompido\/","title":{"rendered":"Ilha \u2013 El Rompido"},"content":{"rendered":"<div data-elementor-type=\"wp-page\" data-elementor-id=\"1855\" class=\"elementor elementor-1855\" data-elementor-post-type=\"page\">\n\t\t\t\t<div class=\"elementor-element elementor-element-07d66ff e-flex e-con-boxed elementor-invisible e-con e-parent\" data-id=\"07d66ff\" data-element_type=\"container\" data-e-type=\"container\" data-settings=\"{&quot;background_background&quot;:&quot;classic&quot;,&quot;animation&quot;:&quot;fadeIn&quot;}\">\n\t\t\t\t\t<div class=\"e-con-inner\">\n\t\t\t\t<div class=\"elementor-element elementor-element-3b65e8e elementor-widget__width-inherit elementor-widget elementor-widget-heading\" data-id=\"3b65e8e\" data-element_type=\"widget\" data-e-type=\"widget\" data-widget_type=\"heading.default\">\n\t\t\t\t\t<h2 class=\"elementor-heading-title elementor-size-default\">ISLANTILLA - EL ROMPIDO<\/h2>\t\t\t\t<\/div>\n\t\t\t\t<div class=\"elementor-element elementor-element-1110865 elementor-widget__width-inherit elementor-widget elementor-widget-heading\" data-id=\"1110865\" data-element_type=\"widget\" data-e-type=\"widget\" data-widget_type=\"heading.default\">\n\t\t\t\t\t<h2 class=\"elementor-heading-title elementor-size-default\">ROTA DE MTB<\/h2>\t\t\t\t<\/div>\n\t\t\t\t\t<\/div>\n\t\t\t\t<\/div>\n\t\t<div class=\"elementor-element elementor-element-c4343ae e-flex e-con-boxed elementor-invisible e-con e-parent\" data-id=\"c4343ae\" data-element_type=\"container\" data-e-type=\"container\" data-settings=\"{&quot;animation&quot;:&quot;fadeInUp&quot;}\">\n\t\t\t\t\t<div class=\"e-con-inner\">\n\t\t<div class=\"elementor-element elementor-element-a56048d e-grid e-con-boxed e-con e-child\" data-id=\"a56048d\" data-element_type=\"container\" data-e-type=\"container\">\n\t\t\t\t\t<div class=\"e-con-inner\">\n\t\t\t\t<div class=\"elementor-element elementor-element-a6a7ba7 elementor-widget elementor-widget-image\" data-id=\"a6a7ba7\" data-element_type=\"widget\" data-e-type=\"widget\" data-widget_type=\"image.default\">\n\t\t\t\t\t\t\t\t\t\t\t\t\t\t\t<img fetchpriority=\"high\" decoding=\"async\" width=\"800\" height=\"534\" src=\"https:\/\/www.islantilla.es\/wp-content\/uploads\/2024\/03\/Islantilla-El-Rompido-1024x683.webp\" class=\"attachment-large size-large wp-image-1616\" alt=\"Ruta en bicicleta Islantilla - El Rompido\" srcset=\"https:\/\/www.islantilla.es\/wp-content\/uploads\/2024\/03\/Islantilla-El-Rompido-1024x683.webp 1024w, https:\/\/www.islantilla.es\/wp-content\/uploads\/2024\/03\/Islantilla-El-Rompido-300x200.webp 300w, https:\/\/www.islantilla.es\/wp-content\/uploads\/2024\/03\/Islantilla-El-Rompido-768x512.webp 768w, https:\/\/www.islantilla.es\/wp-content\/uploads\/2024\/03\/Islantilla-El-Rompido-18x12.webp 18w, https:\/\/www.islantilla.es\/wp-content\/uploads\/2024\/03\/Islantilla-El-Rompido.webp 1384w\" sizes=\"(max-width: 800px) 100vw, 800px\" \/>\t\t\t\t\t\t\t\t\t\t\t\t\t\t\t<\/div>\n\t\t<div class=\"elementor-element elementor-element-4e91754 e-grid e-con-boxed e-con e-child\" data-id=\"4e91754\" data-element_type=\"container\" data-e-type=\"container\">\n\t\t\t\t\t<div class=\"e-con-inner\">\n\t\t\t\t<div class=\"elementor-element elementor-element-160b924 elementor-position-left elementor-position-top elementor-vertical-align-bottom elementor-widget elementor-widget-image-box\" data-id=\"160b924\" data-element_type=\"widget\" data-e-type=\"widget\" data-widget_type=\"image-box.default\">\n\t\t\t\t\t<div class=\"elementor-image-box-wrapper\"><figure class=\"elementor-image-box-img\"><img decoding=\"async\" width=\"80\" height=\"80\" src=\"https:\/\/www.islantilla.es\/wp-content\/uploads\/2024\/03\/Distancia.webp\" class=\"attachment-full size-full wp-image-1745\" alt=\"Icono azul de una se\u00f1al de direcci\u00f3n que representa la distancia de la ruta.\" srcset=\"https:\/\/www.islantilla.es\/wp-content\/uploads\/2024\/03\/Distancia.webp 80w, https:\/\/www.islantilla.es\/wp-content\/uploads\/2024\/03\/Distancia-12x12.webp 12w\" sizes=\"(max-width: 80px) 100vw, 80px\" \/><\/figure><div class=\"elementor-image-box-content\"><h3 class=\"elementor-image-box-title\">Dist\u00e2ncia<\/h3><p class=\"elementor-image-box-description\">77,61 quil\u00f4metros<\/p><\/div><\/div>\t\t\t\t<\/div>\n\t\t\t\t<div class=\"elementor-element elementor-element-6fdfb0c elementor-position-left elementor-position-top elementor-vertical-align-bottom elementor-widget elementor-widget-image-box\" data-id=\"6fdfb0c\" data-element_type=\"widget\" data-e-type=\"widget\" data-widget_type=\"image-box.default\">\n\t\t\t\t\t<div class=\"elementor-image-box-wrapper\"><figure class=\"elementor-image-box-img\"><img decoding=\"async\" width=\"80\" height=\"80\" src=\"https:\/\/www.islantilla.es\/wp-content\/uploads\/2024\/03\/Altitud.webp\" class=\"attachment-full size-full wp-image-1744\" alt=\"Icono azul con un tri\u00e1ngulo y una pendiente que representa la altitud o desnivel de la ruta en bicicleta.\" srcset=\"https:\/\/www.islantilla.es\/wp-content\/uploads\/2024\/03\/Altitud.webp 80w, https:\/\/www.islantilla.es\/wp-content\/uploads\/2024\/03\/Altitud-12x12.webp 12w\" sizes=\"(max-width: 80px) 100vw, 80px\" \/><\/figure><div class=\"elementor-image-box-content\"><h3 class=\"elementor-image-box-title\">Altitude<\/h3><p class=\"elementor-image-box-description\">424m<\/p><\/div><\/div>\t\t\t\t<\/div>\n\t\t\t\t<div class=\"elementor-element elementor-element-edfd6e6 elementor-position-left elementor-position-top elementor-vertical-align-bottom elementor-widget elementor-widget-image-box\" data-id=\"edfd6e6\" data-element_type=\"widget\" data-e-type=\"widget\" data-widget_type=\"image-box.default\">\n\t\t\t\t\t<div class=\"elementor-image-box-wrapper\"><figure class=\"elementor-image-box-img\"><img loading=\"lazy\" decoding=\"async\" width=\"80\" height=\"80\" src=\"https:\/\/www.islantilla.es\/wp-content\/uploads\/2024\/03\/Dificultad.webp\" class=\"attachment-full size-full wp-image-1743\" alt=\"Icono azul de una bicicleta que representa la dificultad del recorrido en bici.\" srcset=\"https:\/\/www.islantilla.es\/wp-content\/uploads\/2024\/03\/Dificultad.webp 80w, https:\/\/www.islantilla.es\/wp-content\/uploads\/2024\/03\/Dificultad-12x12.webp 12w\" sizes=\"(max-width: 80px) 100vw, 80px\" \/><\/figure><div class=\"elementor-image-box-content\"><h3 class=\"elementor-image-box-title\">Dificuldade<\/h3><p class=\"elementor-image-box-description\">DIF\u00cdCIL<\/p><\/div><\/div>\t\t\t\t<\/div>\n\t\t\t\t\t<\/div>\n\t\t\t\t<\/div>\n\t\t\t\t\t<\/div>\n\t\t\t\t<\/div>\n\t\t\t\t<div class=\"elementor-element elementor-element-cdd3a7e elementor-widget elementor-widget-text-editor\" data-id=\"cdd3a7e\" data-element_type=\"widget\" data-e-type=\"widget\" data-widget_type=\"text-editor.default\">\n\t\t\t\t\t\t\t\t\t<p>Percurso de mountain bike que sai de Islantilla e nos leva por estradas rurais pr\u00f3ximas a El Terr\u00f3n, Lepe, Cartaya e El Rompido. Desfrutaremos das vistas da foz do rio Piedras de ambas as margens do rio, em El Terr\u00f3n e El Rompido, depois de percorrermos densos caminhos de pinhais.<\/p>\t\t\t\t\t\t\t\t<\/div>\n\t\t<div class=\"elementor-element elementor-element-0775ab2 e-grid e-con-boxed e-con e-child\" data-id=\"0775ab2\" data-element_type=\"container\" data-e-type=\"container\">\n\t\t\t\t\t<div class=\"e-con-inner\">\n\t\t\t\t<div class=\"elementor-element elementor-element-4cb245e elementor-widget elementor-widget-button\" data-id=\"4cb245e\" data-element_type=\"widget\" data-e-type=\"widget\" data-widget_type=\"button.default\">\n\t\t\t\t\t\t\t\t\t\t<a class=\"elementor-button elementor-button-link elementor-size-sm\" href=\"https:\/\/www.islantilla.es\/wp-content\/uploads\/2024\/03\/islantilla-el-rompido-cycling-friendly.zip\">\n\t\t\t\t\t\t<span class=\"elementor-button-content-wrapper\">\n\t\t\t\t\t\t\t\t\t<span class=\"elementor-button-text\">Baixar rota<\/span>\n\t\t\t\t\t<\/span>\n\t\t\t\t\t<\/a>\n\t\t\t\t\t\t\t\t<\/div>\n\t\t\t\t<div class=\"elementor-element elementor-element-a3f0403 elementor-widget elementor-widget-image\" data-id=\"a3f0403\" data-element_type=\"widget\" data-e-type=\"widget\" data-widget_type=\"image.default\">\n\t\t\t\t\t\t\t\t\t\t\t\t\t\t\t<img loading=\"lazy\" decoding=\"async\" width=\"131\" height=\"131\" src=\"https:\/\/www.islantilla.es\/wp-content\/uploads\/2024\/03\/QR006.webp\" class=\"attachment-full size-full wp-image-1753\" alt=\"Qr006\" srcset=\"https:\/\/www.islantilla.es\/wp-content\/uploads\/2024\/03\/QR006.webp 131w, https:\/\/www.islantilla.es\/wp-content\/uploads\/2024\/03\/QR006-12x12.webp 12w\" sizes=\"(max-width: 131px) 100vw, 131px\" \/>\t\t\t\t\t\t\t\t\t\t\t\t\t\t\t<\/div>\n\t\t\t\t\t<\/div>\n\t\t\t\t<\/div>\n\t\t<div class=\"elementor-element elementor-element-81f52c9 e-grid e-con-boxed e-con e-child\" data-id=\"81f52c9\" data-element_type=\"container\" data-e-type=\"container\">\n\t\t\t\t\t<div class=\"e-con-inner\">\n\t\t\t\t<div class=\"elementor-element elementor-element-449a90e elementor-widget elementor-widget-image\" data-id=\"449a90e\" data-element_type=\"widget\" data-e-type=\"widget\" data-widget_type=\"image.default\">\n\t\t\t\t\t\t\t\t\t\t\t\t\t\t\t<img loading=\"lazy\" decoding=\"async\" width=\"800\" height=\"271\" src=\"https:\/\/www.islantilla.es\/wp-content\/uploads\/2024\/03\/MapaRuta06.webp\" class=\"attachment-large size-large wp-image-1763\" alt=\"Ruta 6. Mapa de la ruta cicloturista entre Islantilla y El Rompido.\" srcset=\"https:\/\/www.islantilla.es\/wp-content\/uploads\/2024\/03\/MapaRuta06.webp 971w, https:\/\/www.islantilla.es\/wp-content\/uploads\/2024\/03\/MapaRuta06-300x102.webp 300w, https:\/\/www.islantilla.es\/wp-content\/uploads\/2024\/03\/MapaRuta06-768x260.webp 768w, https:\/\/www.islantilla.es\/wp-content\/uploads\/2024\/03\/MapaRuta06-18x6.webp 18w\" sizes=\"(max-width: 800px) 100vw, 800px\" \/>\t\t\t\t\t\t\t\t\t\t\t\t\t\t\t<\/div>\n\t\t\t\t<div class=\"elementor-element elementor-element-a89fc2d elementor-widget elementor-widget-image\" data-id=\"a89fc2d\" data-element_type=\"widget\" data-e-type=\"widget\" data-widget_type=\"image.default\">\n\t\t\t\t\t\t\t\t\t\t\t\t\t\t\t<img loading=\"lazy\" decoding=\"async\" width=\"800\" height=\"246\" src=\"https:\/\/www.islantilla.es\/wp-content\/uploads\/2024\/03\/PerfilRuta06.webp\" class=\"attachment-large size-large wp-image-1773\" alt=\"Ruta 6. Perfil de altitud de la ruta cicloturista Islantilla \u2013 El Rompido.\" srcset=\"https:\/\/www.islantilla.es\/wp-content\/uploads\/2024\/03\/PerfilRuta06.webp 972w, https:\/\/www.islantilla.es\/wp-content\/uploads\/2024\/03\/PerfilRuta06-300x92.webp 300w, https:\/\/www.islantilla.es\/wp-content\/uploads\/2024\/03\/PerfilRuta06-768x236.webp 768w, https:\/\/www.islantilla.es\/wp-content\/uploads\/2024\/03\/PerfilRuta06-18x6.webp 18w\" sizes=\"(max-width: 800px) 100vw, 800px\" \/>\t\t\t\t\t\t\t\t\t\t\t\t\t\t\t<\/div>\n\t\t\t\t\t<\/div>\n\t\t\t\t<\/div>\n\t\t\t\t\t<\/div>\n\t\t\t\t<\/div>\n\t\t\t\t<\/div>","protected":false},"excerpt":{"rendered":"<p>ISLANTILLA &#8211; EL ROMPIDO RUTA DE MTB Distancia 77,61 km Altitud 424 m Dificultad DIF\u00cdCIL Ruta para bicicleta de monta\u00f1a que sale desde Islantilla y nos lleva por caminos rurales cercanos a El Terr\u00f3n, Lepe, Cartaya y El Rompido. Disfrutaremos de las vistas de la desembocadura del R\u00edo Piedras desde ambos lados del r\u00edo, en [&hellip;]<\/p>\n","protected":false},"author":1,"featured_media":0,"parent":0,"menu_order":0,"comment_status":"closed","ping_status":"closed","template":"elementor_header_footer","meta":{"slim_seo":{"title":"Ruta MTB Islantilla - El Rompido | Islantilla","description":"Percurso de mountain bike que sai de Islantilla e nos leva por estradas rurais pr\u00f3ximas a El Terr\u00f3n, Lepe, Cartaya e El Rompido. Desfrutaremos das vistas da foz do rio Piedras de ambas as margens do rio, em El Terr\u00f3n e El Rompido, depois de percorrermos densos caminhos de pinhais."},"footnotes":""},"class_list":["post-1855","page","type-page","status-publish","hentry"],"_links":{"self":[{"href":"https:\/\/www.islantilla.es\/pt\/wp-json\/wp\/v2\/pages\/1855","targetHints":{"allow":["GET"]}}],"collection":[{"href":"https:\/\/www.islantilla.es\/pt\/wp-json\/wp\/v2\/pages"}],"about":[{"href":"https:\/\/www.islantilla.es\/pt\/wp-json\/wp\/v2\/types\/page"}],"author":[{"embeddable":true,"href":"https:\/\/www.islantilla.es\/pt\/wp-json\/wp\/v2\/users\/1"}],"replies":[{"embeddable":true,"href":"https:\/\/www.islantilla.es\/pt\/wp-json\/wp\/v2\/comments?post=1855"}],"version-history":[{"count":22,"href":"https:\/\/www.islantilla.es\/pt\/wp-json\/wp\/v2\/pages\/1855\/revisions"}],"predecessor-version":[{"id":7179,"href":"https:\/\/www.islantilla.es\/pt\/wp-json\/wp\/v2\/pages\/1855\/revisions\/7179"}],"wp:attachment":[{"href":"https:\/\/www.islantilla.es\/pt\/wp-json\/wp\/v2\/media?parent=1855"}],"curies":[{"name":"wp","href":"https:\/\/api.w.org\/{rel}","templated":true}]}}