{"id":6134,"date":"2025-09-10T13:30:27","date_gmt":"2025-09-10T11:30:27","guid":{"rendered":"https:\/\/www.islantilla.es\/?page_id=6134"},"modified":"2025-09-10T13:31:18","modified_gmt":"2025-09-10T11:31:18","slug":"pantaleon-y-las-visitadoras-mario-vargas-llosa","status":"publish","type":"page","link":"https:\/\/www.islantilla.es\/nl\/pantaleon-y-las-visitadoras-mario-vargas-llosa\/","title":{"rendered":"Pantale\u00f3n y las visitadoras, Mario Vargas Llosa"},"content":{"rendered":"<div data-elementor-type=\"wp-page\" data-elementor-id=\"6134\" class=\"elementor elementor-6134\" data-elementor-post-type=\"page\">\n\t\t\t\t<div class=\"elementor-element elementor-element-87be04b e-con-full e-flex e-con e-parent\" data-id=\"87be04b\" data-element_type=\"container\" data-e-type=\"container\">\n\t\t<div class=\"elementor-element elementor-element-85b133a e-con-full e-flex e-con e-child\" data-id=\"85b133a\" data-element_type=\"container\" data-e-type=\"container\" data-settings=\"{&quot;background_background&quot;:&quot;classic&quot;}\">\n\t\t\t\t<\/div>\n\t\t<div class=\"elementor-element elementor-element-6e18fed e-con-full e-flex e-con e-child\" data-id=\"6e18fed\" data-element_type=\"container\" data-e-type=\"container\">\n\t\t\t\t<div class=\"elementor-element elementor-element-6d454f0 elementor-widget elementor-widget-heading\" data-id=\"6d454f0\" data-element_type=\"widget\" data-e-type=\"widget\" data-widget_type=\"heading.default\">\n\t\t\t\t\t<h2 class=\"elementor-heading-title elementor-size-default\">Pantale\u00f3n en de bezoekers,<\/h2>\t\t\t\t<\/div>\n\t\t\t\t<div class=\"elementor-element elementor-element-65e57ec elementor-widget elementor-widget-heading\" data-id=\"65e57ec\" data-element_type=\"widget\" data-e-type=\"widget\" data-widget_type=\"heading.default\">\n\t\t\t\t\t<h2 class=\"elementor-heading-title elementor-size-default\">Mario Vargas Llosa<\/h2>\t\t\t\t<\/div>\n\t\t\t\t<div class=\"elementor-element elementor-element-94e1013 elementor-widget elementor-widget-spacer\" data-id=\"94e1013\" data-element_type=\"widget\" data-e-type=\"widget\" data-widget_type=\"spacer.default\">\n\t\t\t\t\t\t\t<div class=\"elementor-spacer\">\n\t\t\t<div class=\"elementor-spacer-inner\"><\/div>\n\t\t<\/div>\n\t\t\t\t\t\t<\/div>\n\t\t\t\t<div class=\"elementor-element elementor-element-1cc809d elementor-widget elementor-widget-text-editor\" data-id=\"1cc809d\" data-element_type=\"widget\" data-e-type=\"widget\" data-widget_type=\"text-editor.default\">\n\t\t\t\t\t\t\t\t\t<p>De Peruaanse schrijver Mario Vargas Llosa, winnaar van de Prins van Asturi\u00eb Prijs voor Literatuur in 1986, de Cervantes Prijs in 1993 en de Nobelprijs voor Literatuur in 2010, verwierf lovende kritieken van internationale critici en publiek met zijn romans en essays. Samen met onder anderen Julio Cortazar en Gabriel Garc\u00eda M\u00e1rquez ontketende hij de meest productieve literaire beweging in Latijns-Amerika, bekend als de Boom. In 1973 publiceerde hij de satirische roman Pantale\u00f3n y las Visitadoras (Pantaleon en de bezoekers), die zich afspeelt in het Peruaanse Amazonegebied. De roman behandelt universele thema&#039;s die in zijn werk terugkeren, zoals macht, corruptie, moraal en seksualiteit, ditmaal behandeld in een humoristische toon die een bijtende kritiek op de toenmalige maatschappij en uiteindelijk een meesterlijke reflectie op de menselijke natuur weergeeft.<\/p>\t\t\t\t\t\t\t\t<\/div>\n\t\t\t\t<\/div>\n\t\t\t\t<\/div>\n\t\t\t\t<\/div>","protected":false},"excerpt":{"rendered":"<p>Pantale\u00f3n y las visitadoras, Mario Vargas Llosa Premio Pr\u00edncipe de Asturias de las Letras en 1986, Premio Cervantes en 1993 y Premio Nobel de Literatura en 2010; el escritor peruano Mario Vargas Llosa conquist\u00f3 en sus novelas y ensayos el favor del p\u00fablico y de la cr\u00edtica internacionales. Junto a Julio Cortazar o Gabriel Garc\u00eda [&hellip;]<\/p>\n","protected":false},"author":12,"featured_media":0,"parent":0,"menu_order":0,"comment_status":"closed","ping_status":"closed","template":"","meta":{"slim_seo":{"title":"Pantale\u00f3n y las visitadoras, Mario Vargas Llosa - Islantilla","description":"Pantale\u00f3n y las visitadoras, Mario Vargas Llosa Premio Pr\u00edncipe de Asturias de las Letras en 1986, Premio Cervantes en 1993 y Premio Nobel de Literatura en 2010"},"footnotes":""},"class_list":["post-6134","page","type-page","status-publish","hentry"],"_links":{"self":[{"href":"https:\/\/www.islantilla.es\/nl\/wp-json\/wp\/v2\/pages\/6134","targetHints":{"allow":["GET"]}}],"collection":[{"href":"https:\/\/www.islantilla.es\/nl\/wp-json\/wp\/v2\/pages"}],"about":[{"href":"https:\/\/www.islantilla.es\/nl\/wp-json\/wp\/v2\/types\/page"}],"author":[{"embeddable":true,"href":"https:\/\/www.islantilla.es\/nl\/wp-json\/wp\/v2\/users\/12"}],"replies":[{"embeddable":true,"href":"https:\/\/www.islantilla.es\/nl\/wp-json\/wp\/v2\/comments?post=6134"}],"version-history":[{"count":4,"href":"https:\/\/www.islantilla.es\/nl\/wp-json\/wp\/v2\/pages\/6134\/revisions"}],"predecessor-version":[{"id":6138,"href":"https:\/\/www.islantilla.es\/nl\/wp-json\/wp\/v2\/pages\/6134\/revisions\/6138"}],"wp:attachment":[{"href":"https:\/\/www.islantilla.es\/nl\/wp-json\/wp\/v2\/media?parent=6134"}],"curies":[{"name":"wp","href":"https:\/\/api.w.org\/{rel}","templated":true}]}}