{"id":6110,"date":"2025-09-10T13:25:29","date_gmt":"2025-09-10T11:25:29","guid":{"rendered":"https:\/\/www.islantilla.es\/?page_id=6110"},"modified":"2025-09-10T13:27:09","modified_gmt":"2025-09-10T11:27:09","slug":"la-esfera-ramon-j-sender","status":"publish","type":"page","link":"https:\/\/www.islantilla.es\/nl\/la-esfera-ramon-j-sender\/","title":{"rendered":"La Esfera, Ram\u00f3n J. Sender"},"content":{"rendered":"<div data-elementor-type=\"wp-page\" data-elementor-id=\"6110\" class=\"elementor elementor-6110\" data-elementor-post-type=\"page\">\n\t\t\t\t<div class=\"elementor-element elementor-element-3882d44 e-con-full e-flex e-con e-parent\" data-id=\"3882d44\" data-element_type=\"container\" data-e-type=\"container\">\n\t\t<div class=\"elementor-element elementor-element-19a277b e-con-full e-flex e-con e-child\" data-id=\"19a277b\" data-element_type=\"container\" data-e-type=\"container\" data-settings=\"{&quot;background_background&quot;:&quot;classic&quot;}\">\n\t\t\t\t<\/div>\n\t\t<div class=\"elementor-element elementor-element-40eee4c e-con-full e-flex e-con e-child\" data-id=\"40eee4c\" data-element_type=\"container\" data-e-type=\"container\">\n\t\t\t\t<div class=\"elementor-element elementor-element-21f18cf elementor-widget elementor-widget-heading\" data-id=\"21f18cf\" data-element_type=\"widget\" data-e-type=\"widget\" data-widget_type=\"heading.default\">\n\t\t\t\t\t<h2 class=\"elementor-heading-title elementor-size-default\">De Sfeer, <\/h2>\t\t\t\t<\/div>\n\t\t\t\t<div class=\"elementor-element elementor-element-193f60f elementor-widget elementor-widget-heading\" data-id=\"193f60f\" data-element_type=\"widget\" data-e-type=\"widget\" data-widget_type=\"heading.default\">\n\t\t\t\t\t<h2 class=\"elementor-heading-title elementor-size-default\">Ram\u00f3n J. Sender<\/h2>\t\t\t\t<\/div>\n\t\t\t\t<div class=\"elementor-element elementor-element-bc794f0 elementor-widget elementor-widget-spacer\" data-id=\"bc794f0\" data-element_type=\"widget\" data-e-type=\"widget\" data-widget_type=\"spacer.default\">\n\t\t\t\t\t\t\t<div class=\"elementor-spacer\">\n\t\t\t<div class=\"elementor-spacer-inner\"><\/div>\n\t\t<\/div>\n\t\t\t\t\t\t<\/div>\n\t\t\t\t<div class=\"elementor-element elementor-element-d8a18ef elementor-widget elementor-widget-text-editor\" data-id=\"d8a18ef\" data-element_type=\"widget\" data-e-type=\"widget\" data-widget_type=\"text-editor.default\">\n\t\t\t\t\t\t\t\t\t<p>Winnaar van de Nationale Literatuurprijs in 1935. Tussen 1936 en 1939 vocht hij aan de zijde van de Republikeinen en aan het einde van de Burgeroorlog ging hij in ballingschap, eerst naar Mexico en later naar de Verenigde Staten, waar hij werkte als hoogleraar literatuurwetenschap aan verschillende universiteiten.<\/p><p>De Sfeer, een roman ergens tussen het lyrische en het filosofische, is een boek dat in de loop der jaren voortdurend evolueerde en werd geschreven en herschreven als een compendium van existentialistische beschouwingen. Gepubliceerd in 1939 in Mexico, in 1947 in Buenos Aires en, in een derde en laatste druk, in 1969 in Madrid, maakt de auteur van de gelegenheid gebruik om zijn lezers aan te spreken met een notitie op de eerste pagina waarin hij, in reactie op de speculaties die zijn interpretatie had opgeroepen, stelt dat hij de intenties van de roman liever niet verduidelijkt en het beter acht om &quot;(deze) in de semi-verborgenheid van po\u00ebtische vormen te laten.&quot;<\/p><p>Degenen die het werk van de Aragonese auteur grondig hebben bestudeerd, bevestigen dat dit zijn meest ambitieuze boek is, maar paradoxaal genoeg ook zijn minst bekende.<\/p>\t\t\t\t\t\t\t\t<\/div>\n\t\t\t\t<\/div>\n\t\t\t\t<\/div>\n\t\t\t\t<\/div>","protected":false},"excerpt":{"rendered":"<p>La Esfera, Ram\u00f3n J. Sender Premio Nacional de Literatura en 1935. Entre 1936 y 1939 luch\u00f3 en el bando republicano y, al t\u00e9rmino de la Guerra Civil, se exili\u00f3, primero en M\u00e9xico y, m\u00e1s tarde, en Estados Unidos, donde ejerci\u00f3 como profesor de literatura en varias universidades. La esfera, novela entre lo l\u00edrico y lo [&hellip;]<\/p>\n","protected":false},"author":12,"featured_media":0,"parent":0,"menu_order":0,"comment_status":"closed","ping_status":"closed","template":"","meta":{"slim_seo":{"title":"La Esfera, Ram\u00f3n J. Sender - Islantilla","description":"La Esfera, Ram\u00f3n J. Sender Premio Nacional de Literatura en 1935. Entre 1936 y 1939 luch\u00f3 en el bando republicano y, al t\u00e9rmino de la Guerra Civil, se exili\u00f3, p"},"footnotes":""},"class_list":["post-6110","page","type-page","status-publish","hentry"],"_links":{"self":[{"href":"https:\/\/www.islantilla.es\/nl\/wp-json\/wp\/v2\/pages\/6110","targetHints":{"allow":["GET"]}}],"collection":[{"href":"https:\/\/www.islantilla.es\/nl\/wp-json\/wp\/v2\/pages"}],"about":[{"href":"https:\/\/www.islantilla.es\/nl\/wp-json\/wp\/v2\/types\/page"}],"author":[{"embeddable":true,"href":"https:\/\/www.islantilla.es\/nl\/wp-json\/wp\/v2\/users\/12"}],"replies":[{"embeddable":true,"href":"https:\/\/www.islantilla.es\/nl\/wp-json\/wp\/v2\/comments?post=6110"}],"version-history":[{"count":4,"href":"https:\/\/www.islantilla.es\/nl\/wp-json\/wp\/v2\/pages\/6110\/revisions"}],"predecessor-version":[{"id":6114,"href":"https:\/\/www.islantilla.es\/nl\/wp-json\/wp\/v2\/pages\/6110\/revisions\/6114"}],"wp:attachment":[{"href":"https:\/\/www.islantilla.es\/nl\/wp-json\/wp\/v2\/media?parent=6110"}],"curies":[{"name":"wp","href":"https:\/\/api.w.org\/{rel}","templated":true}]}}