{"id":3443,"date":"2024-10-29T12:15:01","date_gmt":"2024-10-29T11:15:01","guid":{"rendered":"https:\/\/www.islantilla.es\/?page_id=3443"},"modified":"2024-10-31T13:18:55","modified_gmt":"2024-10-31T12:18:55","slug":"retratos-gertrude-stein","status":"publish","type":"page","link":"https:\/\/www.islantilla.es\/nl\/retratos-gertrude-stein\/","title":{"rendered":"Portretten, Gertrude Stein"},"content":{"rendered":"<div data-elementor-type=\"wp-page\" data-elementor-id=\"3443\" class=\"elementor elementor-3443\" data-elementor-post-type=\"page\">\n\t\t\t\t<div class=\"elementor-element elementor-element-aff83d4 e-con-full e-flex e-con e-parent\" data-id=\"aff83d4\" data-element_type=\"container\" data-e-type=\"container\">\n\t\t<div class=\"elementor-element elementor-element-ceb21a9 e-con-full e-flex e-con e-child\" data-id=\"ceb21a9\" data-element_type=\"container\" data-e-type=\"container\" data-settings=\"{&quot;background_background&quot;:&quot;classic&quot;}\">\n\t\t\t\t<\/div>\n\t\t<div class=\"elementor-element elementor-element-d134896 e-con-full e-flex e-con e-child\" data-id=\"d134896\" data-element_type=\"container\" data-e-type=\"container\">\n\t\t\t\t<div class=\"elementor-element elementor-element-5900628 elementor-widget elementor-widget-heading\" data-id=\"5900628\" data-element_type=\"widget\" data-e-type=\"widget\" data-widget_type=\"heading.default\">\n\t\t\t\t\t<h2 class=\"elementor-heading-title elementor-size-default\">portretten,<\/h2>\t\t\t\t<\/div>\n\t\t\t\t<div class=\"elementor-element elementor-element-97bde0a elementor-widget elementor-widget-heading\" data-id=\"97bde0a\" data-element_type=\"widget\" data-e-type=\"widget\" data-widget_type=\"heading.default\">\n\t\t\t\t\t<h2 class=\"elementor-heading-title elementor-size-default\">Gertrude Stein<\/h2>\t\t\t\t<\/div>\n\t\t\t\t<div class=\"elementor-element elementor-element-22e4ce4 elementor-widget elementor-widget-spacer\" data-id=\"22e4ce4\" data-element_type=\"widget\" data-e-type=\"widget\" data-widget_type=\"spacer.default\">\n\t\t\t\t\t\t\t<div class=\"elementor-spacer\">\n\t\t\t<div class=\"elementor-spacer-inner\"><\/div>\n\t\t<\/div>\n\t\t\t\t\t\t<\/div>\n\t\t\t\t<div class=\"elementor-element elementor-element-3b007b6 elementor-widget elementor-widget-text-editor\" data-id=\"3b007b6\" data-element_type=\"widget\" data-e-type=\"widget\" data-widget_type=\"text-editor.default\">\n\t\t\t\t\t\t\t\t\t<p>De Noord-Amerikaanse schrijfster en gedurfde verzamelaar van avant-gardekunst sinds ze zich in 1903 in Parijs vestigde. In haar salon aan de Rue de Fleurus 27 kwam het beste van de Parijse bohemien van het moment elke zaterdag bijeen; van Jean Coctau tot Henry Matisse, via Picasso, Fitzgerald en Hemingway.<\/p><p>Beetje bij beetje werden de muren van de nu bekend als de Stein Room bedekt met een Gauguin, een Picasso, een Delacroix, een Matisse, nog een Picasso, een Cezanne... Nog een Picasso! En Gertrude bewonderde vooral het werk van de man uit Malaga, omdat hij een van de eersten was die de grote waarde inzag die zijn eerste schilderijen al bezaten. Ook met de beroemde schilder uit Malaga bouwde ze een intense vriendschap op, waarbij ze allebei portretten van elkaar maakten, hij met schilderijen en zij met woorden. Het is de kiem van Portraits, een volledig experimenteel werk, dat alom wordt bekritiseerd omdat het ondoordringbaar is. De repetitieve stijl ervan verdraait de betekenis en vervormt de taal, waardoor nieuwe expressieve mogelijkheden worden onderzocht. De auteur zelf verklaarde dat ze een compositietechniek van abstracte aard gebruikte, waarbij ze in de literatuur de correlatie zocht met het picturale kubisme. Op de pagina&#039;s schilderde Gertrude onder meer Matisse, Picasso, Braque en Henry James met kubistische woorden.<\/p>\t\t\t\t\t\t\t\t<\/div>\n\t\t\t\t<\/div>\n\t\t\t\t<\/div>\n\t\t\t\t<\/div>","protected":false},"excerpt":{"rendered":"<p>Retratos, Gertrude Stein Escritora norteamericana y audaz coleccionista de arte de vanguardia desde que se instal\u00f3 en Par\u00eds en 1903. En su sal\u00f3n del 27 Rue de Fleurus se reun\u00eda, cada s\u00e1bado, lo m\u00e1s granado de la bohemia parisina del momento; desde Jean Coctau a Henry Matisse, pasando por Picasso, Fitzgerald o Hemingway. Poco a [&hellip;]<\/p>\n","protected":false},"author":1,"featured_media":0,"parent":0,"menu_order":0,"comment_status":"closed","ping_status":"closed","template":"","meta":{"slim_seo":{"title":"Retratos, Gertrude Stein | Islantilla","description":"Escritora norteamericana y audaz coleccionista de arte de vanguardia desde que se instal\u00f3 en Par\u00eds en 1903."},"footnotes":""},"class_list":["post-3443","page","type-page","status-publish","hentry"],"_links":{"self":[{"href":"https:\/\/www.islantilla.es\/nl\/wp-json\/wp\/v2\/pages\/3443","targetHints":{"allow":["GET"]}}],"collection":[{"href":"https:\/\/www.islantilla.es\/nl\/wp-json\/wp\/v2\/pages"}],"about":[{"href":"https:\/\/www.islantilla.es\/nl\/wp-json\/wp\/v2\/types\/page"}],"author":[{"embeddable":true,"href":"https:\/\/www.islantilla.es\/nl\/wp-json\/wp\/v2\/users\/1"}],"replies":[{"embeddable":true,"href":"https:\/\/www.islantilla.es\/nl\/wp-json\/wp\/v2\/comments?post=3443"}],"version-history":[{"count":10,"href":"https:\/\/www.islantilla.es\/nl\/wp-json\/wp\/v2\/pages\/3443\/revisions"}],"predecessor-version":[{"id":3543,"href":"https:\/\/www.islantilla.es\/nl\/wp-json\/wp\/v2\/pages\/3443\/revisions\/3543"}],"wp:attachment":[{"href":"https:\/\/www.islantilla.es\/nl\/wp-json\/wp\/v2\/media?parent=3443"}],"curies":[{"name":"wp","href":"https:\/\/api.w.org\/{rel}","templated":true}]}}