{"id":1887,"date":"2024-03-26T17:34:06","date_gmt":"2024-03-26T16:34:06","guid":{"rendered":"https:\/\/www.islantilla.es\/?page_id=1887"},"modified":"2025-03-26T13:42:04","modified_gmt":"2025-03-26T12:42:04","slug":"formulario-empresas","status":"publish","type":"page","link":"https:\/\/www.islantilla.es\/nl\/formulario-empresas\/","title":{"rendered":"Bedrijfsformulier"},"content":{"rendered":"\t\t<div data-elementor-type=\"wp-page\" data-elementor-id=\"1887\" class=\"elementor elementor-1887\" data-elementor-post-type=\"page\">\n\t\t\t\t<div class=\"elementor-element elementor-element-3345551 e-flex e-con-boxed e-con e-parent\" data-id=\"3345551\" data-element_type=\"container\" data-e-type=\"container\" data-settings=\"{&quot;background_background&quot;:&quot;classic&quot;,&quot;animation_mobile&quot;:&quot;fadeIn&quot;}\">\n\t\t\t\t\t<div class=\"e-con-inner\">\n\t\t\t\t<div class=\"elementor-element elementor-element-38eaac8 elementor-widget__width-inherit elementor-widget elementor-widget-heading\" data-id=\"38eaac8\" data-element_type=\"widget\" data-e-type=\"widget\" data-widget_type=\"heading.default\">\n\t\t\t\t\t<h2 class=\"elementor-heading-title elementor-size-default\">FORMULARIO DE EMPRESAS<\/h2>\t\t\t\t<\/div>\n\t\t\t\t\t<\/div>\n\t\t\t\t<\/div>\n\t\t<div class=\"elementor-element elementor-element-d0abcc9 e-flex e-con-boxed e-con e-parent\" data-id=\"d0abcc9\" data-element_type=\"container\" data-e-type=\"container\" data-settings=\"{&quot;animation_mobile&quot;:&quot;fadeInUp&quot;}\">\n\t\t\t\t\t<div class=\"e-con-inner\">\n\t\t\t\t<div class=\"elementor-element elementor-element-e261ddc elementor-button-align-stretch elementor-widget elementor-widget-form\" data-id=\"e261ddc\" data-element_type=\"widget\" data-e-type=\"widget\" data-settings=\"{&quot;step_next_label&quot;:&quot;Siguiente&quot;,&quot;step_previous_label&quot;:&quot;Anterior&quot;,&quot;button_width&quot;:&quot;100&quot;,&quot;step_type&quot;:&quot;number_text&quot;,&quot;step_icon_shape&quot;:&quot;circle&quot;}\" data-widget_type=\"form.default\">\n\t\t\t\t\t\t\t<form class=\"elementor-form\" method=\"post\" name=\"Formulario Empresas\" aria-label=\"Formulario Empresas\">\n\t\t\t<input type=\"hidden\" name=\"post_id\" value=\"1887\"\/>\n\t\t\t<input type=\"hidden\" name=\"form_id\" value=\"e261ddc\"\/>\n\t\t\t<input type=\"hidden\" name=\"referer_title\" value=\"Formulario de Empresas\" \/>\n\n\t\t\t\t\t\t\t<input type=\"hidden\" name=\"queried_id\" value=\"1887\"\/>\n\t\t\t\n\t\t\t<div class=\"elementor-form-fields-wrapper elementor-labels-above\">\n\t\t\t\t\t\t\t\t<div class=\"elementor-field-type-text elementor-field-group elementor-column elementor-field-group-name elementor-col-33 elementor-field-required\">\n\t\t\t\t\t\t\t\t\t\t\t\t<label for=\"form-field-name\" class=\"elementor-field-label\">\n\t\t\t\t\t\t\t\tNombre empresa\t\t\t\t\t\t\t<\/label>\n\t\t\t\t\t\t\t\t\t\t\t\t\t\t<input size=\"1\" type=\"text\" name=\"form_fields[name]\" id=\"form-field-name\" class=\"elementor-field elementor-size-sm  elementor-field-textual\" placeholder=\"Nombre empresa\" required=\"required\">\n\t\t\t\t\t\t\t\t\t\t\t<\/div>\n\t\t\t\t\t\t\t\t<div class=\"elementor-field-type-text elementor-field-group elementor-column elementor-field-group-field_cef13f9 elementor-col-33 elementor-field-required\">\n\t\t\t\t\t\t\t\t\t\t\t\t<label for=\"form-field-field_cef13f9\" class=\"elementor-field-label\">\n\t\t\t\t\t\t\t\tPersona de contacto\t\t\t\t\t\t\t<\/label>\n\t\t\t\t\t\t\t\t\t\t\t\t\t\t<input size=\"1\" type=\"text\" name=\"form_fields[field_cef13f9]\" id=\"form-field-field_cef13f9\" class=\"elementor-field elementor-size-sm  elementor-field-textual\" placeholder=\"Persona de contacto\" required=\"required\">\n\t\t\t\t\t\t\t\t\t\t\t<\/div>\n\t\t\t\t\t\t\t\t<div class=\"elementor-field-type-tel elementor-field-group elementor-column elementor-field-group-field_4858a28 elementor-col-33 elementor-field-required\">\n\t\t\t\t\t\t\t\t\t\t\t\t<label for=\"form-field-field_4858a28\" class=\"elementor-field-label\">\n\t\t\t\t\t\t\t\tTel\u00e9fono\t\t\t\t\t\t\t<\/label>\n\t\t\t\t\t\t\t\t<input size=\"1\" type=\"tel\" name=\"form_fields[field_4858a28]\" id=\"form-field-field_4858a28\" class=\"elementor-field elementor-size-sm  elementor-field-textual\" placeholder=\"Tel\u00e9fono\" required=\"required\" pattern=\"[0-9()#&amp;+*-=.]+\" title=\"Solo se aceptan n\u00fameros y caracteres de tel\u00e9fono (#,-,*,etc).\">\n\n\t\t\t\t\t\t<\/div>\n\t\t\t\t\t\t\t\t<div class=\"elementor-field-type-email elementor-field-group elementor-column elementor-field-group-email elementor-col-33 elementor-field-required\">\n\t\t\t\t\t\t\t\t\t\t\t\t<label for=\"form-field-email\" class=\"elementor-field-label\">\n\t\t\t\t\t\t\t\tCorreo electr\u00f3nico\t\t\t\t\t\t\t<\/label>\n\t\t\t\t\t\t\t\t\t\t\t\t\t\t<input size=\"1\" type=\"email\" name=\"form_fields[email]\" id=\"form-field-email\" class=\"elementor-field elementor-size-sm  elementor-field-textual\" placeholder=\"Correo electr\u00f3nico\" required=\"required\">\n\t\t\t\t\t\t\t\t\t\t\t<\/div>\n\t\t\t\t\t\t\t\t<div class=\"elementor-field-type-text elementor-field-group elementor-column elementor-field-group-field_0839033 elementor-col-33 elementor-field-required\">\n\t\t\t\t\t\t\t\t\t\t\t\t<label for=\"form-field-field_0839033\" class=\"elementor-field-label\">\n\t\t\t\t\t\t\t\tActividad\t\t\t\t\t\t\t<\/label>\n\t\t\t\t\t\t\t\t\t\t\t\t\t\t<input size=\"1\" type=\"text\" name=\"form_fields[field_0839033]\" id=\"form-field-field_0839033\" class=\"elementor-field elementor-size-sm  elementor-field-textual\" placeholder=\"Actividad\" required=\"required\">\n\t\t\t\t\t\t\t\t\t\t\t<\/div>\n\t\t\t\t\t\t\t\t<div class=\"elementor-field-type-textarea elementor-field-group elementor-column elementor-field-group-field_fd6cf06 elementor-col-33 elementor-field-required\">\n\t\t\t\t\t\t\t\t\t\t\t\t<label for=\"form-field-field_fd6cf06\" class=\"elementor-field-label\">\n\t\t\t\t\t\t\t\tUbicaci\u00f3n\t\t\t\t\t\t\t<\/label>\n\t\t\t\t\t\t<textarea class=\"elementor-field-textual elementor-field  elementor-size-sm\" name=\"form_fields[field_fd6cf06]\" id=\"form-field-field_fd6cf06\" rows=\"1\" placeholder=\"Ubicaci\u00f3n\" required=\"required\"><\/textarea>\t\t\t\t<\/div>\n\t\t\t\t\t\t\t\t<div class=\"elementor-field-type-acceptance elementor-field-group elementor-column elementor-field-group-field_f342d11 elementor-col-100 elementor-field-required\">\n\t\t\t\t\t\t\t<div class=\"elementor-field-subgroup\">\n\t\t\t<span class=\"elementor-field-option\">\n\t\t\t\t<input type=\"checkbox\" name=\"form_fields[field_f342d11]\" id=\"form-field-field_f342d11\" class=\"elementor-field elementor-size-sm  elementor-acceptance-field\" required=\"required\">\n\t\t\t\t<label for=\"form-field-field_f342d11\">Acepto los t\u00e9rminos y condiciones <a href=\"https:\/\/www.islantilla.es\/politica-privacidad\/\"><u>Ver terminos de uso<\/u><\/a> <\/label>\t\t\t<\/span>\n\t\t<\/div>\n\t\t\t\t\t\t<\/div>\n\t\t\t\t\t\t\t\t<div class=\"elementor-field-type-recaptcha_v3 elementor-field-group elementor-column elementor-field-group-field_d908883 elementor-col-100 recaptcha_v3-inline\">\n\t\t\t\t\t<div class=\"elementor-field\" id=\"form-field-field_d908883\"><div class=\"elementor-g-recaptcha\" data-sitekey=\"6Let6D8qAAAAAOpuX804ZIS37wpV3XREryW52Klh\" data-type=\"v3\" data-action=\"Form\" data-badge=\"inline\" data-size=\"invisible\"><\/div><\/div>\t\t\t\t<\/div>\n\t\t\t\t\t\t\t\t<div class=\"elementor-field-group elementor-column elementor-field-type-submit elementor-col-100 e-form__buttons\">\n\t\t\t\t\t<button class=\"elementor-button elementor-size-sm\" type=\"submit\">\n\t\t\t\t\t\t<span class=\"elementor-button-content-wrapper\">\n\t\t\t\t\t\t\t\t\t\t\t\t\t\t\t\t\t\t\t\t\t\t<span class=\"elementor-button-text\">Enviar<\/span>\n\t\t\t\t\t\t\t\t\t\t\t\t\t<\/span>\n\t\t\t\t\t<\/button>\n\t\t\t\t<\/div>\n\t\t\t<\/div>\n\t\t<\/form>\n\t\t\t\t\t\t<\/div>\n\t\t\t\t\t<\/div>\n\t\t\t\t<\/div>\n\t\t<div class=\"elementor-element elementor-element-3a4baef e-flex e-con-boxed e-con e-parent\" data-id=\"3a4baef\" data-element_type=\"container\" data-e-type=\"container\">\n\t\t\t\t\t<div class=\"e-con-inner\">\n\t\t\t\t<div class=\"elementor-element elementor-element-3e19616 elementor-widget elementor-widget-text-editor\" data-id=\"3e19616\" data-element_type=\"widget\" data-e-type=\"widget\" data-widget_type=\"text-editor.default\">\n\t\t\t\t\t\t\t\t\t<p>En cumplimiento de la Ley de Servicios de la Sociedad de la Informaci\u00f3n y de Comercio Electr\u00f3nico (LSSICE) y de la Ley Org\u00e1nica\u00a0 3\/2018 de Protecci\u00f3n de Datos Personales Y Garant\u00eda de los Derechos Digitales, as\u00ed como del Real Decreto 1720\/2007 por los cuales se regulan las medidas de seguridad de los ficheros automatizados, le notificamos la posibilidad de cancelaci\u00f3n o modificaci\u00f3n de sus datos. La \u00fanica finalidad del fichero es la propia prestaci\u00f3n del servicio e informarle de las diversas actividades o noticias importantes de EL \u00c1REA DE TURISMO, MEDIO AMBIENTE, CULTURA Y DEPORTES DE LA MANCOMUNIDAD DE ISLANTILLA Y DE NUESTRO DESTINO TUR\u00cdSTICO , con el \u00fanico fin de poder ofrecerles informaci\u00f3n de su inter\u00e9s. Si lo desea, Vd., podr\u00e1 ejercitar los derechos de acceso, rectificaci\u00f3n, oposici\u00f3n y\/o cancelaci\u00f3n de los datos, seg\u00fan lo establecido en la legislaci\u00f3n vigente.<\/p>\t\t\t\t\t\t\t\t<\/div>\n\t\t\t\t\t<\/div>\n\t\t\t\t<\/div>\n\t\t\t\t<\/div>\n\t\t","protected":false},"excerpt":{"rendered":"<p>FORMULARIO DE EMPRESAS En cumplimiento de la Ley de Servicios de la Sociedad de la Informaci\u00f3n y de Comercio Electr\u00f3nico (LSSICE) y de la Ley Org\u00e1nica\u00a0 3\/2018 de Protecci\u00f3n de Datos Personales Y Garant\u00eda de los Derechos Digitales, as\u00ed como del Real Decreto 1720\/2007 por los cuales se regulan las medidas de seguridad de los [&hellip;]<\/p>\n","protected":false},"author":1,"featured_media":0,"parent":0,"menu_order":0,"comment_status":"closed","ping_status":"closed","template":"elementor_header_footer","meta":{"slim_seo":{"title":"Formulario de Empresas | Islantilla","description":"FORMULARIO DE EMPRESAS En cumplimiento de la Ley de Servicios de la Sociedad de la Informaci\u00f3n y de Comercio Electr\u00f3nico (LSSICE) y de la Ley Org\u00e1nica\u00a0 3\/2018 d"},"footnotes":""},"class_list":["post-1887","page","type-page","status-publish","hentry"],"_links":{"self":[{"href":"https:\/\/www.islantilla.es\/nl\/wp-json\/wp\/v2\/pages\/1887","targetHints":{"allow":["GET"]}}],"collection":[{"href":"https:\/\/www.islantilla.es\/nl\/wp-json\/wp\/v2\/pages"}],"about":[{"href":"https:\/\/www.islantilla.es\/nl\/wp-json\/wp\/v2\/types\/page"}],"author":[{"embeddable":true,"href":"https:\/\/www.islantilla.es\/nl\/wp-json\/wp\/v2\/users\/1"}],"replies":[{"embeddable":true,"href":"https:\/\/www.islantilla.es\/nl\/wp-json\/wp\/v2\/comments?post=1887"}],"version-history":[{"count":14,"href":"https:\/\/www.islantilla.es\/nl\/wp-json\/wp\/v2\/pages\/1887\/revisions"}],"predecessor-version":[{"id":4697,"href":"https:\/\/www.islantilla.es\/nl\/wp-json\/wp\/v2\/pages\/1887\/revisions\/4697"}],"wp:attachment":[{"href":"https:\/\/www.islantilla.es\/nl\/wp-json\/wp\/v2\/media?parent=1887"}],"curies":[{"name":"wp","href":"https:\/\/api.w.org\/{rel}","templated":true}]}}