{"id":1882,"date":"2024-03-26T17:26:48","date_gmt":"2024-03-26T16:26:48","guid":{"rendered":"https:\/\/www.islantilla.es\/?page_id=1882"},"modified":"2025-03-26T13:39:31","modified_gmt":"2025-03-26T12:39:31","slug":"quejas-sugerencias","status":"publish","type":"page","link":"https:\/\/www.islantilla.es\/nl\/quejas-sugerencias\/","title":{"rendered":"Klachten en suggesties"},"content":{"rendered":"\t\t<div data-elementor-type=\"wp-page\" data-elementor-id=\"1882\" class=\"elementor elementor-1882\" data-elementor-post-type=\"page\">\n\t\t\t\t<div class=\"elementor-element elementor-element-3345551 e-flex e-con-boxed e-con e-parent\" data-id=\"3345551\" data-element_type=\"container\" data-e-type=\"container\" data-settings=\"{&quot;background_background&quot;:&quot;classic&quot;,&quot;animation_mobile&quot;:&quot;fadeIn&quot;}\">\n\t\t\t\t\t<div class=\"e-con-inner\">\n\t\t\t\t<div class=\"elementor-element elementor-element-38eaac8 elementor-widget__width-inherit elementor-widget elementor-widget-heading\" data-id=\"38eaac8\" data-element_type=\"widget\" data-e-type=\"widget\" data-widget_type=\"heading.default\">\n\t\t\t\t\t<h2 class=\"elementor-heading-title elementor-size-default\">QUEJAS Y SUGERENCIAS<\/h2>\t\t\t\t<\/div>\n\t\t\t\t\t<\/div>\n\t\t\t\t<\/div>\n\t\t<div class=\"elementor-element elementor-element-e626a08 e-flex e-con-boxed e-con e-parent\" data-id=\"e626a08\" data-element_type=\"container\" data-e-type=\"container\">\n\t\t\t\t\t<div class=\"e-con-inner\">\n\t\t\t\t<div class=\"elementor-element elementor-element-e398535 elementor-widget elementor-widget-text-editor\" data-id=\"e398535\" data-element_type=\"widget\" data-e-type=\"widget\" data-widget_type=\"text-editor.default\">\n\t\t\t\t\t\t\t\t\t<p>El \u00e1rea de Turismo de la Mancomunidad de Islantilla podr\u00e1 recibir reclamaciones, quejas y\/o sugerencias por diferentes medios:<\/p><p>\u200b- De forma presencial a trav\u00e9s de la instancia de la Mancomunidad de Islantilla en la sede de la propia Mancomunidad sita en Avd. Islantilla s\/n en horario de atenci\u00f3n al p\u00fablico de Lunes a Viernes de 9:00 a 13:30H<\/p><p>&#8211; De forma telem\u00e1tica a trav\u00e9s de la sede electr\u00f3nica <strong><span style=\"color: #30a4bb;\">https:\/\/islantilla.sedelectronica.es\/info<\/span><\/strong> (24 horas al d\u00eda los 365 d\u00edas del a\u00f1o),<br \/>&#8211; De manera telef\u00f3nica en los n\u00fameros 959 64 60 13 \/ 959 64 60 35<br \/>&#8211; A trav\u00e9s de WhatsApp o SMS al tlf. 616 06 21 71<\/p><p>&#8211; A trav\u00e9s del correo electr\u00f3nico turismo@islantilla.es<br \/>&#8211; A trav\u00e9s de la web <strong><span style=\"color: #30a4bb;\">www.islantilla.es<\/span><\/strong><br \/>&#8211; A trav\u00e9s de las redes sociales (facebookislantilla e instagram @islantilla).<\/p><p><strong><span style=\"color: #30a4bb;\">\u200bIMPORTANTE<\/span><\/strong><\/p><p>Para tramitar la queja es <strong><span style=\"color: #30a4bb;\">necesario que el usuario facilite:<\/span><\/strong><\/p><p>&#8211; Nombre y apellido completo<\/p><p>&#8211; Direcci\u00f3n postal de su domicilio habitual<\/p><p>&#8211; N\u00ba de DNI<\/p><p>&#8211; N\u00ba de tel\u00e9fono<\/p><p>&#8211; E-mail<\/p>\t\t\t\t\t\t\t\t<\/div>\n\t\t\t\t\t<\/div>\n\t\t\t\t<\/div>\n\t\t<div class=\"elementor-element elementor-element-d0abcc9 e-flex e-con-boxed e-con e-parent\" data-id=\"d0abcc9\" data-element_type=\"container\" data-e-type=\"container\" data-settings=\"{&quot;animation_mobile&quot;:&quot;fadeInUp&quot;}\">\n\t\t\t\t\t<div class=\"e-con-inner\">\n\t\t\t\t<div class=\"elementor-element elementor-element-e261ddc elementor-button-align-stretch elementor-widget elementor-widget-form\" data-id=\"e261ddc\" data-element_type=\"widget\" data-e-type=\"widget\" data-settings=\"{&quot;step_next_label&quot;:&quot;Siguiente&quot;,&quot;step_previous_label&quot;:&quot;Anterior&quot;,&quot;button_width&quot;:&quot;100&quot;,&quot;step_type&quot;:&quot;number_text&quot;,&quot;step_icon_shape&quot;:&quot;circle&quot;}\" data-widget_type=\"form.default\">\n\t\t\t\t\t\t\t<form class=\"elementor-form\" method=\"post\" name=\"Quejas y sugerencias\" aria-label=\"Quejas y sugerencias\">\n\t\t\t<input type=\"hidden\" name=\"post_id\" value=\"1882\"\/>\n\t\t\t<input type=\"hidden\" name=\"form_id\" value=\"e261ddc\"\/>\n\t\t\t<input type=\"hidden\" name=\"referer_title\" value=\"Quejas y sugerencias\" \/>\n\n\t\t\t\t\t\t\t<input type=\"hidden\" name=\"queried_id\" value=\"1882\"\/>\n\t\t\t\n\t\t\t<div class=\"elementor-form-fields-wrapper elementor-labels-above\">\n\t\t\t\t\t\t\t\t<div class=\"elementor-field-type-text elementor-field-group elementor-column elementor-field-group-name elementor-col-33 elementor-field-required\">\n\t\t\t\t\t\t\t\t\t\t\t\t<label for=\"form-field-name\" class=\"elementor-field-label\">\n\t\t\t\t\t\t\t\tNombre y Apellidos\t\t\t\t\t\t\t<\/label>\n\t\t\t\t\t\t\t\t\t\t\t\t\t\t<input size=\"1\" type=\"text\" name=\"form_fields[name]\" id=\"form-field-name\" class=\"elementor-field elementor-size-sm  elementor-field-textual\" placeholder=\"Nombre y Apellidos\" required=\"required\">\n\t\t\t\t\t\t\t\t\t\t\t<\/div>\n\t\t\t\t\t\t\t\t<div class=\"elementor-field-type-text elementor-field-group elementor-column elementor-field-group-field_ba535f3 elementor-col-33 elementor-field-required\">\n\t\t\t\t\t\t\t\t\t\t\t\t<label for=\"form-field-field_ba535f3\" class=\"elementor-field-label\">\n\t\t\t\t\t\t\t\tDNI\t\t\t\t\t\t\t<\/label>\n\t\t\t\t\t\t\t\t\t\t\t\t\t\t<input size=\"1\" type=\"text\" name=\"form_fields[field_ba535f3]\" id=\"form-field-field_ba535f3\" class=\"elementor-field elementor-size-sm  elementor-field-textual\" placeholder=\"DNI\" required=\"required\">\n\t\t\t\t\t\t\t\t\t\t\t<\/div>\n\t\t\t\t\t\t\t\t<div class=\"elementor-field-type-tel elementor-field-group elementor-column elementor-field-group-field_4858a28 elementor-col-33 elementor-field-required\">\n\t\t\t\t\t\t\t\t\t\t\t\t<label for=\"form-field-field_4858a28\" class=\"elementor-field-label\">\n\t\t\t\t\t\t\t\tTel\u00e9fono\t\t\t\t\t\t\t<\/label>\n\t\t\t\t\t\t\t\t<input size=\"1\" type=\"tel\" name=\"form_fields[field_4858a28]\" id=\"form-field-field_4858a28\" class=\"elementor-field elementor-size-sm  elementor-field-textual\" placeholder=\"Tel\u00e9fono\" required=\"required\" pattern=\"[0-9()#&amp;+*-=.]+\" title=\"Solo se aceptan n\u00fameros y caracteres de tel\u00e9fono (#,-,*,etc).\">\n\n\t\t\t\t\t\t<\/div>\n\t\t\t\t\t\t\t\t<div class=\"elementor-field-type-email elementor-field-group elementor-column elementor-field-group-email elementor-col-30 elementor-field-required\">\n\t\t\t\t\t\t\t\t\t\t\t\t<label for=\"form-field-email\" class=\"elementor-field-label\">\n\t\t\t\t\t\t\t\tCorreo electr\u00f3nico\t\t\t\t\t\t\t<\/label>\n\t\t\t\t\t\t\t\t\t\t\t\t\t\t<input size=\"1\" type=\"email\" name=\"form_fields[email]\" id=\"form-field-email\" class=\"elementor-field elementor-size-sm  elementor-field-textual\" placeholder=\"Correo electr\u00f3nico\" required=\"required\">\n\t\t\t\t\t\t\t\t\t\t\t<\/div>\n\t\t\t\t\t\t\t\t<div class=\"elementor-field-type-textarea elementor-field-group elementor-column elementor-field-group-field_fd6cf06 elementor-col-70 elementor-field-required\">\n\t\t\t\t\t\t\t\t\t\t\t\t<label for=\"form-field-field_fd6cf06\" class=\"elementor-field-label\">\n\t\t\t\t\t\t\t\tDirecci\u00f3n postal\t\t\t\t\t\t\t<\/label>\n\t\t\t\t\t\t<textarea class=\"elementor-field-textual elementor-field  elementor-size-sm\" name=\"form_fields[field_fd6cf06]\" id=\"form-field-field_fd6cf06\" rows=\"1\" placeholder=\"Direcci\u00f3n postal\" required=\"required\"><\/textarea>\t\t\t\t<\/div>\n\t\t\t\t\t\t\t\t<div class=\"elementor-field-type-textarea elementor-field-group elementor-column elementor-field-group-message elementor-col-100 elementor-field-required\">\n\t\t\t\t\t\t\t\t\t\t\t\t<label for=\"form-field-message\" class=\"elementor-field-label\">\n\t\t\t\t\t\t\t\tEscriba su queja \/ sugerencia\t\t\t\t\t\t\t<\/label>\n\t\t\t\t\t\t<textarea class=\"elementor-field-textual elementor-field  elementor-size-sm\" name=\"form_fields[message]\" id=\"form-field-message\" rows=\"4\" placeholder=\"Escriba su queja \/ sugerencia\" required=\"required\"><\/textarea>\t\t\t\t<\/div>\n\t\t\t\t\t\t\t\t<div class=\"elementor-field-type-acceptance elementor-field-group elementor-column elementor-field-group-field_f342d11 elementor-col-100 elementor-field-required\">\n\t\t\t\t\t\t\t<div class=\"elementor-field-subgroup\">\n\t\t\t<span class=\"elementor-field-option\">\n\t\t\t\t<input type=\"checkbox\" name=\"form_fields[field_f342d11]\" id=\"form-field-field_f342d11\" class=\"elementor-field elementor-size-sm  elementor-acceptance-field\" required=\"required\">\n\t\t\t\t<label for=\"form-field-field_f342d11\">Acepto los t\u00e9rminos y condiciones <a href=\"https:\/\/www.islantilla.es\/politica-privacidad\/\"><u>Ver terminos de uso<\/u><\/a> <\/label>\t\t\t<\/span>\n\t\t<\/div>\n\t\t\t\t\t\t<\/div>\n\t\t\t\t\t\t\t\t<div class=\"elementor-field-type-recaptcha_v3 elementor-field-group elementor-column elementor-field-group-field_d908883 elementor-col-100 recaptcha_v3-inline\">\n\t\t\t\t\t<div class=\"elementor-field\" id=\"form-field-field_d908883\"><div class=\"elementor-g-recaptcha\" data-sitekey=\"6Let6D8qAAAAAOpuX804ZIS37wpV3XREryW52Klh\" data-type=\"v3\" data-action=\"Form\" data-badge=\"inline\" data-size=\"invisible\"><\/div><\/div>\t\t\t\t<\/div>\n\t\t\t\t\t\t\t\t<div class=\"elementor-field-group elementor-column elementor-field-type-submit elementor-col-100 e-form__buttons\">\n\t\t\t\t\t<button class=\"elementor-button elementor-size-sm\" type=\"submit\">\n\t\t\t\t\t\t<span class=\"elementor-button-content-wrapper\">\n\t\t\t\t\t\t\t\t\t\t\t\t\t\t\t\t\t\t\t\t\t\t<span class=\"elementor-button-text\">Enviar<\/span>\n\t\t\t\t\t\t\t\t\t\t\t\t\t<\/span>\n\t\t\t\t\t<\/button>\n\t\t\t\t<\/div>\n\t\t\t<\/div>\n\t\t<\/form>\n\t\t\t\t\t\t<\/div>\n\t\t\t\t\t<\/div>\n\t\t\t\t<\/div>\n\t\t<div class=\"elementor-element elementor-element-b55191f e-flex e-con-boxed e-con e-parent\" data-id=\"b55191f\" data-element_type=\"container\" data-e-type=\"container\">\n\t\t\t\t\t<div class=\"e-con-inner\">\n\t\t\t\t<div class=\"elementor-element elementor-element-1dfb354 elementor-widget elementor-widget-text-editor\" data-id=\"1dfb354\" data-element_type=\"widget\" data-e-type=\"widget\" data-widget_type=\"text-editor.default\">\n\t\t\t\t\t\t\t\t\t<p>En cumplimiento de la Ley de Servicios de la Sociedad de la Informaci\u00f3n y de Comercio Electr\u00f3nico (LSSICE) y de la Ley Org\u00e1nica\u00a0 3\/2018 de Protecci\u00f3n de Datos Personales Y Garant\u00eda de los Derechos Digitales, as\u00ed como del Real Decreto 1720\/2007 por los cuales se regulan las medidas de seguridad de los ficheros automatizados, le notificamos la posibilidad de cancelaci\u00f3n o modificaci\u00f3n de sus datos. La \u00fanica finalidad del fichero es la propia prestaci\u00f3n del servicio e informarle de las diversas actividades o noticias importantes de EL \u00c1REA DE TURISMO, MEDIO AMBIENTE, CULTURA Y DEPORTES DE LA MANCOMUNIDAD DE ISLANTILLA Y DE NUESTRO DESTINO TUR\u00cdSTICO , con el \u00fanico fin de poder ofrecerles informaci\u00f3n de su inter\u00e9s. Si lo desea, Vd., podr\u00e1 ejercitar los derechos de acceso, rectificaci\u00f3n, oposici\u00f3n y\/o cancelaci\u00f3n de los datos, seg\u00fan lo establecido en la legislaci\u00f3n vigente.<\/p>\t\t\t\t\t\t\t\t<\/div>\n\t\t\t\t\t<\/div>\n\t\t\t\t<\/div>\n\t\t\t\t<\/div>\n\t\t","protected":false},"excerpt":{"rendered":"<p>QUEJAS Y SUGERENCIAS El \u00e1rea de Turismo de la Mancomunidad de Islantilla podr\u00e1 recibir reclamaciones, quejas y\/o sugerencias por diferentes medios: \u200b- De forma presencial a trav\u00e9s de la instancia de la Mancomunidad de Islantilla en la sede de la propia Mancomunidad sita en Avd. Islantilla s\/n en horario de atenci\u00f3n al p\u00fablico de Lunes [&hellip;]<\/p>\n","protected":false},"author":1,"featured_media":0,"parent":0,"menu_order":0,"comment_status":"closed","ping_status":"closed","template":"elementor_header_footer","meta":{"slim_seo":{"title":"Quejas y sugerencias | Islantilla","description":"QUEJAS Y SUGERENCIAS El \u00e1rea de Turismo de la Mancomunidad de Islantilla podr\u00e1 recibir reclamaciones, quejas y\/o sugerencias por diferentes medios: \u200b- De forma"},"footnotes":""},"class_list":["post-1882","page","type-page","status-publish","hentry"],"_links":{"self":[{"href":"https:\/\/www.islantilla.es\/nl\/wp-json\/wp\/v2\/pages\/1882","targetHints":{"allow":["GET"]}}],"collection":[{"href":"https:\/\/www.islantilla.es\/nl\/wp-json\/wp\/v2\/pages"}],"about":[{"href":"https:\/\/www.islantilla.es\/nl\/wp-json\/wp\/v2\/types\/page"}],"author":[{"embeddable":true,"href":"https:\/\/www.islantilla.es\/nl\/wp-json\/wp\/v2\/users\/1"}],"replies":[{"embeddable":true,"href":"https:\/\/www.islantilla.es\/nl\/wp-json\/wp\/v2\/comments?post=1882"}],"version-history":[{"count":13,"href":"https:\/\/www.islantilla.es\/nl\/wp-json\/wp\/v2\/pages\/1882\/revisions"}],"predecessor-version":[{"id":4691,"href":"https:\/\/www.islantilla.es\/nl\/wp-json\/wp\/v2\/pages\/1882\/revisions\/4691"}],"wp:attachment":[{"href":"https:\/\/www.islantilla.es\/nl\/wp-json\/wp\/v2\/media?parent=1882"}],"curies":[{"name":"wp","href":"https:\/\/api.w.org\/{rel}","templated":true}]}}