{"id":1718,"date":"2024-03-26T12:25:58","date_gmt":"2024-03-26T11:25:58","guid":{"rendered":"https:\/\/www.islantilla.es\/?page_id=1718"},"modified":"2026-04-20T18:36:21","modified_gmt":"2026-04-20T16:36:21","slug":"pr-a-131","status":"publish","type":"page","link":"https:\/\/www.islantilla.es\/nl\/pr-a-131\/","title":{"rendered":"PR-A-131"},"content":{"rendered":"<div data-elementor-type=\"wp-page\" data-elementor-id=\"1718\" class=\"elementor elementor-1718\" data-elementor-post-type=\"page\">\n\t\t\t\t<div class=\"elementor-element elementor-element-dbd59a7 e-flex e-con-boxed elementor-invisible e-con e-parent\" data-id=\"dbd59a7\" data-element_type=\"container\" data-e-type=\"container\" data-settings=\"{&quot;background_background&quot;:&quot;classic&quot;,&quot;animation&quot;:&quot;fadeIn&quot;}\">\n\t\t\t\t\t<div class=\"e-con-inner\">\n\t\t\t\t<div class=\"elementor-element elementor-element-fefee60 elementor-widget__width-inherit elementor-widget elementor-widget-heading\" data-id=\"fefee60\" data-element_type=\"widget\" data-e-type=\"widget\" data-widget_type=\"heading.default\">\n\t\t\t\t\t<h2 class=\"elementor-heading-title elementor-size-default\">PR-A 131<\/h2>\t\t\t\t<\/div>\n\t\t\t\t<div class=\"elementor-element elementor-element-d120d7e elementor-widget__width-inherit elementor-widget elementor-widget-heading\" data-id=\"d120d7e\" data-element_type=\"widget\" data-e-type=\"widget\" data-widget_type=\"heading.default\">\n\t\t\t\t\t<h2 class=\"elementor-heading-title elementor-size-default\">GOEDGEKEURD PAD VOOR SPORTGEBRUIK <\/h2>\t\t\t\t<\/div>\n\t\t\t\t<div class=\"elementor-element elementor-element-564e40f elementor-widget__width-inherit elementor-widget elementor-widget-heading\" data-id=\"564e40f\" data-element_type=\"widget\" data-e-type=\"widget\" data-widget_type=\"heading.default\">\n\t\t\t\t\t<h2 class=\"elementor-heading-title elementor-size-default\">Westkust van Huelva<\/h2>\t\t\t\t<\/div>\n\t\t\t\t\t<\/div>\n\t\t\t\t<\/div>\n\t\t<div class=\"elementor-element elementor-element-d95254f e-flex e-con-boxed e-con e-parent\" data-id=\"d95254f\" data-element_type=\"container\" data-e-type=\"container\">\n\t\t\t\t\t<div class=\"e-con-inner\">\n\t\t<div class=\"elementor-element elementor-element-0594e4d e-con-full e-flex e-con e-child\" data-id=\"0594e4d\" data-element_type=\"container\" data-e-type=\"container\">\n\t\t\t\t<div class=\"elementor-element elementor-element-983b7e2 elementor-mobile-align-justify elementor-widget-mobile__width-inherit elementor-widget elementor-widget-button\" data-id=\"983b7e2\" data-element_type=\"widget\" data-e-type=\"widget\" data-widget_type=\"button.default\">\n\t\t\t\t\t\t\t\t\t\t<a class=\"elementor-button elementor-button-link elementor-size-sm\" href=\"https:\/\/www.islantilla.es\/wp-content\/uploads\/2026\/04\/PR-A-131-Folleto-2024.pdf\" target=\"_blank\">\n\t\t\t\t\t\t<span class=\"elementor-button-content-wrapper\">\n\t\t\t\t\t\t\t\t\t<span class=\"elementor-button-text\">DOWNLOAD BROCHURE<\/span>\n\t\t\t\t\t<\/span>\n\t\t\t\t\t<\/a>\n\t\t\t\t\t\t\t\t<\/div>\n\t\t\t\t<\/div>\n\t\t<div class=\"elementor-element elementor-element-3016fdd e-con-full e-flex e-con e-child\" data-id=\"3016fdd\" data-element_type=\"container\" data-e-type=\"container\">\n\t\t\t\t<div class=\"elementor-element elementor-element-5f3c445 elementor-mobile-align-justify elementor-widget-mobile__width-inherit elementor-widget elementor-widget-button\" data-id=\"5f3c445\" data-element_type=\"widget\" data-e-type=\"widget\" data-widget_type=\"button.default\">\n\t\t\t\t\t\t\t\t\t\t<a class=\"elementor-button elementor-button-link elementor-size-sm\" href=\"https:\/\/es.wikiloc.com\/rutas-senderismo\/pr-a-131-sendero-costa-occidental-huelva-157882851\" target=\"_blank\">\n\t\t\t\t\t\t<span class=\"elementor-button-content-wrapper\">\n\t\t\t\t\t\t\t\t\t<span class=\"elementor-button-text\">ROUTE OP WIKILOC<\/span>\n\t\t\t\t\t<\/span>\n\t\t\t\t\t<\/a>\n\t\t\t\t\t\t\t\t<\/div>\n\t\t\t\t<\/div>\n\t\t\t\t\t<\/div>\n\t\t\t\t<\/div>\n\t\t<div class=\"elementor-element elementor-element-d402051 e-flex e-con-boxed e-con e-parent\" data-id=\"d402051\" data-element_type=\"container\" data-e-type=\"container\">\n\t\t\t\t\t<div class=\"e-con-inner\">\n\t\t\t\t<div class=\"elementor-element elementor-element-43048cc elementor-widget elementor-widget-image\" data-id=\"43048cc\" data-element_type=\"widget\" data-e-type=\"widget\" data-widget_type=\"image.default\">\n\t\t\t\t\t\t\t\t\t\t\t\t\t\t\t<img fetchpriority=\"high\" decoding=\"async\" width=\"800\" height=\"600\" src=\"https:\/\/www.islantilla.es\/wp-content\/uploads\/2024\/03\/Ruta1.webp\" class=\"attachment-large size-large wp-image-1723\" alt=\"Vista panor\u00e1mica de la playa de Nueva Umbr\u00eda, con dunas y arena dorada junto al mar en un entorno natural y tranquilo.\" srcset=\"https:\/\/www.islantilla.es\/wp-content\/uploads\/2024\/03\/Ruta1.webp 936w, https:\/\/www.islantilla.es\/wp-content\/uploads\/2024\/03\/Ruta1-300x225.webp 300w, https:\/\/www.islantilla.es\/wp-content\/uploads\/2024\/03\/Ruta1-768x576.webp 768w, https:\/\/www.islantilla.es\/wp-content\/uploads\/2024\/03\/Ruta1-16x12.webp 16w\" sizes=\"(max-width: 800px) 100vw, 800px\" \/>\t\t\t\t\t\t\t\t\t\t\t\t\t\t\t<\/div>\n\t\t\t\t<div class=\"elementor-element elementor-element-6879c0b elementor-widget elementor-widget-heading\" data-id=\"6879c0b\" data-element_type=\"widget\" data-e-type=\"widget\" data-widget_type=\"heading.default\">\n\t\t\t\t\t<h2 class=\"elementor-heading-title elementor-size-default\">Toegang tot het pad<\/h2>\t\t\t\t<\/div>\n\t\t\t\t<div class=\"elementor-element elementor-element-b296deb elementor-widget elementor-widget-text-editor\" data-id=\"b296deb\" data-element_type=\"widget\" data-e-type=\"widget\" data-widget_type=\"text-editor.default\">\n\t\t\t\t\t\t\t\t\t<p>De route ligt in een bevoorrechte omgeving aan de westkust van de provincie Huelva, in het zuidwesten van de Andalusische regio en aan de Costa de la Luz. De toegang tot het begin van het pad bevindt zich in Pinar de Isla Cristina, aan Playa Central Levante. Tijdens de eerste kilometers loopt het pad parallel aan de weg die Islantilla met Isla Cristina verbindt, dus er zijn talloze mogelijkheden om er te komen. Ten slotte is de terugkeer vanaf het strand van Nueva Umbr\u00eda.<\/p>\t\t\t\t\t\t\t\t<\/div>\n\t\t<div class=\"elementor-element elementor-element-7432ead e-grid e-con-boxed e-con e-child\" data-id=\"7432ead\" data-element_type=\"container\" data-e-type=\"container\">\n\t\t\t\t\t<div class=\"e-con-inner\">\n\t\t\t\t<div class=\"elementor-element elementor-element-cb1d5d0 elementor-widget elementor-widget-image\" data-id=\"cb1d5d0\" data-element_type=\"widget\" data-e-type=\"widget\" data-widget_type=\"image.default\">\n\t\t\t\t\t\t\t\t\t\t\t\t\t\t\t<img decoding=\"async\" width=\"677\" height=\"1024\" src=\"https:\/\/www.islantilla.es\/wp-content\/uploads\/2024\/03\/Mapa-677x1024.webp\" class=\"attachment-large size-large wp-image-1727\" alt=\"Mapa que muestra la localizaci\u00f3n de Islantilla en el suroeste de Espa\u00f1a, dentro de Andaluc\u00eda y la provincia de Huelva.\" srcset=\"https:\/\/www.islantilla.es\/wp-content\/uploads\/2024\/03\/Mapa-677x1024.webp 677w, https:\/\/www.islantilla.es\/wp-content\/uploads\/2024\/03\/Mapa-198x300.webp 198w, https:\/\/www.islantilla.es\/wp-content\/uploads\/2024\/03\/Mapa-768x1161.webp 768w, https:\/\/www.islantilla.es\/wp-content\/uploads\/2024\/03\/Mapa-1016x1536.webp 1016w, https:\/\/www.islantilla.es\/wp-content\/uploads\/2024\/03\/Mapa-8x12.webp 8w, https:\/\/www.islantilla.es\/wp-content\/uploads\/2024\/03\/Mapa.webp 1132w\" sizes=\"(max-width: 677px) 100vw, 677px\" \/>\t\t\t\t\t\t\t\t\t\t\t\t\t\t\t<\/div>\n\t\t<div class=\"elementor-element elementor-element-de3bb20 e-flex e-con-boxed e-con e-child\" data-id=\"de3bb20\" data-element_type=\"container\" data-e-type=\"container\">\n\t\t\t\t\t<div class=\"e-con-inner\">\n\t\t\t\t<div class=\"elementor-element elementor-element-8240c6c elementor-widget elementor-widget-heading\" data-id=\"8240c6c\" data-element_type=\"widget\" data-e-type=\"widget\" data-widget_type=\"heading.default\">\n\t\t\t\t\t<h2 class=\"elementor-heading-title elementor-size-default\">TECHNISCHE DATA:<\/h2>\t\t\t\t<\/div>\n\t\t\t\t<div class=\"elementor-element elementor-element-0982fa7 elementor-widget elementor-widget-text-editor\" data-id=\"0982fa7\" data-element_type=\"widget\" data-e-type=\"widget\" data-widget_type=\"text-editor.default\">\n\t\t\t\t\t\t\t\t\t<p><strong>Route:<\/strong> Circulaire<\/p><p><strong>Lengte:<\/strong> 25,5 km<\/p><p><strong>Tijd:<\/strong> 7 uur en 16 minuten<\/p><p><strong>Hoogte +:<\/strong> 247m<\/p><p><strong>Oneffenheden -:<\/strong> 59m<\/p><p><strong>Land:<\/strong> Compact zand, spoor en cement<\/p><p><strong>Moeilijkheidsgraad:<\/strong> 2<\/p>\t\t\t\t\t\t\t\t<\/div>\n\t\t\t\t\t<\/div>\n\t\t\t\t<\/div>\n\t\t\t\t\t<\/div>\n\t\t\t\t<\/div>\n\t\t\t\t<div class=\"elementor-element elementor-element-53dd370 elementor-widget elementor-widget-image\" data-id=\"53dd370\" data-element_type=\"widget\" data-e-type=\"widget\" data-widget_type=\"image.default\">\n\t\t\t\t\t\t\t\t\t\t\t\t\t\t\t<img decoding=\"async\" width=\"1824\" height=\"1052\" src=\"https:\/\/www.islantilla.es\/wp-content\/uploads\/2024\/03\/Mapa1.webp\" class=\"attachment-full size-full wp-image-1726\" alt=\"Mapa del sendero PR-A 131 \u201cCosta Occidental de Huelva\u201d, que conecta Isla Cristina, Islantilla y La Antilla, mostrando los principales puntos de inter\u00e9s del recorrido.\" srcset=\"https:\/\/www.islantilla.es\/wp-content\/uploads\/2024\/03\/Mapa1.webp 1824w, https:\/\/www.islantilla.es\/wp-content\/uploads\/2024\/03\/Mapa1-300x173.webp 300w, https:\/\/www.islantilla.es\/wp-content\/uploads\/2024\/03\/Mapa1-1024x591.webp 1024w, https:\/\/www.islantilla.es\/wp-content\/uploads\/2024\/03\/Mapa1-768x443.webp 768w, https:\/\/www.islantilla.es\/wp-content\/uploads\/2024\/03\/Mapa1-1536x886.webp 1536w, https:\/\/www.islantilla.es\/wp-content\/uploads\/2024\/03\/Mapa1-18x10.webp 18w\" sizes=\"(max-width: 1824px) 100vw, 1824px\" \/>\t\t\t\t\t\t\t\t\t\t\t\t\t\t\t<\/div>\n\t\t\t\t<div class=\"elementor-element elementor-element-b0f9aa3 elementor-widget elementor-widget-image\" data-id=\"b0f9aa3\" data-element_type=\"widget\" data-e-type=\"widget\" data-widget_type=\"image.default\">\n\t\t\t\t\t\t\t\t\t\t\t\t\t\t\t<img loading=\"lazy\" decoding=\"async\" width=\"1828\" height=\"1464\" src=\"https:\/\/www.islantilla.es\/wp-content\/uploads\/2024\/03\/Mapa2.webp\" class=\"attachment-full size-full wp-image-1725\" alt=\"Mapa con tres rutas circulares de senderismo en Islantilla: Ruta El Camale\u00f3n, Ruta de los Cabezos y Ruta Playa Nueva Umbr\u00eda, con su longitud y tiempo estimado.\" srcset=\"https:\/\/www.islantilla.es\/wp-content\/uploads\/2024\/03\/Mapa2.webp 1828w, https:\/\/www.islantilla.es\/wp-content\/uploads\/2024\/03\/Mapa2-300x240.webp 300w, https:\/\/www.islantilla.es\/wp-content\/uploads\/2024\/03\/Mapa2-1024x820.webp 1024w, https:\/\/www.islantilla.es\/wp-content\/uploads\/2024\/03\/Mapa2-768x615.webp 768w, https:\/\/www.islantilla.es\/wp-content\/uploads\/2024\/03\/Mapa2-1536x1230.webp 1536w, https:\/\/www.islantilla.es\/wp-content\/uploads\/2024\/03\/Mapa2-15x12.webp 15w\" sizes=\"(max-width: 1828px) 100vw, 1828px\" \/>\t\t\t\t\t\t\t\t\t\t\t\t\t\t\t<\/div>\n\t\t\t\t<div class=\"elementor-element elementor-element-5bc2725 elementor-widget elementor-widget-text-editor\" data-id=\"5bc2725\" data-element_type=\"widget\" data-e-type=\"widget\" data-widget_type=\"text-editor.default\">\n\t\t\t\t\t\t\t\t\t<p>Het is een cirkelvormig pad met een grote biologische diversiteit, ondanks dat het tussen Isla Cristina en de stedelijke centra van Urbasur, Islantilla en La Antilla loopt. Er zijn drie duidelijk gemarkeerde circuits langs de lay-out. Het eerste deel loopt door een duinomgeving tot aan het stedelijk gebied van Paseo de Poniente, in Islantilla; De tweede begint vanaf daar tot het meest oostelijke uiteinde van het Parque de los Cabezos; en de derde begint bij de uitgang van dit park tot aan het maagdelijke strand van Nueva Umbr\u00eda, vlakbij Puerto del Terr\u00f3n. Op elk van deze punten staan informatiepanelen die de mogelijkheid aangeven om deze secties afzonderlijk te doen.<\/p><p>Het volledige pad heet &#039;Sendero Costa Occidental de Huelva&#039; en begint in de Pinar de Isla Cristina naast de toegang tot het centrale strand van Levante langs een betonnen pad tot aan de Casita Azul milieu- en toeristische revitalisatieruimte, die een puntbezoeker heeft dienst waar toeristische informatie wordt aangeboden.<\/p><p>De route gaat verder door de duinen van Isla Cristina en tussen pijnbomen die voldoende schaduw bieden, waardoor de wandeling aangenaam is, zelfs als de reis in de zomermaanden plaatsvindt. Het is een uiterst kwetsbaar milieu, dus er moet uiterste zorg worden besteed om de achteruitgang ervan te voorkomen. Het einde van dit gedeelte wordt gemarkeerd door de eucalyptusbomen die de oude handelsroute tussen Isla Cristina en La Antilla flankeerden.<\/p><p>Je kunt nog steeds enkele resten van klei zien die de weg vormden. De route loopt altijd evenwijdig aan het strand en op sommige plekken is het zand losser, waardoor we langzamer kunnen rijden. Je bereikt het stedelijk gebied door de Paseo de Poniente, in Islantilla, te passeren en, na enkele zebrapaden te hebben overgestoken, de klim naar Parque de los Cabezos te bereiken.<\/p>\t\t\t\t\t\t\t\t<\/div>\n\t\t\t\t<div class=\"elementor-element elementor-element-7cf7916 elementor-widget elementor-widget-image\" data-id=\"7cf7916\" data-element_type=\"widget\" data-e-type=\"widget\" data-widget_type=\"image.default\">\n\t\t\t\t\t\t\t\t\t\t\t\t\t\t\t<img loading=\"lazy\" decoding=\"async\" width=\"938\" height=\"716\" src=\"https:\/\/www.islantilla.es\/wp-content\/uploads\/2024\/03\/Ruta2.webp\" class=\"attachment-full size-full wp-image-1722\" alt=\"Vista frontal de la Casita Azul, edificio blanco con detalles azules rodeado de \u00e1rboles y arena en un entorno natural de Isla Cristina.\" srcset=\"https:\/\/www.islantilla.es\/wp-content\/uploads\/2024\/03\/Ruta2.webp 938w, https:\/\/www.islantilla.es\/wp-content\/uploads\/2024\/03\/Ruta2-300x229.webp 300w, https:\/\/www.islantilla.es\/wp-content\/uploads\/2024\/03\/Ruta2-768x586.webp 768w, https:\/\/www.islantilla.es\/wp-content\/uploads\/2024\/03\/Ruta2-16x12.webp 16w\" sizes=\"(max-width: 938px) 100vw, 938px\" \/>\t\t\t\t\t\t\t\t\t\t\t\t\t\t\t<\/div>\n\t\t\t\t<div class=\"elementor-element elementor-element-56ffe3b elementor-widget elementor-widget-text-editor\" data-id=\"56ffe3b\" data-element_type=\"widget\" data-e-type=\"widget\" data-widget_type=\"text-editor.default\">\n\t\t\t\t\t\t\t\t\t<p>Dit park heeft een circuit van ongeveer 3 kilometer dat uitsluitend is aangelegd voor wandelen en sporten. Ga op en neer door een plek met mediterrane vegetatie en fauna waar we, naast het genieten van de kleuren, geuren en vormen aangeboden door de flora en fauna die in deze ruimte aanwezig zijn, het intense blauwgroen van de zee in de verte kunnen aanschouwen. Je zult verrast worden door het prachtige uitzicht over de zee en een kunstmatig meer met een grote geiser.<\/p><p>De uitgang van het park sluit aan op een ander stedelijk deel in La Antilla dat een passage met bomen doorkruist, en vervolgens een open gebied doorkruist zonder bebouwing van relatief recente datum waarin momenteel nog kleine bomen zijn geplant. Aan het einde van het betonnen gedeelte bereiken we een kustpad parallel aan het strand van Santa Pura dat goed wordt begrensd door houten balustrades en achter de duinen loopt. Dit pad bevat op sommige stukken los zand.<\/p><p>Zodra we het maagdelijke strand van Nueva Umbr\u00eda bereiken, keren we terug langs een uitgestrekt strand van fijn, goudkleurig zand van meer dan 90 meter breed dat, zelfs tijdens de maanden juli en augustus, een lage toestroom van bezoekers ontvangt. Het meest aan te raden is om langs de kust te lopen, waar het zand compacter zal zijn. Tijdens de terugreis zijn er meerdere loopbruggen waarmee u op elk gewenst moment het strand kunt verlaten. Zo steken we vanaf het strand van Nueva Umbr\u00eda La Antilla, Islantilla, Urbasur, La Redondela, Casita Azul en Playa del Hoyo over, totdat we weer Central Beach bereiken, vanwaar we terugkeren naar het startpunt in Pinar de Isla Cristina.<\/p>\t\t\t\t\t\t\t\t<\/div>\n\t\t\t\t<div class=\"elementor-element elementor-element-dc4ea30 elementor-widget elementor-widget-image\" data-id=\"dc4ea30\" data-element_type=\"widget\" data-e-type=\"widget\" data-widget_type=\"image.default\">\n\t\t\t\t\t\t\t\t\t\t\t\t\t\t\t<img loading=\"lazy\" decoding=\"async\" width=\"938\" height=\"711\" src=\"https:\/\/www.islantilla.es\/wp-content\/uploads\/2024\/03\/Ruta3.webp\" class=\"attachment-full size-full wp-image-1721\" alt=\"Sendero peatonal arbolado en La Antilla, con \u00e1rboles de copa rojiza y c\u00e9sped junto a la carretera, como parte del recorrido del sendero PR-A 131.\" srcset=\"https:\/\/www.islantilla.es\/wp-content\/uploads\/2024\/03\/Ruta3.webp 938w, https:\/\/www.islantilla.es\/wp-content\/uploads\/2024\/03\/Ruta3-300x227.webp 300w, https:\/\/www.islantilla.es\/wp-content\/uploads\/2024\/03\/Ruta3-768x582.webp 768w, https:\/\/www.islantilla.es\/wp-content\/uploads\/2024\/03\/Ruta3-16x12.webp 16w\" sizes=\"(max-width: 938px) 100vw, 938px\" \/>\t\t\t\t\t\t\t\t\t\t\t\t\t\t\t<\/div>\n\t\t\t\t\t<\/div>\n\t\t\t\t<\/div>\n\t\t\t\t<\/div>","protected":false},"excerpt":{"rendered":"<p>PR-A 131 SENDERO HOMOLOGADO DE USO DEPORTIVO Costa Occidental de Huelva DESCARGAR FOLLETO RUTA EN WIKILOC Acceso al sendero El sendero est\u00e1 enclavado en un entorno privilegiado del litoral occidental de la provincia de Huelva, en el suroeste de la regi\u00f3n andaluza y en plena Costa de la Luz. El acceso al inicio del sendero [&hellip;]<\/p>\n","protected":false},"author":1,"featured_media":0,"parent":0,"menu_order":0,"comment_status":"closed","ping_status":"closed","template":"elementor_header_footer","meta":{"slim_seo":{"title":"PR-A 131 | Sendero Costa Occidental de Huelva en Islantilla","description":"Sendero homologado PR-A 131 de uso deportivo en la Costa Occidental de Hueva: ruta circular por dunas, pinares y playas de la Costa de la Luz entre Isla Cristina y Nueva Umbr\u00eda."},"footnotes":""},"class_list":["post-1718","page","type-page","status-publish","hentry"],"_links":{"self":[{"href":"https:\/\/www.islantilla.es\/nl\/wp-json\/wp\/v2\/pages\/1718","targetHints":{"allow":["GET"]}}],"collection":[{"href":"https:\/\/www.islantilla.es\/nl\/wp-json\/wp\/v2\/pages"}],"about":[{"href":"https:\/\/www.islantilla.es\/nl\/wp-json\/wp\/v2\/types\/page"}],"author":[{"embeddable":true,"href":"https:\/\/www.islantilla.es\/nl\/wp-json\/wp\/v2\/users\/1"}],"replies":[{"embeddable":true,"href":"https:\/\/www.islantilla.es\/nl\/wp-json\/wp\/v2\/comments?post=1718"}],"version-history":[{"count":41,"href":"https:\/\/www.islantilla.es\/nl\/wp-json\/wp\/v2\/pages\/1718\/revisions"}],"predecessor-version":[{"id":7971,"href":"https:\/\/www.islantilla.es\/nl\/wp-json\/wp\/v2\/pages\/1718\/revisions\/7971"}],"wp:attachment":[{"href":"https:\/\/www.islantilla.es\/nl\/wp-json\/wp\/v2\/media?parent=1718"}],"curies":[{"name":"wp","href":"https:\/\/api.w.org\/{rel}","templated":true}]}}