{"id":4160,"date":"2025-02-09T13:12:28","date_gmt":"2025-02-09T12:12:28","guid":{"rendered":"https:\/\/www.islantilla.es\/?page_id=4160"},"modified":"2025-02-09T13:13:12","modified_gmt":"2025-02-09T12:13:12","slug":"el-castillo-franz-kafka","status":"publish","type":"page","link":"https:\/\/www.islantilla.es\/fr\/el-castillo-franz-kafka\/","title":{"rendered":"Le Ch\u00e2teau, Franz Kafka"},"content":{"rendered":"<div data-elementor-type=\"wp-page\" data-elementor-id=\"4160\" class=\"elementor elementor-4160\" data-elementor-post-type=\"page\">\n\t\t\t\t<div class=\"elementor-element elementor-element-b51526e e-con-full e-flex e-con e-parent\" data-id=\"b51526e\" data-element_type=\"container\" data-e-type=\"container\">\n\t\t<div class=\"elementor-element elementor-element-0ae4631 e-con-full e-flex e-con e-child\" data-id=\"0ae4631\" data-element_type=\"container\" data-e-type=\"container\" data-settings=\"{&quot;background_background&quot;:&quot;classic&quot;}\">\n\t\t\t\t<\/div>\n\t\t<div class=\"elementor-element elementor-element-ee3896a e-con-full e-flex e-con e-child\" data-id=\"ee3896a\" data-element_type=\"container\" data-e-type=\"container\">\n\t\t\t\t<div class=\"elementor-element elementor-element-d7a77a6 elementor-widget elementor-widget-heading\" data-id=\"d7a77a6\" data-element_type=\"widget\" data-e-type=\"widget\" data-widget_type=\"heading.default\">\n\t\t\t\t\t<h2 class=\"elementor-heading-title elementor-size-default\">Le ch\u00e2teau,<\/h2>\t\t\t\t<\/div>\n\t\t\t\t<div class=\"elementor-element elementor-element-e27e480 elementor-widget elementor-widget-heading\" data-id=\"e27e480\" data-element_type=\"widget\" data-e-type=\"widget\" data-widget_type=\"heading.default\">\n\t\t\t\t\t<h2 class=\"elementor-heading-title elementor-size-default\">Franz Kafka<\/h2>\t\t\t\t<\/div>\n\t\t\t\t<div class=\"elementor-element elementor-element-e1fe51e elementor-widget elementor-widget-spacer\" data-id=\"e1fe51e\" data-element_type=\"widget\" data-e-type=\"widget\" data-widget_type=\"spacer.default\">\n\t\t\t\t\t\t\t<div class=\"elementor-spacer\">\n\t\t\t<div class=\"elementor-spacer-inner\"><\/div>\n\t\t<\/div>\n\t\t\t\t\t\t<\/div>\n\t\t\t\t<div class=\"elementor-element elementor-element-fb72618 elementor-widget elementor-widget-text-editor\" data-id=\"fb72618\" data-element_type=\"widget\" data-e-type=\"widget\" data-widget_type=\"text-editor.default\">\n\t\t\t\t\t\t\t\t\t<p>M. K vient d&#039;arriver dans une ville pour effectuer un travail, mais lorsqu&#039;il tente de contacter les autorit\u00e9s, qui vivent dans un myst\u00e9rieux ch\u00e2teau, les choses se compliquent. Ses tentatives pour entrer en contact avec ces personnes sont vaines. Outre une critique de la bureaucratie, dans Le Ch\u00e2teau, comme dans d\u2019autres \u0153uvres de Frank Kafka, on retrouve en arri\u00e8re-plan de son intrigue la philosophie existentialiste. Marqu\u00e9e par un ton surr\u00e9aliste, l\u2019\u0153uvre transmet au lecteur l\u2019angoisse existentielle de quelqu\u2019un qui cherche \u00e0 faire partie du syst\u00e8me et est constamment rejet\u00e9.<\/p><p>Bien qu&#039;il soit aujourd&#039;hui consid\u00e9r\u00e9 comme l&#039;un des auteurs les plus importants du XXe si\u00e8cle, Kafka ne souhaitait pas publier une grande partie de son \u0153uvre et, avant de mourir, il demanda m\u00eame que ses manuscrits soient d\u00e9truits. Certains, cependant, comme ce roman inachev\u00e9, ont fini par \u00eatre imprim\u00e9s. Le m\u00e9lange de r\u00e9alit\u00e9 et de fantaisie, ainsi que le ton habituel, obsessionnel et oppressant, des situations qu&#039;il d\u00e9crit, nous ont laiss\u00e9 un nouvel adjectif : kafka\u00efen, pour exprimer le caract\u00e8re \u00e0 la fois inhabituel et angoissant d&#039;un \u00e9v\u00e9nement.<\/p>\t\t\t\t\t\t\t\t<\/div>\n\t\t\t\t<\/div>\n\t\t\t\t<\/div>\n\t\t\t\t<\/div>","protected":false},"excerpt":{"rendered":"<p>El castillo, Franz Kafka El se\u00f1or K acaba de llegar a un pueblo para realizar un trabajo, pero al intentar dirigirse a las autoridades, residentes en un misterioso castillo, todo se complica. Sus intentos por entablar contacto con estas personas son en vano. Adem\u00e1s de una cr\u00edtica a la burocracia, en El castillo, como en [&hellip;]<\/p>\n","protected":false},"author":1,"featured_media":0,"parent":0,"menu_order":0,"comment_status":"closed","ping_status":"closed","template":"","meta":{"slim_seo":{"title":"El castillo, Franz Kafka | Islantilla","description":"El se\u00f1or K acaba de llegar a un pueblo para realizar un trabajo, pero al intentar dirigirse a las autoridades, residentes en un misterioso castillo, todo se complica. Sus intentos por entablar contacto con estas personas son en vano."},"footnotes":""},"class_list":["post-4160","page","type-page","status-publish","hentry"],"_links":{"self":[{"href":"https:\/\/www.islantilla.es\/fr\/wp-json\/wp\/v2\/pages\/4160","targetHints":{"allow":["GET"]}}],"collection":[{"href":"https:\/\/www.islantilla.es\/fr\/wp-json\/wp\/v2\/pages"}],"about":[{"href":"https:\/\/www.islantilla.es\/fr\/wp-json\/wp\/v2\/types\/page"}],"author":[{"embeddable":true,"href":"https:\/\/www.islantilla.es\/fr\/wp-json\/wp\/v2\/users\/1"}],"replies":[{"embeddable":true,"href":"https:\/\/www.islantilla.es\/fr\/wp-json\/wp\/v2\/comments?post=4160"}],"version-history":[{"count":4,"href":"https:\/\/www.islantilla.es\/fr\/wp-json\/wp\/v2\/pages\/4160\/revisions"}],"predecessor-version":[{"id":4164,"href":"https:\/\/www.islantilla.es\/fr\/wp-json\/wp\/v2\/pages\/4160\/revisions\/4164"}],"wp:attachment":[{"href":"https:\/\/www.islantilla.es\/fr\/wp-json\/wp\/v2\/media?parent=4160"}],"curies":[{"name":"wp","href":"https:\/\/api.w.org\/{rel}","templated":true}]}}