{"id":3453,"date":"2024-10-29T12:18:24","date_gmt":"2024-10-29T11:18:24","guid":{"rendered":"https:\/\/www.islantilla.es\/?page_id=3453"},"modified":"2024-10-31T13:21:07","modified_gmt":"2024-10-31T12:21:07","slug":"rayuela-julio-cortazar","status":"publish","type":"page","link":"https:\/\/www.islantilla.es\/fr\/rayuela-julio-cortazar\/","title":{"rendered":"Hopscotch, Julio Cort\u00e1zar"},"content":{"rendered":"<div data-elementor-type=\"wp-page\" data-elementor-id=\"3453\" class=\"elementor elementor-3453\" data-elementor-post-type=\"page\">\n\t\t\t\t<div class=\"elementor-element elementor-element-b51526e e-con-full e-flex e-con e-parent\" data-id=\"b51526e\" data-element_type=\"container\" data-e-type=\"container\">\n\t\t<div class=\"elementor-element elementor-element-0ae4631 e-con-full e-flex e-con e-child\" data-id=\"0ae4631\" data-element_type=\"container\" data-e-type=\"container\" data-settings=\"{&quot;background_background&quot;:&quot;classic&quot;}\">\n\t\t\t\t<\/div>\n\t\t<div class=\"elementor-element elementor-element-ee3896a e-con-full e-flex e-con e-child\" data-id=\"ee3896a\" data-element_type=\"container\" data-e-type=\"container\">\n\t\t\t\t<div class=\"elementor-element elementor-element-d7a77a6 elementor-widget elementor-widget-heading\" data-id=\"d7a77a6\" data-element_type=\"widget\" data-e-type=\"widget\" data-widget_type=\"heading.default\">\n\t\t\t\t\t<h2 class=\"elementor-heading-title elementor-size-default\">Marelle,<\/h2>\t\t\t\t<\/div>\n\t\t\t\t<div class=\"elementor-element elementor-element-e27e480 elementor-widget elementor-widget-heading\" data-id=\"e27e480\" data-element_type=\"widget\" data-e-type=\"widget\" data-widget_type=\"heading.default\">\n\t\t\t\t\t<h2 class=\"elementor-heading-title elementor-size-default\">Julio Cort\u00e1zar<\/h2>\t\t\t\t<\/div>\n\t\t\t\t<div class=\"elementor-element elementor-element-e1fe51e elementor-widget elementor-widget-spacer\" data-id=\"e1fe51e\" data-element_type=\"widget\" data-e-type=\"widget\" data-widget_type=\"spacer.default\">\n\t\t\t\t\t\t\t<div class=\"elementor-spacer\">\n\t\t\t<div class=\"elementor-spacer-inner\"><\/div>\n\t\t<\/div>\n\t\t\t\t\t\t<\/div>\n\t\t\t\t<div class=\"elementor-element elementor-element-fb72618 elementor-widget elementor-widget-text-editor\" data-id=\"fb72618\" data-element_type=\"widget\" data-e-type=\"widget\" data-widget_type=\"text-editor.default\">\n\t\t\t\t\t\t\t\t\t<p>\u00c9crit et publi\u00e9 en 1963 \u00e0 Paris, Rayuela est le deuxi\u00e8me roman de Julio Cort\u00e1zar et l&#039;une des \u0153uvres embl\u00e9matiques du mouvement litt\u00e9raire connu sous le nom de Boom latino-am\u00e9ricain. L&#039;\u00e9crivain argentin y rompt avec les canons \u00e9tablis autour du concept de roman, revendiquant l&#039;importance du r\u00f4le actif du lecteur \u00e0 qui il propose, d\u00e8s la premi\u00e8re page, de d\u00e9cider dans quel ordre il souhaite lire le livre qu&#039;il vient d&#039;ouvrir. Certains critiques ont commenc\u00e9 \u00e0 qualifier Hopscotch d&#039;anti-roman, bien que Cort\u00e1zar ait toujours pr\u00e9f\u00e9r\u00e9 le terme d&#039;anti-roman, qui ne nie pas mais plut\u00f4t subvertit sa nature \u00e0 travers la recherche d&#039;une nouvelle relation entre l&#039;\u0153uvre et le lecteur \u00e0 laquelle le lecteur participe. ; dans lequel il joue et saute \u00e0 travers les pages, sur un pied, jusqu&#039;\u00e0 atteindre le ciel...<\/p>\t\t\t\t\t\t\t\t<\/div>\n\t\t\t\t<\/div>\n\t\t\t\t<\/div>\n\t\t\t\t<\/div>","protected":false},"excerpt":{"rendered":"<p>Rayuela, Julio Cort\u00e1zar Escrita y publicada en 1963 en Par\u00eds, Rayuela es la segunda novela de Julio Cort\u00e1zar y una de las obras emblem\u00e1ticas del movimiento literario conocido como Boom latinoamericano. En ella el escritor argentino rompe con lo c\u00e1nones establecidos alrededor del concepto de novela reivindicando la importancia del papel activo de lector a [&hellip;]<\/p>\n","protected":false},"author":1,"featured_media":0,"parent":0,"menu_order":0,"comment_status":"closed","ping_status":"closed","template":"","meta":{"slim_seo":{"title":"Rayuela, Julio Cort\u00e1zar | Islantilla","description":"Escrita y publicada en 1963 en Par\u00eds, Rayuela es la segunda novela de Julio Cort\u00e1zar y una de las obras emblem\u00e1ticas del movimiento literario conocido como Boom latinoamericano."},"footnotes":""},"class_list":["post-3453","page","type-page","status-publish","hentry"],"_links":{"self":[{"href":"https:\/\/www.islantilla.es\/fr\/wp-json\/wp\/v2\/pages\/3453","targetHints":{"allow":["GET"]}}],"collection":[{"href":"https:\/\/www.islantilla.es\/fr\/wp-json\/wp\/v2\/pages"}],"about":[{"href":"https:\/\/www.islantilla.es\/fr\/wp-json\/wp\/v2\/types\/page"}],"author":[{"embeddable":true,"href":"https:\/\/www.islantilla.es\/fr\/wp-json\/wp\/v2\/users\/1"}],"replies":[{"embeddable":true,"href":"https:\/\/www.islantilla.es\/fr\/wp-json\/wp\/v2\/comments?post=3453"}],"version-history":[{"count":10,"href":"https:\/\/www.islantilla.es\/fr\/wp-json\/wp\/v2\/pages\/3453\/revisions"}],"predecessor-version":[{"id":3549,"href":"https:\/\/www.islantilla.es\/fr\/wp-json\/wp\/v2\/pages\/3453\/revisions\/3549"}],"wp:attachment":[{"href":"https:\/\/www.islantilla.es\/fr\/wp-json\/wp\/v2\/media?parent=3453"}],"curies":[{"name":"wp","href":"https:\/\/api.w.org\/{rel}","templated":true}]}}