{"id":3415,"date":"2024-10-29T12:01:56","date_gmt":"2024-10-29T11:01:56","guid":{"rendered":"https:\/\/www.islantilla.es\/?page_id=3415"},"modified":"2024-10-31T13:14:21","modified_gmt":"2024-10-31T12:14:21","slug":"las-olas-virginia-wolf","status":"publish","type":"page","link":"https:\/\/www.islantilla.es\/fr\/las-olas-virginia-wolf\/","title":{"rendered":"Les Vagues, Virginia Wolf"},"content":{"rendered":"<div data-elementor-type=\"wp-page\" data-elementor-id=\"3415\" class=\"elementor elementor-3415\" data-elementor-post-type=\"page\">\n\t\t\t\t<div class=\"elementor-element elementor-element-c1e7e0e e-con-full e-flex e-con e-parent\" data-id=\"c1e7e0e\" data-element_type=\"container\" data-e-type=\"container\">\n\t\t<div class=\"elementor-element elementor-element-d6e33a1 e-con-full e-flex e-con e-child\" data-id=\"d6e33a1\" data-element_type=\"container\" data-e-type=\"container\" data-settings=\"{&quot;background_background&quot;:&quot;classic&quot;}\">\n\t\t\t\t<\/div>\n\t\t<div class=\"elementor-element elementor-element-aff53b7 e-con-full e-flex e-con e-child\" data-id=\"aff53b7\" data-element_type=\"container\" data-e-type=\"container\">\n\t\t\t\t<div class=\"elementor-element elementor-element-fd811f0 elementor-widget elementor-widget-heading\" data-id=\"fd811f0\" data-element_type=\"widget\" data-e-type=\"widget\" data-widget_type=\"heading.default\">\n\t\t\t\t\t<h2 class=\"elementor-heading-title elementor-size-default\">Les vagues,<\/h2>\t\t\t\t<\/div>\n\t\t\t\t<div class=\"elementor-element elementor-element-717738f elementor-widget elementor-widget-heading\" data-id=\"717738f\" data-element_type=\"widget\" data-e-type=\"widget\" data-widget_type=\"heading.default\">\n\t\t\t\t\t<h2 class=\"elementor-heading-title elementor-size-default\">Virginie Loup<\/h2>\t\t\t\t<\/div>\n\t\t\t\t<div class=\"elementor-element elementor-element-6db3dc8 elementor-widget elementor-widget-spacer\" data-id=\"6db3dc8\" data-element_type=\"widget\" data-e-type=\"widget\" data-widget_type=\"spacer.default\">\n\t\t\t\t\t\t\t<div class=\"elementor-spacer\">\n\t\t\t<div class=\"elementor-spacer-inner\"><\/div>\n\t\t<\/div>\n\t\t\t\t\t\t<\/div>\n\t\t\t\t<div class=\"elementor-element elementor-element-d349f90 elementor-widget elementor-widget-text-editor\" data-id=\"d349f90\" data-element_type=\"widget\" data-e-type=\"widget\" data-widget_type=\"text-editor.default\">\n\t\t\t\t\t\t\t\t\t<p>Avec un style proche de la prose po\u00e9tique, Les Vagues, publi\u00e9 en 1931, est le roman le plus exp\u00e9rimental de Virginia Woolf et l&#039;une des \u0153uvres qui ont marqu\u00e9 le d\u00e9but de la r\u00e9volution dans la litt\u00e9rature du XXe si\u00e8cle.<\/p><p>Les vagues vont et viennent, tandis que le soleil traverse le ciel du lever au coucher du soleil. Un espace et un temps captur\u00e9s avec une beaut\u00e9 exceptionnelle, dans lesquels s&#039;intercalent les monologues int\u00e9rieurs de six personnages qui, \u00e0 travers la technique du flux de pens\u00e9e, font irruption sur la sc\u00e8ne pour composer une r\u00e9flexion originale, profonde et diversifi\u00e9e sur l&#039;existence.<\/p>\t\t\t\t\t\t\t\t<\/div>\n\t\t\t\t<\/div>\n\t\t\t\t<\/div>\n\t\t\t\t<\/div>","protected":false},"excerpt":{"rendered":"<p>Las Olas, Virginia Wolf Con un estilo cercano a la prosa po\u00e9tica Las Olas, publicada en 1931, es la novela m\u00e1s experimental de Virginia Woolf y una de las obras con la que se inicia la revoluci\u00f3n de la literatura del siglo XX. Las olas van y vienen, mientras el sol recorre el cielo desde [&hellip;]<\/p>\n","protected":false},"author":1,"featured_media":0,"parent":0,"menu_order":0,"comment_status":"closed","ping_status":"closed","template":"","meta":{"slim_seo":{"title":"Las Olas,\u00a0Virginia Wolf | Islantilla","description":"Avec un style proche de la prose po\u00e9tique, Les Vagues, publi\u00e9 en 1931, est le roman le plus exp\u00e9rimental de Virginia Woolf et l&#039;une des \u0153uvres qui ont marqu\u00e9 le d\u00e9but de la r\u00e9volution dans la litt\u00e9rature du XXe si\u00e8cle."},"footnotes":""},"class_list":["post-3415","page","type-page","status-publish","hentry"],"_links":{"self":[{"href":"https:\/\/www.islantilla.es\/fr\/wp-json\/wp\/v2\/pages\/3415","targetHints":{"allow":["GET"]}}],"collection":[{"href":"https:\/\/www.islantilla.es\/fr\/wp-json\/wp\/v2\/pages"}],"about":[{"href":"https:\/\/www.islantilla.es\/fr\/wp-json\/wp\/v2\/types\/page"}],"author":[{"embeddable":true,"href":"https:\/\/www.islantilla.es\/fr\/wp-json\/wp\/v2\/users\/1"}],"replies":[{"embeddable":true,"href":"https:\/\/www.islantilla.es\/fr\/wp-json\/wp\/v2\/comments?post=3415"}],"version-history":[{"count":10,"href":"https:\/\/www.islantilla.es\/fr\/wp-json\/wp\/v2\/pages\/3415\/revisions"}],"predecessor-version":[{"id":3528,"href":"https:\/\/www.islantilla.es\/fr\/wp-json\/wp\/v2\/pages\/3415\/revisions\/3528"}],"wp:attachment":[{"href":"https:\/\/www.islantilla.es\/fr\/wp-json\/wp\/v2\/media?parent=3415"}],"curies":[{"name":"wp","href":"https:\/\/api.w.org\/{rel}","templated":true}]}}