{"id":3339,"date":"2024-10-29T11:02:55","date_gmt":"2024-10-29T10:02:55","guid":{"rendered":"https:\/\/www.islantilla.es\/?page_id=3339"},"modified":"2024-10-31T13:10:38","modified_gmt":"2024-10-31T12:10:38","slug":"jane-eyre-charlotte-bronte","status":"publish","type":"page","link":"https:\/\/www.islantilla.es\/fr\/jane-eyre-charlotte-bronte\/","title":{"rendered":"Jane Eyre, Charlotte Bront\u00eb"},"content":{"rendered":"<div data-elementor-type=\"wp-page\" data-elementor-id=\"3339\" class=\"elementor elementor-3339\" data-elementor-post-type=\"page\">\n\t\t\t\t<div class=\"elementor-element elementor-element-33632e0 e-con-full e-flex e-con e-parent\" data-id=\"33632e0\" data-element_type=\"container\" data-e-type=\"container\">\n\t\t<div class=\"elementor-element elementor-element-e06f2ad e-con-full e-flex e-con e-child\" data-id=\"e06f2ad\" data-element_type=\"container\" data-e-type=\"container\" data-settings=\"{&quot;background_background&quot;:&quot;classic&quot;}\">\n\t\t\t\t<\/div>\n\t\t<div class=\"elementor-element elementor-element-9c585a9 e-con-full e-flex e-con e-child\" data-id=\"9c585a9\" data-element_type=\"container\" data-e-type=\"container\">\n\t\t\t\t<div class=\"elementor-element elementor-element-dee8e24 elementor-widget elementor-widget-heading\" data-id=\"dee8e24\" data-element_type=\"widget\" data-e-type=\"widget\" data-widget_type=\"heading.default\">\n\t\t\t\t\t<h2 class=\"elementor-heading-title elementor-size-default\">Jane Eyre,<\/h2>\t\t\t\t<\/div>\n\t\t\t\t<div class=\"elementor-element elementor-element-610378c elementor-widget elementor-widget-heading\" data-id=\"610378c\" data-element_type=\"widget\" data-e-type=\"widget\" data-widget_type=\"heading.default\">\n\t\t\t\t\t<h2 class=\"elementor-heading-title elementor-size-default\">Charlotte Bront\u00eb<\/h2>\t\t\t\t<\/div>\n\t\t\t\t<div class=\"elementor-element elementor-element-d0fa6ea elementor-widget elementor-widget-spacer\" data-id=\"d0fa6ea\" data-element_type=\"widget\" data-e-type=\"widget\" data-widget_type=\"spacer.default\">\n\t\t\t\t\t\t\t<div class=\"elementor-spacer\">\n\t\t\t<div class=\"elementor-spacer-inner\"><\/div>\n\t\t<\/div>\n\t\t\t\t\t\t<\/div>\n\t\t\t\t<div class=\"elementor-element elementor-element-49b68f2 elementor-widget elementor-widget-text-editor\" data-id=\"49b68f2\" data-element_type=\"widget\" data-e-type=\"widget\" data-widget_type=\"text-editor.default\">\n\t\t\t\t\t\t\t\t\t<p>En 1847, Jane Eyre est publi\u00e9e \u00e0 Londres, sign\u00e9e par son auteur sous le pseudonyme de Currer Bell, o\u00f9 elle cache ses initiales, tout comme ses s\u0153urs. Il est consid\u00e9r\u00e9 comme l\u2019un des premiers romans f\u00e9ministes (qualifi\u00e9 \u00e0 l\u2019\u00e9poque de dangereux manifeste\u2026). La technique d&#039;\u00e9criture automatique et la narration \u00e0 la premi\u00e8re personne du protagoniste donnent un ton intime inhabituel \u00e0 des th\u00e8mes tels que le mariage et l&#039;\u00e9rotisme, r\u00e9alisant un roman audacieux qui a obtenu un \u00e9norme succ\u00e8s imm\u00e9diat, malgr\u00e9 lequel Charlotte Bront\u00eb a mis des ann\u00e9es \u00e0 en reconna\u00eetre la paternit\u00e9.<\/p>\t\t\t\t\t\t\t\t<\/div>\n\t\t\t\t<\/div>\n\t\t\t\t<\/div>\n\t\t\t\t<\/div>","protected":false},"excerpt":{"rendered":"<p>Jane Eyre, Charlotte Bront\u00eb En 1847 se publica en Londres Jane Eyre, firmada por su autora bajo el pseud\u00f3nimo de Currer Bell, donde escond\u00eda sus iniciales, al igual que hicieran sus hermanas. Es considerada una de las primeras novelas feministas (tachada en su d\u00eda de peligroso manifiesto&#8230;). La t\u00e9cnica de la escritura autom\u00e1tica y la [&hellip;]<\/p>\n","protected":false},"author":1,"featured_media":0,"parent":0,"menu_order":0,"comment_status":"closed","ping_status":"closed","template":"","meta":{"slim_seo":{"title":"Jane Eyre, Charlotte Bront\u00eb | Islantilla","description":"En 1847 se publica en Londres Jane Eyre, firmada por su autora bajo el pseud\u00f3nimo de Currer Bell, donde escond\u00eda sus iniciales, al igual que hicieran sus hermanas."},"footnotes":""},"class_list":["post-3339","page","type-page","status-publish","hentry"],"_links":{"self":[{"href":"https:\/\/www.islantilla.es\/fr\/wp-json\/wp\/v2\/pages\/3339","targetHints":{"allow":["GET"]}}],"collection":[{"href":"https:\/\/www.islantilla.es\/fr\/wp-json\/wp\/v2\/pages"}],"about":[{"href":"https:\/\/www.islantilla.es\/fr\/wp-json\/wp\/v2\/types\/page"}],"author":[{"embeddable":true,"href":"https:\/\/www.islantilla.es\/fr\/wp-json\/wp\/v2\/users\/1"}],"replies":[{"embeddable":true,"href":"https:\/\/www.islantilla.es\/fr\/wp-json\/wp\/v2\/comments?post=3339"}],"version-history":[{"count":32,"href":"https:\/\/www.islantilla.es\/fr\/wp-json\/wp\/v2\/pages\/3339\/revisions"}],"predecessor-version":[{"id":3516,"href":"https:\/\/www.islantilla.es\/fr\/wp-json\/wp\/v2\/pages\/3339\/revisions\/3516"}],"wp:attachment":[{"href":"https:\/\/www.islantilla.es\/fr\/wp-json\/wp\/v2\/media?parent=3339"}],"curies":[{"name":"wp","href":"https:\/\/api.w.org\/{rel}","templated":true}]}}