{"id":1847,"date":"2024-03-26T17:09:02","date_gmt":"2024-03-26T16:09:02","guid":{"rendered":"https:\/\/www.islantilla.es\/?page_id=1847"},"modified":"2025-12-01T18:16:20","modified_gmt":"2025-12-01T17:16:20","slug":"cycling-islantilla-senderolitoral-lepe","status":"publish","type":"page","link":"https:\/\/www.islantilla.es\/fr\/cycling-islantilla-senderolitoral-lepe\/","title":{"rendered":"Islantilla \u2013 Sentier c\u00f4tier \u2013 Lepe"},"content":{"rendered":"<div data-elementor-type=\"wp-page\" data-elementor-id=\"1847\" class=\"elementor elementor-1847\" data-elementor-post-type=\"page\">\n\t\t\t\t<div class=\"elementor-element elementor-element-07d66ff e-flex e-con-boxed elementor-invisible e-con e-parent\" data-id=\"07d66ff\" data-element_type=\"container\" data-e-type=\"container\" data-settings=\"{&quot;background_background&quot;:&quot;classic&quot;,&quot;animation&quot;:&quot;fadeIn&quot;}\">\n\t\t\t\t\t<div class=\"e-con-inner\">\n\t\t\t\t<div class=\"elementor-element elementor-element-3b65e8e elementor-widget__width-inherit elementor-widget elementor-widget-heading\" data-id=\"3b65e8e\" data-element_type=\"widget\" data-e-type=\"widget\" data-widget_type=\"heading.default\">\n\t\t\t\t\t<h2 class=\"elementor-heading-title elementor-size-default\">ISLANTILLA - SENTIER C\u00d4TIER - LEPE<\/h2>\t\t\t\t<\/div>\n\t\t\t\t<div class=\"elementor-element elementor-element-1110865 elementor-widget__width-inherit elementor-widget elementor-widget-heading\" data-id=\"1110865\" data-element_type=\"widget\" data-e-type=\"widget\" data-widget_type=\"heading.default\">\n\t\t\t\t\t<h2 class=\"elementor-heading-title elementor-size-default\">PARCOURS VTT<\/h2>\t\t\t\t<\/div>\n\t\t\t\t\t<\/div>\n\t\t\t\t<\/div>\n\t\t<div class=\"elementor-element elementor-element-c4343ae e-flex e-con-boxed elementor-invisible e-con e-parent\" data-id=\"c4343ae\" data-element_type=\"container\" data-e-type=\"container\" data-settings=\"{&quot;animation&quot;:&quot;fadeInUp&quot;}\">\n\t\t\t\t\t<div class=\"e-con-inner\">\n\t\t<div class=\"elementor-element elementor-element-a56048d e-grid e-con-boxed e-con e-child\" data-id=\"a56048d\" data-element_type=\"container\" data-e-type=\"container\">\n\t\t\t\t\t<div class=\"e-con-inner\">\n\t\t\t\t<div class=\"elementor-element elementor-element-a6a7ba7 elementor-widget elementor-widget-image\" data-id=\"a6a7ba7\" data-element_type=\"widget\" data-e-type=\"widget\" data-widget_type=\"image.default\">\n\t\t\t\t\t\t\t\t\t\t\t\t\t\t\t<img fetchpriority=\"high\" decoding=\"async\" width=\"800\" height=\"534\" src=\"https:\/\/www.islantilla.es\/wp-content\/uploads\/2024\/03\/Islantilla-Sendero-Litoral-Lepe-1024x683.webp\" class=\"attachment-large size-large wp-image-1623\" alt=\"Ruta en bicicleta Islantilla Sendero Litoral Lepe\" srcset=\"https:\/\/www.islantilla.es\/wp-content\/uploads\/2024\/03\/Islantilla-Sendero-Litoral-Lepe-1024x683.webp 1024w, https:\/\/www.islantilla.es\/wp-content\/uploads\/2024\/03\/Islantilla-Sendero-Litoral-Lepe-300x200.webp 300w, https:\/\/www.islantilla.es\/wp-content\/uploads\/2024\/03\/Islantilla-Sendero-Litoral-Lepe-768x512.webp 768w, https:\/\/www.islantilla.es\/wp-content\/uploads\/2024\/03\/Islantilla-Sendero-Litoral-Lepe-18x12.webp 18w, https:\/\/www.islantilla.es\/wp-content\/uploads\/2024\/03\/Islantilla-Sendero-Litoral-Lepe.webp 1384w\" sizes=\"(max-width: 800px) 100vw, 800px\" \/>\t\t\t\t\t\t\t\t\t\t\t\t\t\t\t<\/div>\n\t\t<div class=\"elementor-element elementor-element-4e91754 e-grid e-con-boxed e-con e-child\" data-id=\"4e91754\" data-element_type=\"container\" data-e-type=\"container\">\n\t\t\t\t\t<div class=\"e-con-inner\">\n\t\t\t\t<div class=\"elementor-element elementor-element-160b924 elementor-position-left elementor-position-top elementor-vertical-align-bottom elementor-widget elementor-widget-image-box\" data-id=\"160b924\" data-element_type=\"widget\" data-e-type=\"widget\" data-widget_type=\"image-box.default\">\n\t\t\t\t\t<div class=\"elementor-image-box-wrapper\"><figure class=\"elementor-image-box-img\"><img decoding=\"async\" width=\"80\" height=\"80\" src=\"https:\/\/www.islantilla.es\/wp-content\/uploads\/2024\/03\/Distancia.webp\" class=\"attachment-full size-full wp-image-1745\" alt=\"Icono azul de una se\u00f1al de direcci\u00f3n que representa la distancia de la ruta.\" srcset=\"https:\/\/www.islantilla.es\/wp-content\/uploads\/2024\/03\/Distancia.webp 80w, https:\/\/www.islantilla.es\/wp-content\/uploads\/2024\/03\/Distancia-12x12.webp 12w\" sizes=\"(max-width: 80px) 100vw, 80px\" \/><\/figure><div class=\"elementor-image-box-content\"><h3 class=\"elementor-image-box-title\">Distance<\/h3><p class=\"elementor-image-box-description\">24,20 km<\/p><\/div><\/div>\t\t\t\t<\/div>\n\t\t\t\t<div class=\"elementor-element elementor-element-6fdfb0c elementor-position-left elementor-position-top elementor-vertical-align-bottom elementor-widget elementor-widget-image-box\" data-id=\"6fdfb0c\" data-element_type=\"widget\" data-e-type=\"widget\" data-widget_type=\"image-box.default\">\n\t\t\t\t\t<div class=\"elementor-image-box-wrapper\"><figure class=\"elementor-image-box-img\"><img decoding=\"async\" width=\"80\" height=\"80\" src=\"https:\/\/www.islantilla.es\/wp-content\/uploads\/2024\/03\/Altitud.webp\" class=\"attachment-full size-full wp-image-1744\" alt=\"Icono azul con un tri\u00e1ngulo y una pendiente que representa la altitud o desnivel de la ruta en bicicleta.\" srcset=\"https:\/\/www.islantilla.es\/wp-content\/uploads\/2024\/03\/Altitud.webp 80w, https:\/\/www.islantilla.es\/wp-content\/uploads\/2024\/03\/Altitud-12x12.webp 12w\" sizes=\"(max-width: 80px) 100vw, 80px\" \/><\/figure><div class=\"elementor-image-box-content\"><h3 class=\"elementor-image-box-title\">Altitude<\/h3><p class=\"elementor-image-box-description\">128m<\/p><\/div><\/div>\t\t\t\t<\/div>\n\t\t\t\t<div class=\"elementor-element elementor-element-edfd6e6 elementor-position-left elementor-position-top elementor-vertical-align-bottom elementor-widget elementor-widget-image-box\" data-id=\"edfd6e6\" data-element_type=\"widget\" data-e-type=\"widget\" data-widget_type=\"image-box.default\">\n\t\t\t\t\t<div class=\"elementor-image-box-wrapper\"><figure class=\"elementor-image-box-img\"><img loading=\"lazy\" decoding=\"async\" width=\"80\" height=\"80\" src=\"https:\/\/www.islantilla.es\/wp-content\/uploads\/2024\/03\/Dificultad.webp\" class=\"attachment-full size-full wp-image-1743\" alt=\"Icono azul de una bicicleta que representa la dificultad del recorrido en bici.\" srcset=\"https:\/\/www.islantilla.es\/wp-content\/uploads\/2024\/03\/Dificultad.webp 80w, https:\/\/www.islantilla.es\/wp-content\/uploads\/2024\/03\/Dificultad-12x12.webp 12w\" sizes=\"(max-width: 80px) 100vw, 80px\" \/><\/figure><div class=\"elementor-image-box-content\"><h3 class=\"elementor-image-box-title\">Difficult\u00e9<\/h3><p class=\"elementor-image-box-description\">FACILE<\/p><\/div><\/div>\t\t\t\t<\/div>\n\t\t\t\t\t<\/div>\n\t\t\t\t<\/div>\n\t\t\t\t\t<\/div>\n\t\t\t\t<\/div>\n\t\t\t\t<div class=\"elementor-element elementor-element-cdd3a7e elementor-widget elementor-widget-text-editor\" data-id=\"cdd3a7e\" data-element_type=\"widget\" data-e-type=\"widget\" data-widget_type=\"text-editor.default\">\n\t\t\t\t\t\t\t\t\t<p>Itin\u00e9raire VTT sans difficult\u00e9, commen\u00e7ant \u00e0 Islantilla et arrivant \u00e0 Lepe par un itin\u00e9raire simple et pratique. Visitez la plage de Nueva Umbr\u00eda le long de la c\u00f4te et le port d&#039;El Terr\u00f3n pour profiter d&#039;une vue magnifique sur le parc naturel des Marismas del R\u00edo Piedras et la Flecha de El Rompido.<\/p>\t\t\t\t\t\t\t\t<\/div>\n\t\t<div class=\"elementor-element elementor-element-0775ab2 e-grid e-con-boxed e-con e-child\" data-id=\"0775ab2\" data-element_type=\"container\" data-e-type=\"container\">\n\t\t\t\t\t<div class=\"e-con-inner\">\n\t\t\t\t<div class=\"elementor-element elementor-element-4cb245e elementor-widget elementor-widget-button\" data-id=\"4cb245e\" data-element_type=\"widget\" data-e-type=\"widget\" data-widget_type=\"button.default\">\n\t\t\t\t\t\t\t\t\t\t<a class=\"elementor-button elementor-button-link elementor-size-sm\" href=\"https:\/\/www.islantilla.es\/wp-content\/uploads\/2024\/03\/islantilla-sendero-litoral-lepe.zip\">\n\t\t\t\t\t\t<span class=\"elementor-button-content-wrapper\">\n\t\t\t\t\t\t\t\t\t<span class=\"elementor-button-text\">T\u00e9l\u00e9charger l&#039;itin\u00e9raire<\/span>\n\t\t\t\t\t<\/span>\n\t\t\t\t\t<\/a>\n\t\t\t\t\t\t\t\t<\/div>\n\t\t\t\t<div class=\"elementor-element elementor-element-a3f0403 elementor-widget elementor-widget-image\" data-id=\"a3f0403\" data-element_type=\"widget\" data-e-type=\"widget\" data-widget_type=\"image.default\">\n\t\t\t\t\t\t\t\t\t\t\t\t\t\t\t<img loading=\"lazy\" decoding=\"async\" width=\"131\" height=\"131\" src=\"https:\/\/www.islantilla.es\/wp-content\/uploads\/2024\/03\/QR005.webp\" class=\"attachment-thumbnail size-thumbnail wp-image-1752\" alt=\"C\u00f3digo QR que enlaza a la ruta cicloturista Islantilla \u2013 Lepe por el sendero litoral en la web de Cycling Friendly.\" srcset=\"https:\/\/www.islantilla.es\/wp-content\/uploads\/2024\/03\/QR005.webp 131w, https:\/\/www.islantilla.es\/wp-content\/uploads\/2024\/03\/QR005-12x12.webp 12w\" sizes=\"(max-width: 131px) 100vw, 131px\" \/>\t\t\t\t\t\t\t\t\t\t\t\t\t\t\t<\/div>\n\t\t\t\t\t<\/div>\n\t\t\t\t<\/div>\n\t\t<div class=\"elementor-element elementor-element-81f52c9 e-grid e-con-boxed e-con e-child\" data-id=\"81f52c9\" data-element_type=\"container\" data-e-type=\"container\">\n\t\t\t\t\t<div class=\"e-con-inner\">\n\t\t\t\t<div class=\"elementor-element elementor-element-449a90e elementor-widget elementor-widget-image\" data-id=\"449a90e\" data-element_type=\"widget\" data-e-type=\"widget\" data-widget_type=\"image.default\">\n\t\t\t\t\t\t\t\t\t\t\t\t\t\t\t<img loading=\"lazy\" decoding=\"async\" width=\"800\" height=\"250\" src=\"https:\/\/www.islantilla.es\/wp-content\/uploads\/2024\/03\/MapaRuta05.webp\" class=\"attachment-large size-large wp-image-1762\" alt=\"Ruta 5. Mapa de la ruta cicloturista desde Islantilla hasta Lepe por el sendero litoral de Huelva.\" srcset=\"https:\/\/www.islantilla.es\/wp-content\/uploads\/2024\/03\/MapaRuta05.webp 971w, https:\/\/www.islantilla.es\/wp-content\/uploads\/2024\/03\/MapaRuta05-300x94.webp 300w, https:\/\/www.islantilla.es\/wp-content\/uploads\/2024\/03\/MapaRuta05-768x240.webp 768w, https:\/\/www.islantilla.es\/wp-content\/uploads\/2024\/03\/MapaRuta05-18x6.webp 18w\" sizes=\"(max-width: 800px) 100vw, 800px\" \/>\t\t\t\t\t\t\t\t\t\t\t\t\t\t\t<\/div>\n\t\t\t\t<div class=\"elementor-element elementor-element-a89fc2d elementor-widget elementor-widget-image\" data-id=\"a89fc2d\" data-element_type=\"widget\" data-e-type=\"widget\" data-widget_type=\"image.default\">\n\t\t\t\t\t\t\t\t\t\t\t\t\t\t\t<img loading=\"lazy\" decoding=\"async\" width=\"800\" height=\"235\" src=\"https:\/\/www.islantilla.es\/wp-content\/uploads\/2024\/03\/PerfilRuta05.webp\" class=\"attachment-large size-large wp-image-1772\" alt=\"Ruta 5. Perfil de altitud de la ruta en bicicleta desde Islantilla hasta Lepe por el sendero litoral.\" srcset=\"https:\/\/www.islantilla.es\/wp-content\/uploads\/2024\/03\/PerfilRuta05.webp 975w, https:\/\/www.islantilla.es\/wp-content\/uploads\/2024\/03\/PerfilRuta05-300x88.webp 300w, https:\/\/www.islantilla.es\/wp-content\/uploads\/2024\/03\/PerfilRuta05-768x225.webp 768w, https:\/\/www.islantilla.es\/wp-content\/uploads\/2024\/03\/PerfilRuta05-18x5.webp 18w\" sizes=\"(max-width: 800px) 100vw, 800px\" \/>\t\t\t\t\t\t\t\t\t\t\t\t\t\t\t<\/div>\n\t\t\t\t\t<\/div>\n\t\t\t\t<\/div>\n\t\t\t\t\t<\/div>\n\t\t\t\t<\/div>\n\t\t\t\t<\/div>","protected":false},"excerpt":{"rendered":"<p>ISLANTILLA &#8211; SENDERO LITORAL &#8211; LEPE RUTA DE MTB Distancia 24,20 km Altitud 128 m Dificultad F\u00c1CIL Ruta para bicicleta de monta\u00f1a sin dificultad, con salida en Islantilla, llegando a Lepe por un recorrido sencillo y pr\u00e1ctico. Visitando la Playa de Nueva Umbr\u00eda por el litoral, y el Puerto de El Terr\u00f3n para disfrutar de [&hellip;]<\/p>\n","protected":false},"author":1,"featured_media":0,"parent":0,"menu_order":0,"comment_status":"closed","ping_status":"closed","template":"elementor_header_footer","meta":{"slim_seo":{"title":"Ruta MTB Islantilla - Sendero Litoral - Lepe | Islantilla","description":"Itin\u00e9raire VTT sans difficult\u00e9, commen\u00e7ant \u00e0 Islantilla et arrivant \u00e0 Lepe par un itin\u00e9raire simple et pratique. Visitez la plage de Nueva Umbr\u00eda le long de la c\u00f4te et le port d&#039;El Terr\u00f3n pour profiter d&#039;une vue magnifique sur le parc naturel des Marismas del R\u00edo Piedras et la Flecha de El Rompido."},"footnotes":""},"class_list":["post-1847","page","type-page","status-publish","hentry"],"_links":{"self":[{"href":"https:\/\/www.islantilla.es\/fr\/wp-json\/wp\/v2\/pages\/1847","targetHints":{"allow":["GET"]}}],"collection":[{"href":"https:\/\/www.islantilla.es\/fr\/wp-json\/wp\/v2\/pages"}],"about":[{"href":"https:\/\/www.islantilla.es\/fr\/wp-json\/wp\/v2\/types\/page"}],"author":[{"embeddable":true,"href":"https:\/\/www.islantilla.es\/fr\/wp-json\/wp\/v2\/users\/1"}],"replies":[{"embeddable":true,"href":"https:\/\/www.islantilla.es\/fr\/wp-json\/wp\/v2\/comments?post=1847"}],"version-history":[{"count":23,"href":"https:\/\/www.islantilla.es\/fr\/wp-json\/wp\/v2\/pages\/1847\/revisions"}],"predecessor-version":[{"id":7197,"href":"https:\/\/www.islantilla.es\/fr\/wp-json\/wp\/v2\/pages\/1847\/revisions\/7197"}],"wp:attachment":[{"href":"https:\/\/www.islantilla.es\/fr\/wp-json\/wp\/v2\/media?parent=1847"}],"curies":[{"name":"wp","href":"https:\/\/api.w.org\/{rel}","templated":true}]}}