{"id":1718,"date":"2024-03-26T12:25:58","date_gmt":"2024-03-26T11:25:58","guid":{"rendered":"https:\/\/www.islantilla.es\/?page_id=1718"},"modified":"2026-04-20T18:36:21","modified_gmt":"2026-04-20T16:36:21","slug":"pr-a-131","status":"publish","type":"page","link":"https:\/\/www.islantilla.es\/fr\/pr-a-131\/","title":{"rendered":"PR-A-131"},"content":{"rendered":"<div data-elementor-type=\"wp-page\" data-elementor-id=\"1718\" class=\"elementor elementor-1718\" data-elementor-post-type=\"page\">\n\t\t\t\t<div class=\"elementor-element elementor-element-dbd59a7 e-flex e-con-boxed elementor-invisible e-con e-parent\" data-id=\"dbd59a7\" data-element_type=\"container\" data-e-type=\"container\" data-settings=\"{&quot;background_background&quot;:&quot;classic&quot;,&quot;animation&quot;:&quot;fadeIn&quot;}\">\n\t\t\t\t\t<div class=\"e-con-inner\">\n\t\t\t\t<div class=\"elementor-element elementor-element-fefee60 elementor-widget__width-inherit elementor-widget elementor-widget-heading\" data-id=\"fefee60\" data-element_type=\"widget\" data-e-type=\"widget\" data-widget_type=\"heading.default\">\n\t\t\t\t\t<h2 class=\"elementor-heading-title elementor-size-default\">PR-A 131<\/h2>\t\t\t\t<\/div>\n\t\t\t\t<div class=\"elementor-element elementor-element-d120d7e elementor-widget__width-inherit elementor-widget elementor-widget-heading\" data-id=\"d120d7e\" data-element_type=\"widget\" data-e-type=\"widget\" data-widget_type=\"heading.default\">\n\t\t\t\t\t<h2 class=\"elementor-heading-title elementor-size-default\">CHEMIN APPROUV\u00c9 POUR UNE UTILISATION SPORTIVE <\/h2>\t\t\t\t<\/div>\n\t\t\t\t<div class=\"elementor-element elementor-element-564e40f elementor-widget__width-inherit elementor-widget elementor-widget-heading\" data-id=\"564e40f\" data-element_type=\"widget\" data-e-type=\"widget\" data-widget_type=\"heading.default\">\n\t\t\t\t\t<h2 class=\"elementor-heading-title elementor-size-default\">C\u00f4te occidentale de Huelva<\/h2>\t\t\t\t<\/div>\n\t\t\t\t\t<\/div>\n\t\t\t\t<\/div>\n\t\t<div class=\"elementor-element elementor-element-d95254f e-flex e-con-boxed e-con e-parent\" data-id=\"d95254f\" data-element_type=\"container\" data-e-type=\"container\">\n\t\t\t\t\t<div class=\"e-con-inner\">\n\t\t<div class=\"elementor-element elementor-element-0594e4d e-con-full e-flex e-con e-child\" data-id=\"0594e4d\" data-element_type=\"container\" data-e-type=\"container\">\n\t\t\t\t<div class=\"elementor-element elementor-element-983b7e2 elementor-mobile-align-justify elementor-widget-mobile__width-inherit elementor-widget elementor-widget-button\" data-id=\"983b7e2\" data-element_type=\"widget\" data-e-type=\"widget\" data-widget_type=\"button.default\">\n\t\t\t\t\t\t\t\t\t\t<a class=\"elementor-button elementor-button-link elementor-size-sm\" href=\"https:\/\/www.islantilla.es\/wp-content\/uploads\/2026\/04\/PR-A-131-Folleto-2024.pdf\" target=\"_blank\">\n\t\t\t\t\t\t<span class=\"elementor-button-content-wrapper\">\n\t\t\t\t\t\t\t\t\t<span class=\"elementor-button-text\">T\u00c9L\u00c9CHARGER LA BROCHURE<\/span>\n\t\t\t\t\t<\/span>\n\t\t\t\t\t<\/a>\n\t\t\t\t\t\t\t\t<\/div>\n\t\t\t\t<\/div>\n\t\t<div class=\"elementor-element elementor-element-3016fdd e-con-full e-flex e-con e-child\" data-id=\"3016fdd\" data-element_type=\"container\" data-e-type=\"container\">\n\t\t\t\t<div class=\"elementor-element elementor-element-5f3c445 elementor-mobile-align-justify elementor-widget-mobile__width-inherit elementor-widget elementor-widget-button\" data-id=\"5f3c445\" data-element_type=\"widget\" data-e-type=\"widget\" data-widget_type=\"button.default\">\n\t\t\t\t\t\t\t\t\t\t<a class=\"elementor-button elementor-button-link elementor-size-sm\" href=\"https:\/\/es.wikiloc.com\/rutas-senderismo\/pr-a-131-sendero-costa-occidental-huelva-157882851\" target=\"_blank\">\n\t\t\t\t\t\t<span class=\"elementor-button-content-wrapper\">\n\t\t\t\t\t\t\t\t\t<span class=\"elementor-button-text\">ITIN\u00c9RAIRE SUR WIKILOC<\/span>\n\t\t\t\t\t<\/span>\n\t\t\t\t\t<\/a>\n\t\t\t\t\t\t\t\t<\/div>\n\t\t\t\t<\/div>\n\t\t\t\t\t<\/div>\n\t\t\t\t<\/div>\n\t\t<div class=\"elementor-element elementor-element-d402051 e-flex e-con-boxed e-con e-parent\" data-id=\"d402051\" data-element_type=\"container\" data-e-type=\"container\">\n\t\t\t\t\t<div class=\"e-con-inner\">\n\t\t\t\t<div class=\"elementor-element elementor-element-43048cc elementor-widget elementor-widget-image\" data-id=\"43048cc\" data-element_type=\"widget\" data-e-type=\"widget\" data-widget_type=\"image.default\">\n\t\t\t\t\t\t\t\t\t\t\t\t\t\t\t<img fetchpriority=\"high\" decoding=\"async\" width=\"800\" height=\"600\" src=\"https:\/\/www.islantilla.es\/wp-content\/uploads\/2024\/03\/Ruta1.webp\" class=\"attachment-large size-large wp-image-1723\" alt=\"Vista panor\u00e1mica de la playa de Nueva Umbr\u00eda, con dunas y arena dorada junto al mar en un entorno natural y tranquilo.\" srcset=\"https:\/\/www.islantilla.es\/wp-content\/uploads\/2024\/03\/Ruta1.webp 936w, https:\/\/www.islantilla.es\/wp-content\/uploads\/2024\/03\/Ruta1-300x225.webp 300w, https:\/\/www.islantilla.es\/wp-content\/uploads\/2024\/03\/Ruta1-768x576.webp 768w, https:\/\/www.islantilla.es\/wp-content\/uploads\/2024\/03\/Ruta1-16x12.webp 16w\" sizes=\"(max-width: 800px) 100vw, 800px\" \/>\t\t\t\t\t\t\t\t\t\t\t\t\t\t\t<\/div>\n\t\t\t\t<div class=\"elementor-element elementor-element-6879c0b elementor-widget elementor-widget-heading\" data-id=\"6879c0b\" data-element_type=\"widget\" data-e-type=\"widget\" data-widget_type=\"heading.default\">\n\t\t\t\t\t<h2 class=\"elementor-heading-title elementor-size-default\">Acc\u00e8s aux sentiers<\/h2>\t\t\t\t<\/div>\n\t\t\t\t<div class=\"elementor-element elementor-element-b296deb elementor-widget elementor-widget-text-editor\" data-id=\"b296deb\" data-element_type=\"widget\" data-e-type=\"widget\" data-widget_type=\"text-editor.default\">\n\t\t\t\t\t\t\t\t\t<p>Le sentier est situ\u00e9 dans un environnement privil\u00e9gi\u00e9 sur la c\u00f4te ouest de la province de Huelva, au sud-ouest de la r\u00e9gion andalouse et sur la Costa de la Luz. L&#039;acc\u00e8s au d\u00e9but du sentier se trouve \u00e0 Pinar de Isla Cristina, sur Playa Central Levante. Pendant les premiers kilom\u00e8tres, le chemin est parall\u00e8le \u00e0 la route qui relie Islantilla \u00e0 Isla Cristina, il existe donc de nombreuses possibilit\u00e9s pour y acc\u00e9der. Enfin, le retour se fait depuis la plage de Nueva Umbria.<\/p>\t\t\t\t\t\t\t\t<\/div>\n\t\t<div class=\"elementor-element elementor-element-7432ead e-grid e-con-boxed e-con e-child\" data-id=\"7432ead\" data-element_type=\"container\" data-e-type=\"container\">\n\t\t\t\t\t<div class=\"e-con-inner\">\n\t\t\t\t<div class=\"elementor-element elementor-element-cb1d5d0 elementor-widget elementor-widget-image\" data-id=\"cb1d5d0\" data-element_type=\"widget\" data-e-type=\"widget\" data-widget_type=\"image.default\">\n\t\t\t\t\t\t\t\t\t\t\t\t\t\t\t<img decoding=\"async\" width=\"677\" height=\"1024\" src=\"https:\/\/www.islantilla.es\/wp-content\/uploads\/2024\/03\/Mapa-677x1024.webp\" class=\"attachment-large size-large wp-image-1727\" alt=\"Mapa que muestra la localizaci\u00f3n de Islantilla en el suroeste de Espa\u00f1a, dentro de Andaluc\u00eda y la provincia de Huelva.\" srcset=\"https:\/\/www.islantilla.es\/wp-content\/uploads\/2024\/03\/Mapa-677x1024.webp 677w, https:\/\/www.islantilla.es\/wp-content\/uploads\/2024\/03\/Mapa-198x300.webp 198w, https:\/\/www.islantilla.es\/wp-content\/uploads\/2024\/03\/Mapa-768x1161.webp 768w, https:\/\/www.islantilla.es\/wp-content\/uploads\/2024\/03\/Mapa-1016x1536.webp 1016w, https:\/\/www.islantilla.es\/wp-content\/uploads\/2024\/03\/Mapa-8x12.webp 8w, https:\/\/www.islantilla.es\/wp-content\/uploads\/2024\/03\/Mapa.webp 1132w\" sizes=\"(max-width: 677px) 100vw, 677px\" \/>\t\t\t\t\t\t\t\t\t\t\t\t\t\t\t<\/div>\n\t\t<div class=\"elementor-element elementor-element-de3bb20 e-flex e-con-boxed e-con e-child\" data-id=\"de3bb20\" data-element_type=\"container\" data-e-type=\"container\">\n\t\t\t\t\t<div class=\"e-con-inner\">\n\t\t\t\t<div class=\"elementor-element elementor-element-8240c6c elementor-widget elementor-widget-heading\" data-id=\"8240c6c\" data-element_type=\"widget\" data-e-type=\"widget\" data-widget_type=\"heading.default\">\n\t\t\t\t\t<h2 class=\"elementor-heading-title elementor-size-default\">DONN\u00c9ES TECHNIQUES:<\/h2>\t\t\t\t<\/div>\n\t\t\t\t<div class=\"elementor-element elementor-element-0982fa7 elementor-widget elementor-widget-text-editor\" data-id=\"0982fa7\" data-element_type=\"widget\" data-e-type=\"widget\" data-widget_type=\"text-editor.default\">\n\t\t\t\t\t\t\t\t\t<p><strong>Itin\u00e9raire:<\/strong> Circulaire<\/p><p><strong>Longueur:<\/strong> 25,5km<\/p><p><strong>Temps:<\/strong> 7 heures et 16 minutes<\/p><p><strong>Altitude +\u00a0:<\/strong> 247m<\/p><p><strong>In\u00e9galit\u00e9 -\u00a0:<\/strong> 59m<\/p><p><strong>Atterrir:<\/strong> Sable compact, piste et ciment<\/p><p><strong>Difficult\u00e9:<\/strong> 2<\/p>\t\t\t\t\t\t\t\t<\/div>\n\t\t\t\t\t<\/div>\n\t\t\t\t<\/div>\n\t\t\t\t\t<\/div>\n\t\t\t\t<\/div>\n\t\t\t\t<div class=\"elementor-element elementor-element-53dd370 elementor-widget elementor-widget-image\" data-id=\"53dd370\" data-element_type=\"widget\" data-e-type=\"widget\" data-widget_type=\"image.default\">\n\t\t\t\t\t\t\t\t\t\t\t\t\t\t\t<img decoding=\"async\" width=\"1824\" height=\"1052\" src=\"https:\/\/www.islantilla.es\/wp-content\/uploads\/2024\/03\/Mapa1.webp\" class=\"attachment-full size-full wp-image-1726\" alt=\"Mapa del sendero PR-A 131 \u201cCosta Occidental de Huelva\u201d, que conecta Isla Cristina, Islantilla y La Antilla, mostrando los principales puntos de inter\u00e9s del recorrido.\" srcset=\"https:\/\/www.islantilla.es\/wp-content\/uploads\/2024\/03\/Mapa1.webp 1824w, https:\/\/www.islantilla.es\/wp-content\/uploads\/2024\/03\/Mapa1-300x173.webp 300w, https:\/\/www.islantilla.es\/wp-content\/uploads\/2024\/03\/Mapa1-1024x591.webp 1024w, https:\/\/www.islantilla.es\/wp-content\/uploads\/2024\/03\/Mapa1-768x443.webp 768w, https:\/\/www.islantilla.es\/wp-content\/uploads\/2024\/03\/Mapa1-1536x886.webp 1536w, https:\/\/www.islantilla.es\/wp-content\/uploads\/2024\/03\/Mapa1-18x10.webp 18w\" sizes=\"(max-width: 1824px) 100vw, 1824px\" \/>\t\t\t\t\t\t\t\t\t\t\t\t\t\t\t<\/div>\n\t\t\t\t<div class=\"elementor-element elementor-element-b0f9aa3 elementor-widget elementor-widget-image\" data-id=\"b0f9aa3\" data-element_type=\"widget\" data-e-type=\"widget\" data-widget_type=\"image.default\">\n\t\t\t\t\t\t\t\t\t\t\t\t\t\t\t<img loading=\"lazy\" decoding=\"async\" width=\"1828\" height=\"1464\" src=\"https:\/\/www.islantilla.es\/wp-content\/uploads\/2024\/03\/Mapa2.webp\" class=\"attachment-full size-full wp-image-1725\" alt=\"Mapa con tres rutas circulares de senderismo en Islantilla: Ruta El Camale\u00f3n, Ruta de los Cabezos y Ruta Playa Nueva Umbr\u00eda, con su longitud y tiempo estimado.\" srcset=\"https:\/\/www.islantilla.es\/wp-content\/uploads\/2024\/03\/Mapa2.webp 1828w, https:\/\/www.islantilla.es\/wp-content\/uploads\/2024\/03\/Mapa2-300x240.webp 300w, https:\/\/www.islantilla.es\/wp-content\/uploads\/2024\/03\/Mapa2-1024x820.webp 1024w, https:\/\/www.islantilla.es\/wp-content\/uploads\/2024\/03\/Mapa2-768x615.webp 768w, https:\/\/www.islantilla.es\/wp-content\/uploads\/2024\/03\/Mapa2-1536x1230.webp 1536w, https:\/\/www.islantilla.es\/wp-content\/uploads\/2024\/03\/Mapa2-15x12.webp 15w\" sizes=\"(max-width: 1828px) 100vw, 1828px\" \/>\t\t\t\t\t\t\t\t\t\t\t\t\t\t\t<\/div>\n\t\t\t\t<div class=\"elementor-element elementor-element-5bc2725 elementor-widget elementor-widget-text-editor\" data-id=\"5bc2725\" data-element_type=\"widget\" data-e-type=\"widget\" data-widget_type=\"text-editor.default\">\n\t\t\t\t\t\t\t\t\t<p>Il s&#039;agit d&#039;un sentier circulaire qui pr\u00e9sente une grande diversit\u00e9 biologique bien qu&#039;il relie Isla Cristina et les centres urbains d&#039;Urbasur, Islantilla et La Antilla. Il y a trois circuits clairement balis\u00e9s le long de son trac\u00e9. La premi\u00e8re partie traverse un environnement dunaire jusqu&#039;\u00e0 atteindre la zone urbaine du Paseo de Poniente, \u00e0 Islantilla ; La seconde part de l\u00e0 jusqu&#039;\u00e0 l&#039;extr\u00e9mit\u00e9 orientale du Parque de los Cabezos ; et la troisi\u00e8me commence \u00e0 la sortie de ce parc jusqu&#039;\u00e0 atteindre la plage vierge de Nueva Umbr\u00eda, pr\u00e8s de Puerto del Terr\u00f3n. A chacun de ces points se trouvent des panneaux d&#039;information indiquant la possibilit\u00e9 de r\u00e9aliser ces sections s\u00e9par\u00e9ment.<\/p><p>Le parcours complet s&#039;appelle \u00ab\u00a0Sendero Costa Occidental de Huelva\u00a0\u00bb et commence \u00e0 Pinar de Isla Cristina, \u00e0 c\u00f4t\u00e9 de l&#039;acc\u00e8s \u00e0 la plage centrale de Levante, par un chemin en b\u00e9ton jusqu&#039;\u00e0 atteindre l&#039;espace de revitalisation environnementale et touristique Casita Azul, qui a un point visiteur. service o\u00f9 des informations touristiques sont propos\u00e9es.<\/p><p>Le parcours continue \u00e0 travers les dunes d&#039;Isla Cristina et parmi les pins parasols qui offrent beaucoup d&#039;ombre, ce qui rend la promenade agr\u00e9able m\u00eame si le voyage a lieu pendant les mois d&#039;\u00e9t\u00e9. Il s\u2019agit d\u2019un environnement extr\u00eamement fragile, il faut donc faire preuve d\u2019une extr\u00eame prudence pour \u00e9viter sa d\u00e9gradation. La fin de ce tron\u00e7on est marqu\u00e9e par les eucalyptus qui bordaient l&#039;ancienne route marchande entre Isla Cristina et La Antilla.<\/p><p>On peut encore voir quelques restes d&#039;argile qui formaient la route. Le parcours est toujours parall\u00e8le \u00e0 la plage et, dans certaines zones, le sable est plus meuble, ce qui peut nous faire ralentir. On arrive \u00e0 la zone urbaine en passant par le Paseo de Poniente, \u00e0 Islantilla, en cherchant, apr\u00e8s avoir travers\u00e9 quelques passages pour pi\u00e9tons, \u00e0 atteindre la mont\u00e9e vers le Parque de los Cabezos.<\/p>\t\t\t\t\t\t\t\t<\/div>\n\t\t\t\t<div class=\"elementor-element elementor-element-7cf7916 elementor-widget elementor-widget-image\" data-id=\"7cf7916\" data-element_type=\"widget\" data-e-type=\"widget\" data-widget_type=\"image.default\">\n\t\t\t\t\t\t\t\t\t\t\t\t\t\t\t<img loading=\"lazy\" decoding=\"async\" width=\"938\" height=\"716\" src=\"https:\/\/www.islantilla.es\/wp-content\/uploads\/2024\/03\/Ruta2.webp\" class=\"attachment-full size-full wp-image-1722\" alt=\"Vista frontal de la Casita Azul, edificio blanco con detalles azules rodeado de \u00e1rboles y arena en un entorno natural de Isla Cristina.\" srcset=\"https:\/\/www.islantilla.es\/wp-content\/uploads\/2024\/03\/Ruta2.webp 938w, https:\/\/www.islantilla.es\/wp-content\/uploads\/2024\/03\/Ruta2-300x229.webp 300w, https:\/\/www.islantilla.es\/wp-content\/uploads\/2024\/03\/Ruta2-768x586.webp 768w, https:\/\/www.islantilla.es\/wp-content\/uploads\/2024\/03\/Ruta2-16x12.webp 16w\" sizes=\"(max-width: 938px) 100vw, 938px\" \/>\t\t\t\t\t\t\t\t\t\t\t\t\t\t\t<\/div>\n\t\t\t\t<div class=\"elementor-element elementor-element-56ffe3b elementor-widget elementor-widget-text-editor\" data-id=\"56ffe3b\" data-element_type=\"widget\" data-e-type=\"widget\" data-widget_type=\"text-editor.default\">\n\t\t\t\t\t\t\t\t\t<p>Ce parc dispose d&#039;un circuit d&#039;environ 3 kilom\u00e8tres pr\u00e9par\u00e9 exclusivement pour la marche et la pratique du sport. Montez et descendez \u00e0 travers un lieu \u00e0 la v\u00e9g\u00e9tation et \u00e0 la faune m\u00e9diterran\u00e9ennes o\u00f9, en plus de profiter des couleurs, des odeurs et des formes offertes par la flore et la faune pr\u00e9sentes dans cet espace, nous pouvons contempler le bleu-vert intense de la mer au loin. Vous serez surpris par le magnifique point de vue sur la mer et un lac artificiel avec un grand geyser.<\/p><p>La sortie du parc rejoint un autre tron\u00e7on urbain de La Antilla qui traverse un passage arbor\u00e9, puis traverse une zone ouverte sans am\u00e9nagements relativement r\u00e9cente dans laquelle se trouvent actuellement encore de petits arbres plant\u00e9s. Au bout du tron\u00e7on b\u00e9tonn\u00e9, nous arrivons \u00e0 un sentier c\u00f4tier parall\u00e8le \u00e0 la plage de Santa Pura, bien d\u00e9limit\u00e9 par des balustrades en bois et qui passe derri\u00e8re les dunes. Ce chemin contient du sable meuble dans certaines sections.<\/p><p>Une fois arriv\u00e9s \u00e0 la plage vierge de Nueva Umbr\u00eda, nous retournons par une vaste plage de sable fin et dor\u00e9 de plus de 90 m\u00e8tres de large qui, m\u00eame pendant les mois de juillet et ao\u00fbt, re\u00e7oit un faible afflux de visiteurs. Le plus conseill\u00e9 est de marcher le long du rivage o\u00f9 le sable sera plus compact\u00e9. Au retour, plusieurs passerelles permettent de quitter la plage \u00e0 tout moment. Ainsi, depuis la plage de Nueva Umbr\u00eda, nous traverserons La Antilla, Islantilla, Urbasur, La Redondela, Casita Azul et Playa del Hoyo, jusqu&#039;\u00e0 atteindre \u00e0 nouveau la plage centrale, d&#039;o\u00f9 nous retournerons au point de d\u00e9part \u00e0 Pinar de Isla Cristina.<\/p>\t\t\t\t\t\t\t\t<\/div>\n\t\t\t\t<div class=\"elementor-element elementor-element-dc4ea30 elementor-widget elementor-widget-image\" data-id=\"dc4ea30\" data-element_type=\"widget\" data-e-type=\"widget\" data-widget_type=\"image.default\">\n\t\t\t\t\t\t\t\t\t\t\t\t\t\t\t<img loading=\"lazy\" decoding=\"async\" width=\"938\" height=\"711\" src=\"https:\/\/www.islantilla.es\/wp-content\/uploads\/2024\/03\/Ruta3.webp\" class=\"attachment-full size-full wp-image-1721\" alt=\"Sendero peatonal arbolado en La Antilla, con \u00e1rboles de copa rojiza y c\u00e9sped junto a la carretera, como parte del recorrido del sendero PR-A 131.\" srcset=\"https:\/\/www.islantilla.es\/wp-content\/uploads\/2024\/03\/Ruta3.webp 938w, https:\/\/www.islantilla.es\/wp-content\/uploads\/2024\/03\/Ruta3-300x227.webp 300w, https:\/\/www.islantilla.es\/wp-content\/uploads\/2024\/03\/Ruta3-768x582.webp 768w, https:\/\/www.islantilla.es\/wp-content\/uploads\/2024\/03\/Ruta3-16x12.webp 16w\" sizes=\"(max-width: 938px) 100vw, 938px\" \/>\t\t\t\t\t\t\t\t\t\t\t\t\t\t\t<\/div>\n\t\t\t\t\t<\/div>\n\t\t\t\t<\/div>\n\t\t\t\t<\/div>","protected":false},"excerpt":{"rendered":"<p>PR-A 131 SENDERO HOMOLOGADO DE USO DEPORTIVO Costa Occidental de Huelva DESCARGAR FOLLETO RUTA EN WIKILOC Acceso al sendero El sendero est\u00e1 enclavado en un entorno privilegiado del litoral occidental de la provincia de Huelva, en el suroeste de la regi\u00f3n andaluza y en plena Costa de la Luz. El acceso al inicio del sendero [&hellip;]<\/p>\n","protected":false},"author":1,"featured_media":0,"parent":0,"menu_order":0,"comment_status":"closed","ping_status":"closed","template":"elementor_header_footer","meta":{"slim_seo":{"title":"PR-A 131 | Sendero Costa Occidental de Huelva en Islantilla","description":"Sendero homologado PR-A 131 de uso deportivo en la Costa Occidental de Hueva: ruta circular por dunas, pinares y playas de la Costa de la Luz entre Isla Cristina y Nueva Umbr\u00eda."},"footnotes":""},"class_list":["post-1718","page","type-page","status-publish","hentry"],"_links":{"self":[{"href":"https:\/\/www.islantilla.es\/fr\/wp-json\/wp\/v2\/pages\/1718","targetHints":{"allow":["GET"]}}],"collection":[{"href":"https:\/\/www.islantilla.es\/fr\/wp-json\/wp\/v2\/pages"}],"about":[{"href":"https:\/\/www.islantilla.es\/fr\/wp-json\/wp\/v2\/types\/page"}],"author":[{"embeddable":true,"href":"https:\/\/www.islantilla.es\/fr\/wp-json\/wp\/v2\/users\/1"}],"replies":[{"embeddable":true,"href":"https:\/\/www.islantilla.es\/fr\/wp-json\/wp\/v2\/comments?post=1718"}],"version-history":[{"count":41,"href":"https:\/\/www.islantilla.es\/fr\/wp-json\/wp\/v2\/pages\/1718\/revisions"}],"predecessor-version":[{"id":7971,"href":"https:\/\/www.islantilla.es\/fr\/wp-json\/wp\/v2\/pages\/1718\/revisions\/7971"}],"wp:attachment":[{"href":"https:\/\/www.islantilla.es\/fr\/wp-json\/wp\/v2\/media?parent=1718"}],"curies":[{"name":"wp","href":"https:\/\/api.w.org\/{rel}","templated":true}]}}