{"id":4580,"date":"2025-02-06T08:48:37","date_gmt":"2025-02-06T07:48:37","guid":{"rendered":"https:\/\/www.islantilla.es\/formacionyempleo\/?page_id=4580"},"modified":"2025-05-22T13:24:26","modified_gmt":"2025-05-22T11:24:26","slug":"empleos","status":"publish","type":"page","link":"https:\/\/www.islantilla.es\/formacionyempleo\/empleos\/","title":{"rendered":"Empleos"},"content":{"rendered":"\n<div>\n    <br>\n    <a class=\"wp-element-button botonaco\" onclick=\"mostrarDiv()\">Pulsa aqu\u00ed para ver ofertas de empleo<\/a>\n\n\n<\/div>\n\n\n\n<div style=\"display: none;\" id=\"ofertaDesplegable\">\n        <br><br><br>\n        \n        <div class=\"wp-block-query is-layout-flow wp-block-query-is-layout-flow\">\n            \n\n            \n\n            <div class=\"wp-block-query-no-results\">\n            \n            <p>No hay resultados<\/p>\n            \n            <\/div>\n        <\/div>\n        \n    <\/div>\n<br\/><br\/><br\/>\n\n\n\n<p><\/p>\n","protected":false},"excerpt":{"rendered":"<p>Pulsa aqu\u00ed para ver ofertas de empleo<\/p>\n","protected":false},"author":1,"featured_media":0,"parent":0,"menu_order":0,"comment_status":"closed","ping_status":"closed","template":"","meta":{"footnotes":""},"class_list":["post-4580","page","type-page","status-publish","hentry"],"yoast_head":"<!-- This site is optimized with the Yoast SEO plugin v25.3 - https:\/\/yoast.com\/wordpress\/plugins\/seo\/ -->\n<title>Empleos - formaci\u00f3n y empleo<\/title>\n<meta name=\"description\" content=\"Encuentra las \u00faltimas ofertas de trabajo, estrategias de b\u00fasqueda de empleos y recursos \u00fatiles para avanzar en tu carrera profesional.\" \/>\n<meta name=\"robots\" content=\"index, follow, max-snippet:-1, max-image-preview:large, max-video-preview:-1\" \/>\n<link rel=\"canonical\" href=\"https:\/\/www.islantilla.es\/formacionyempleo\/empleos\/\" \/>\n<meta property=\"og:locale\" content=\"es_ES\" \/>\n<meta property=\"og:type\" content=\"article\" \/>\n<meta property=\"og:title\" content=\"Empleos - formaci\u00f3n y empleo\" \/>\n<meta property=\"og:description\" content=\"Encuentra las \u00faltimas ofertas de trabajo, estrategias de b\u00fasqueda de empleos y recursos \u00fatiles para avanzar en tu carrera profesional.\" \/>\n<meta property=\"og:url\" content=\"https:\/\/www.islantilla.es\/formacionyempleo\/empleos\/\" \/>\n<meta property=\"og:site_name\" content=\"formaci\u00f3n y empleo\" \/>\n<meta property=\"article:modified_time\" content=\"2025-05-22T11:24:26+00:00\" \/>\n<meta name=\"twitter:card\" content=\"summary_large_image\" \/>\n<meta name=\"twitter:label1\" content=\"Tiempo de lectura\" \/>\n\t<meta name=\"twitter:data1\" content=\"1 minuto\" \/>\n<script type=\"application\/ld+json\" class=\"yoast-schema-graph\">{\"@context\":\"https:\/\/schema.org\",\"@graph\":[{\"@type\":\"WebPage\",\"@id\":\"https:\/\/www.islantilla.es\/formacionyempleo\/empleos\/\",\"url\":\"https:\/\/www.islantilla.es\/formacionyempleo\/empleos\/\",\"name\":\"Empleos - formaci\u00f3n y empleo\",\"isPartOf\":{\"@id\":\"https:\/\/www.islantilla.es\/formacionyempleo\/#website\"},\"datePublished\":\"2025-02-06T07:48:37+00:00\",\"dateModified\":\"2025-05-22T11:24:26+00:00\",\"description\":\"Encuentra las \u00faltimas ofertas de trabajo, estrategias de b\u00fasqueda de empleos y recursos \u00fatiles para avanzar en tu carrera profesional.\",\"breadcrumb\":{\"@id\":\"https:\/\/www.islantilla.es\/formacionyempleo\/empleos\/#breadcrumb\"},\"inLanguage\":\"es\",\"potentialAction\":[{\"@type\":\"ReadAction\",\"target\":[\"https:\/\/www.islantilla.es\/formacionyempleo\/empleos\/\"]}]},{\"@type\":\"BreadcrumbList\",\"@id\":\"https:\/\/www.islantilla.es\/formacionyempleo\/empleos\/#breadcrumb\",\"itemListElement\":[{\"@type\":\"ListItem\",\"position\":1,\"name\":\"Portada\",\"item\":\"https:\/\/www.islantilla.es\/formacionyempleo\/\"},{\"@type\":\"ListItem\",\"position\":2,\"name\":\"Empleos\"}]},{\"@type\":\"WebSite\",\"@id\":\"https:\/\/www.islantilla.es\/formacionyempleo\/#website\",\"url\":\"https:\/\/www.islantilla.es\/formacionyempleo\/\",\"name\":\"formaci\u00f3n y empleo\",\"description\":\"Centro de Estudios y Formaci\u00f3n\",\"potentialAction\":[{\"@type\":\"SearchAction\",\"target\":{\"@type\":\"EntryPoint\",\"urlTemplate\":\"https:\/\/www.islantilla.es\/formacionyempleo\/?s={search_term_string}\"},\"query-input\":{\"@type\":\"PropertyValueSpecification\",\"valueRequired\":true,\"valueName\":\"search_term_string\"}}],\"inLanguage\":\"es\"}]}<\/script>\n<!-- \/ Yoast SEO plugin. -->","yoast_head_json":{"title":"Empleos - formaci\u00f3n y empleo","description":"Encuentra las \u00faltimas ofertas de trabajo, estrategias de b\u00fasqueda de empleos y recursos \u00fatiles para avanzar en tu carrera profesional.","robots":{"index":"index","follow":"follow","max-snippet":"max-snippet:-1","max-image-preview":"max-image-preview:large","max-video-preview":"max-video-preview:-1"},"canonical":"https:\/\/www.islantilla.es\/formacionyempleo\/empleos\/","og_locale":"es_ES","og_type":"article","og_title":"Empleos - formaci\u00f3n y empleo","og_description":"Encuentra las \u00faltimas ofertas de trabajo, estrategias de b\u00fasqueda de empleos y recursos \u00fatiles para avanzar en tu carrera profesional.","og_url":"https:\/\/www.islantilla.es\/formacionyempleo\/empleos\/","og_site_name":"formaci\u00f3n y empleo","article_modified_time":"2025-05-22T11:24:26+00:00","twitter_card":"summary_large_image","twitter_misc":{"Tiempo de lectura":"1 minuto"},"schema":{"@context":"https:\/\/schema.org","@graph":[{"@type":"WebPage","@id":"https:\/\/www.islantilla.es\/formacionyempleo\/empleos\/","url":"https:\/\/www.islantilla.es\/formacionyempleo\/empleos\/","name":"Empleos - formaci\u00f3n y empleo","isPartOf":{"@id":"https:\/\/www.islantilla.es\/formacionyempleo\/#website"},"datePublished":"2025-02-06T07:48:37+00:00","dateModified":"2025-05-22T11:24:26+00:00","description":"Encuentra las \u00faltimas ofertas de trabajo, estrategias de b\u00fasqueda de empleos y recursos \u00fatiles para avanzar en tu carrera profesional.","breadcrumb":{"@id":"https:\/\/www.islantilla.es\/formacionyempleo\/empleos\/#breadcrumb"},"inLanguage":"es","potentialAction":[{"@type":"ReadAction","target":["https:\/\/www.islantilla.es\/formacionyempleo\/empleos\/"]}]},{"@type":"BreadcrumbList","@id":"https:\/\/www.islantilla.es\/formacionyempleo\/empleos\/#breadcrumb","itemListElement":[{"@type":"ListItem","position":1,"name":"Portada","item":"https:\/\/www.islantilla.es\/formacionyempleo\/"},{"@type":"ListItem","position":2,"name":"Empleos"}]},{"@type":"WebSite","@id":"https:\/\/www.islantilla.es\/formacionyempleo\/#website","url":"https:\/\/www.islantilla.es\/formacionyempleo\/","name":"formaci\u00f3n y empleo","description":"Centro de Estudios y Formaci\u00f3n","potentialAction":[{"@type":"SearchAction","target":{"@type":"EntryPoint","urlTemplate":"https:\/\/www.islantilla.es\/formacionyempleo\/?s={search_term_string}"},"query-input":{"@type":"PropertyValueSpecification","valueRequired":true,"valueName":"search_term_string"}}],"inLanguage":"es"}]}},"jetpack_sharing_enabled":true,"_links":{"self":[{"href":"https:\/\/www.islantilla.es\/formacionyempleo\/wp-json\/wp\/v2\/pages\/4580","targetHints":{"allow":["GET"]}}],"collection":[{"href":"https:\/\/www.islantilla.es\/formacionyempleo\/wp-json\/wp\/v2\/pages"}],"about":[{"href":"https:\/\/www.islantilla.es\/formacionyempleo\/wp-json\/wp\/v2\/types\/page"}],"author":[{"embeddable":true,"href":"https:\/\/www.islantilla.es\/formacionyempleo\/wp-json\/wp\/v2\/users\/1"}],"replies":[{"embeddable":true,"href":"https:\/\/www.islantilla.es\/formacionyempleo\/wp-json\/wp\/v2\/comments?post=4580"}],"version-history":[{"count":0,"href":"https:\/\/www.islantilla.es\/formacionyempleo\/wp-json\/wp\/v2\/pages\/4580\/revisions"}],"wp:attachment":[{"href":"https:\/\/www.islantilla.es\/formacionyempleo\/wp-json\/wp\/v2\/media?parent=4580"}],"curies":[{"name":"wp","href":"https:\/\/api.w.org\/{rel}","templated":true}]}}