{"id":1032,"date":"2025-01-17T12:09:42","date_gmt":"2025-01-17T11:09:42","guid":{"rendered":"https:\/\/www.islantilla.es\/formacionyempleo\/?page_id=1032"},"modified":"2025-02-07T13:23:45","modified_gmt":"2025-02-07T12:23:45","slug":"politica-de-privacidad","status":"publish","type":"page","link":"https:\/\/www.islantilla.es\/formacionyempleo\/politica-de-privacidad\/","title":{"rendered":"Pol\u00edtica de privacidad"},"content":{"rendered":"\n<h2 class=\"wp-block-heading\"><strong>1. Introducci\u00f3n<\/strong><\/h2>\n\n\n\n<ol class=\"wp-block-list\">\n<li>La privacidad de los visitantes de nuestro sitio web es muy importante y estamos comprometidos a protegerla. Esta pol\u00edtica explica qu\u00e9 haremos con su informaci\u00f3n personal.<\/li>\n\n\n\n<li>Cuando usted nos visita por primera vez y da su consentimiento para el uso que le damos a las <em>cookies<\/em>, de conformidad con los t\u00e9rminos de esta pol\u00edtica, usted nos da permiso para usar <em>cookies<\/em> cada vez que visita nuestro sitio web.<\/li>\n<\/ol>\n\n\n\n<h2 class=\"wp-block-heading\"><strong>2. Recopilar informaci\u00f3n personal<\/strong><\/h2>\n\n\n\n<p>Los siguientes tipos de informaci\u00f3n personal pueden ser recopilados, almacenados y usados:<\/p>\n\n\n\n<ol class=\"wp-block-list\">\n<li>Informaci\u00f3n sobre su ordenador, incluyendo su direcci\u00f3n IP, ubicaci\u00f3n geogr\u00e1fica, tipo y versi\u00f3n de navegador, y sistema operativo;<\/li>\n\n\n\n<li>Informaci\u00f3n sobre sus visitas y uso de este sitio web, incluidas las fuentes de referencia, duraci\u00f3n de la visita, visitas de la p\u00e1gina y rutas de navegaci\u00f3n del sitio web;<\/li>\n\n\n\n<li>Informaci\u00f3n que introduzca para suscribirse a nuestros correos y boletines, como su nombre y direcci\u00f3n de correo electr\u00f3nico;<\/li>\n\n\n\n<li>Informaci\u00f3n que introduzca mientras usa los servicios en nuestro sitio web;<\/li>\n\n\n\n<li>Informaci\u00f3n que se genera mientras usa nuestro sitio web, incluido cu\u00e1ndo, qu\u00e9 tan a menudo y bajo qu\u00e9 circunstancias lo use;<\/li>\n\n\n\n<li>Informaci\u00f3n contenida en cualquiera de las comunicaciones que nos env\u00eda a trav\u00e9s de correo electr\u00f3nico o de nuestro sitio web, incluido el contenido de la comunicaci\u00f3n y metadatos;<\/li>\n\n\n\n<li>Cualquier otra informaci\u00f3n personal que nos env\u00ede.<\/li>\n<\/ol>\n\n\n\n<p>Antes de divulgar la informaci\u00f3n personal de otra persona, primero debe obtener el consentimiento de esa persona, tanto para la divulgaci\u00f3n como para el procesamiento de esa informaci\u00f3n personal de acuerdo con esta pol\u00edtica.<\/p>\n\n\n\n<h2 class=\"wp-block-heading\"><strong>3. Usar su informaci\u00f3n personal<\/strong><\/h2>\n\n\n\n<p>La informaci\u00f3n personal que nos env\u00ede a trav\u00e9s de nuestro sitio web ser\u00e1 usada con los fines especificados en esta pol\u00edtica o en las p\u00e1ginas relevantes del sitio web. Podemos usar su informaci\u00f3n personal para los siguientes fines:<\/p>\n\n\n\n<ol class=\"wp-block-list\">\n<li>Administrar nuestro sitio web;<\/li>\n\n\n\n<li>Personalizar nuestro sitio web para usted;<\/li>\n\n\n\n<li>Activar el uso de servicios disponibles en nuestro sitio web;<\/li>\n\n\n\n<li>Enviar notificaciones de correo electr\u00f3nico que ha solicitado espec\u00edficamente;<\/li>\n\n\n\n<li>Enviar un bolet\u00edn de correo electr\u00f3nico, si usted lo ha solicitado (puede informarnos en cualquier momento si no desea seguir suscrito al bolet\u00edn);<\/li>\n\n\n\n<li>Recogida de informaci\u00f3n estad\u00edstica:<\/li>\n\n\n\n<li>Dar respuesta a las preguntas y sugerencias suyas o sobre usted, relacionadas con nuestro sitio web;<\/li>\n\n\n\n<li>Mantener protegido el sitio web y evitar el fraude;<\/li>\n\n\n\n<li>Verificar el cumplimiento de los t\u00e9rminos y condiciones que rigen sobre el uso de nuestro sitio web;<\/li>\n\n\n\n<li>Otros usos.<\/li>\n<\/ol>\n\n\n\n<p>Si usted env\u00eda informaci\u00f3n personal para su publicaci\u00f3n en nuestro sitio web, publicaremos y usaremos esa informaci\u00f3n de conformidad con la licencia que usted nos confiere.<\/p>\n\n\n\n<p>Sus ajustes de privacidad pueden usarse para limitar la publicaci\u00f3n de nuestra informaci\u00f3n en nuestro sitio web y puede ajustarse usando controles de privacidad en el sitio web. <\/p>\n\n\n\n<p>Sin su consentimiento expl\u00edcito no proporcionaremos su informaci\u00f3n personal a ning\u00fan tercero.<\/p>\n\n\n\n<h2 class=\"wp-block-heading\"><strong>4. Divulgar informaci\u00f3n personal<\/strong><\/h2>\n\n\n\n<p>Podremos divulgar su informaci\u00f3n personal a cualquiera de nuestros empleados, oficiales, aseguradores, consejeros profesionales, agentes, proveedores o contratistas, como sea razonablemente necesario para los fines descritos en esta pol\u00edtica. <\/p>\n\n\n\n<p>Podremos divulgar su informaci\u00f3n personal a cualquier miembro de nuestro grupo de empresas (esto incluye subsidiarios, nuestro grupo y todas sus subsidiarias), como sea razonablemente necesario para los fines descritos en esta pol\u00edtica. <\/p>\n\n\n\n<p>Podemos divulgar su informaci\u00f3n personal:<\/p>\n\n\n\n<ol class=\"wp-block-list\">\n<li>Hasta lo que sea requerido por la ley;<\/li>\n\n\n\n<li>En relaci\u00f3n con cualquier procedimiento legal actual o prospectivo;<\/li>\n\n\n\n<li>Para establecer, ejercer o defender nuestros derechos legales (incluido proporcionar informaci\u00f3n personal a otros con el fin de evitar fraudes y reducir el riesgo):\n<ul class=\"wp-block-list\">\n<li>A cualquier persona que creamos razonablemente que podr\u00e1 aplicar a una corte o a otra autoridad competente para solicitar la divulgaci\u00f3n de esa informaci\u00f3n personal, y que, bajo nuestra opini\u00f3n razonable, dicha corte o autoridad tendr\u00e1 una probabilidad razonable de ordenar la divulgaci\u00f3n de dicha informaci\u00f3n personal.<\/li>\n<\/ul>\n<\/li>\n<\/ol>\n\n\n\n<p>Con excepci\u00f3n de lo establecido por la ley, no proporcionaremos su informaci\u00f3n personal a terceros.<\/p>\n\n\n\n<h2 class=\"wp-block-heading\"><strong>5. Conservar informaci\u00f3n personal<\/strong><\/h2>\n\n\n\n<ol class=\"wp-block-list\">\n<li>Esta secci\u00f3n G especifica nuestras pol\u00edticas y procedimientos de conservaci\u00f3n de informaci\u00f3n personal, dise\u00f1adas para ayudar a garantizar que cumplimos con nuestras obligaciones legales con respecto a la conservaci\u00f3n y eliminaci\u00f3n de informaci\u00f3n personal.<\/li>\n\n\n\n<li>La informaci\u00f3n personal que procesamos para cualquier fin o fines no debe ser almacenada m\u00e1s tiempo de lo necesario para ese fin o fines.<\/li>\n\n\n\n<li>Sin perjuicio del art\u00edculo G-2, usualmente eliminaremos los datos personales que est\u00e9n dentro de las categor\u00edas mencionadas.<\/li>\n\n\n\n<li>A pesar de las otras cl\u00e1usulas de esta secci\u00f3n G, conservaremos los documentos (incluidos documentos electr\u00f3nicos) que contengan datos personales:\n<ol class=\"wp-block-list\">\n<li>En medida de lo que sea requerido por la ley;<\/li>\n\n\n\n<li>Si creemos que los documentos pueden ser relevantes para cualquier procedimiento legal actual o prospectivo; y<\/li>\n\n\n\n<li>Para establecer, ejercer o defender nuestros derechos legales (incluido proporcionar informaci\u00f3n personal a otros con el fin de evitar fraudes y reducir el riesgo crediticio).<\/li>\n<\/ol>\n<\/li>\n<\/ol>\n\n\n\n<h2 class=\"wp-block-heading\"><strong>6. Seguridad de su informaci\u00f3n personal<\/strong><\/h2>\n\n\n\n<ol class=\"wp-block-list\">\n<li>Tomaremos precauciones razonables t\u00e9cnicas y organizacionales para evitar la p\u00e9rdida, mal uso o alteraci\u00f3n de su informaci\u00f3n personal.<\/li>\n\n\n\n<li>Almacenaremos toda la informaci\u00f3n personal que nos d\u00e9 en nuestros servidores seguros (protegidos por contrase\u00f1a y cortafuegos).<\/li>\n\n\n\n<li>Usted acepta que la transmisi\u00f3n de informaci\u00f3n en Internet es inherentemente insegura y que no podemos garantizar la seguridad de los datos enviados a trav\u00e9s de Internet.<\/li>\n\n\n\n<li>Usted es responsable de mantener de forma confidencial la contrase\u00f1a que use para acceder a nuestro sitio web, y nosotros no le pediremos su contrase\u00f1a (exceptuando para iniciar sesi\u00f3n en nuestro sitio web).<\/li>\n<\/ol>\n\n\n\n<h2 class=\"wp-block-heading\"><strong>7. Enmiendas<\/strong><\/h2>\n\n\n\n<p>Es posible que actualicemos esta pol\u00edtica de vez en cuando al publicar una nueva versi\u00f3n en nuestro sitio web. Usted debe comprobar ocasionalmente esta p\u00e1gina para asegurarse de que entiende cualquier cambio a esta pol\u00edtica. Es posible que le notifiquemos de cambios a esta pol\u00edtica a trav\u00e9s de correo electr\u00f3nico o a trav\u00e9s del sistema de mensajer\u00eda privada de nuestro sitio web.<\/p>\n\n\n\n<h2 class=\"wp-block-heading\"><strong>8. Sus derechos<\/strong><\/h2>\n\n\n\n<p>Usted puede solicitarnos que le proporcionemos cualquier informaci\u00f3n personal que tengamos de usted. <\/p>\n\n\n\n<p>Podemos retener informaci\u00f3n personal que usted nos solicite en la medida de lo permitido por la ley. <\/p>\n\n\n\n<p>Usted puede solicitarnos en cualquier momento que no procesemos su informaci\u00f3n personal. En la pr\u00e1ctica, usted usualmente aceptar\u00e1 expl\u00edcitamente de antemano a que usemos su informaci\u00f3n personal para los fines incluidos en estas pol\u00edticas, o le daremos la oportunidad de que decida que no se use su informaci\u00f3n personal. <\/p>\n\n\n\n<h2 class=\"wp-block-heading\"><strong>9. Sitios web de terceros<\/strong><\/h2>\n\n\n\n<p>Nuestro sitio web incluye hiperenlaces a, e informaci\u00f3n de, sitios web de terceros. No tenemos control ni somos responsables por las pol\u00edticas de privacidad y pr\u00e1cticas de terceros.<\/p>\n\n\n\n<h2 class=\"wp-block-heading\"><strong>10. Cookies<\/strong><\/h2>\n\n\n\n<p>Nuestro sitio web usa <em>cookies<\/em>. Una <em>cookie<\/em> es un fichero que contiene un identificador (una cadena de letras y n\u00fameros) que se env\u00eda desde un servidor web a un navegador web y se almacena en el navegador. <\/p>\n\n\n\n<p>El identificador es enviado de vuelta al servidor cada vez que el navegador solicita una p\u00e1gina del servidor. <\/p>\n\n\n\n<p>Las <em>cookies <\/em>pueden ser \u201cpersistentes\u201d o de \u201csesi\u00f3n\u201d. <br>Una <em>cookie<\/em> persistente ser\u00e1 almacenada por una navegador web y permanecer\u00e1 v\u00e1lida hasta su fecha de caducidad, a menos que el usuario la elimine antes de la fecha de caducidad. Una <em>cookie <\/em>de sesi\u00f3n caducar\u00e1 al final de la sesi\u00f3n del usuario, cuando se cierre el navegador. <\/p>\n\n\n\n<p>Las <em>cookies<\/em> t\u00edpicamente no contienen ninguna informaci\u00f3n que identifique personalmente al usuario sino informaci\u00f3n personal que almacenamos sobre usted que puede relacionarse con la informaci\u00f3n almacenada y obtenida de las <em>cookies. <\/em>Solo usamos <em>cookies<\/em> de sesi\u00f3n y persistentes en nuestro sitio web.<\/p>\n\n\n\n<ol class=\"wp-block-list\">\n<li>Los nombres de las <em>cookies<\/em> que podemos usar en nuestro sitio web y los fines para las que son usadas, est\u00e1n especificadas a continuaci\u00f3n:<br>\n<ol class=\"wp-block-list\">\n<li>Usamos Google Analytics y Adwords en nuestro sitio web para reconocer un ordenador cuando un usuario:<br>- Visita el sitio web .<br>- Monitorizar usuarios mientras navegan por el sitio web .<br>- Mejorar la usabilidad del sitio .<br>- Analizar el uso del sitio web .<br>- Administrar el sitio web .<br>- Evitar fraude y mejorar la seguridad del sitio web .<br>- Personalizar el sitio web para cada usuario .<br><\/li>\n<\/ol>\n<\/li>\n\n\n\n<li>La mayor\u00eda de navegadores permiten que te niegues a aceptar <em>cookies<\/em>, por ejemplo:\n<ol class=\"wp-block-list\">\n<li>En Microsoft Edge puedes bloquear las <em>cookies<\/em> usando la administraci\u00f3n autom\u00e1tica de <em>cookies<\/em> haciendo clic en \u201cHerramientas\u201d, \u201cOpciones de Internet\u201d, \u201cPrivacidad\u201d y luego \u201cAvanzado\u201d.<\/li>\n\n\n\n<li>En Firefox puedes bloquear todas las <em>cookies<\/em> haciendo clic en \u201cHerramientas\u201d, \u201cOpciones\u201d, \u201cPrivacidad\u201d, seleccionando \u201cUsar configuraci\u00f3n personalizada para el historial\u201d desde el men\u00fa desplegable y desmarcando \u201cAceptar cookies de sitios\".<\/li>\n\n\n\n<li>En Chrome puedes bloquear todas las <em>cookies<\/em> al acceder al men\u00fa de \u201cPrivacidad y seguridad\u201d y haciendo clic en \u201cConfiguraci\u00f3n\u201d, \u201cAvanzada\u201d y luego desmarcas \u201cPermitir que los sitios guarden y lean datos de cookies\u201d bajo el encabezado de <em>Cookies.<\/em>Bloquear las cookies tendr\u00e1 un impacto negativo en la usabilidad de muchos sitios web. <br><br>Si bloqueas las cookies, no podr\u00e1s usar todas las funciones de tu sitio web.<br><\/li>\n<\/ol>\n<\/li>\n\n\n\n<li>Puedes eliminar las <em>cookies<\/em> ya almacenadas en tu ordenador, por ejemplo:\n<ol class=\"wp-block-list\">\n<li>En Internet Explorer, debes eliminar manualmente los ficheros de <em>cookies<\/em> (puedes encontrar instrucciones para hacerlo en <a href=\"https:\/\/support.microsoft.com\/kb\/278835\">https:\/\/support.microsoft.com\/kb\/278835<\/a>&nbsp;);<\/li>\n\n\n\n<li>En Firefox puedes eliminar todas las cookies haciendo clic en \u201cHerramientas\u201d, \u201cOpciones\u201d, \u201cPrivacidad\u201d, seleccionando \u201cUsar configuraci\u00f3n personalizada para el historial\u201d y haciendo clic en \u201cMostrar cookies\u201d y luego haciendo clic en \u201cEliminar todas las <em>cookies<\/em>\u201d.<\/li>\n\n\n\n<li>En Chrome puedes eliminar todas las cookies al acceder al men\u00fa de \u201cPrivacidad y seguridad\u201d y haciendo clic en \u201cConfiguraci\u00f3n\u201d, \u201cAvanzada\u201d y luego seleccionando \u201cEliminar <em>cookies <\/em>y otros datos de sitios y <em>plugins<\/em>\u201d antes de hacer clic en \u201cEliminar datos de navegaci\u00f3n\u201d.<br><br>Eliminar las <em>cookies<\/em> tendr\u00e1 un impacto negativo en la usabilidad de muchos sitios web.<\/li>\n<\/ol>\n<\/li>\n<\/ol>\n\n\n\n<p><\/p>\n","protected":false},"excerpt":{"rendered":"<p>1. Introducci\u00f3n 2. Recopilar informaci\u00f3n personal Los siguientes tipos de informaci\u00f3n personal pueden ser recopilados, almacenados y usados: Antes de divulgar la informaci\u00f3n personal de otra persona, primero debe obtener el consentimiento de esa persona, tanto para la divulgaci\u00f3n como para el procesamiento de esa informaci\u00f3n personal de acuerdo con esta pol\u00edtica. 3. Usar su [&hellip;]<\/p>\n","protected":false},"author":1,"featured_media":0,"parent":0,"menu_order":0,"comment_status":"closed","ping_status":"closed","template":"","meta":{"footnotes":""},"class_list":["post-1032","page","type-page","status-publish","hentry"],"yoast_head":"<!-- This site is optimized with the Yoast SEO plugin v25.3 - https:\/\/yoast.com\/wordpress\/plugins\/seo\/ -->\n<title>Pol\u00edtica de privacidad - formaci\u00f3n y empleo<\/title>\n<meta name=\"description\" content=\"La privacidad de los visitantes de nuestro sitio web es muy importante y estamos comprometidos a protegerla\" \/>\n<meta name=\"robots\" content=\"index, follow, max-snippet:-1, max-image-preview:large, max-video-preview:-1\" \/>\n<link rel=\"canonical\" href=\"https:\/\/www.islantilla.es\/formacionyempleo\/politica-de-privacidad\/\" \/>\n<meta property=\"og:locale\" content=\"es_ES\" \/>\n<meta property=\"og:type\" content=\"article\" \/>\n<meta property=\"og:title\" content=\"Pol\u00edtica de privacidad - formaci\u00f3n y empleo\" \/>\n<meta property=\"og:description\" content=\"La privacidad de los visitantes de nuestro sitio web es muy importante y estamos comprometidos a protegerla\" \/>\n<meta property=\"og:url\" content=\"https:\/\/www.islantilla.es\/formacionyempleo\/politica-de-privacidad\/\" \/>\n<meta property=\"og:site_name\" content=\"formaci\u00f3n y empleo\" \/>\n<meta property=\"article:modified_time\" content=\"2025-02-07T12:23:45+00:00\" \/>\n<meta name=\"twitter:card\" content=\"summary_large_image\" \/>\n<meta name=\"twitter:label1\" content=\"Tiempo de lectura\" \/>\n\t<meta name=\"twitter:data1\" content=\"8 minutos\" \/>\n<script type=\"application\/ld+json\" class=\"yoast-schema-graph\">{\"@context\":\"https:\/\/schema.org\",\"@graph\":[{\"@type\":\"WebPage\",\"@id\":\"https:\/\/www.islantilla.es\/formacionyempleo\/politica-de-privacidad\/\",\"url\":\"https:\/\/www.islantilla.es\/formacionyempleo\/politica-de-privacidad\/\",\"name\":\"Pol\u00edtica de privacidad - formaci\u00f3n y empleo\",\"isPartOf\":{\"@id\":\"https:\/\/www.islantilla.es\/formacionyempleo\/#website\"},\"datePublished\":\"2025-01-17T11:09:42+00:00\",\"dateModified\":\"2025-02-07T12:23:45+00:00\",\"description\":\"La privacidad de los visitantes de nuestro sitio web es muy importante y estamos comprometidos a protegerla\",\"breadcrumb\":{\"@id\":\"https:\/\/www.islantilla.es\/formacionyempleo\/politica-de-privacidad\/#breadcrumb\"},\"inLanguage\":\"es\",\"potentialAction\":[{\"@type\":\"ReadAction\",\"target\":[\"https:\/\/www.islantilla.es\/formacionyempleo\/politica-de-privacidad\/\"]}]},{\"@type\":\"BreadcrumbList\",\"@id\":\"https:\/\/www.islantilla.es\/formacionyempleo\/politica-de-privacidad\/#breadcrumb\",\"itemListElement\":[{\"@type\":\"ListItem\",\"position\":1,\"name\":\"Portada\",\"item\":\"https:\/\/www.islantilla.es\/formacionyempleo\/\"},{\"@type\":\"ListItem\",\"position\":2,\"name\":\"Pol\u00edtica de privacidad\"}]},{\"@type\":\"WebSite\",\"@id\":\"https:\/\/www.islantilla.es\/formacionyempleo\/#website\",\"url\":\"https:\/\/www.islantilla.es\/formacionyempleo\/\",\"name\":\"formaci\u00f3n y empleo\",\"description\":\"Centro de Estudios y Formaci\u00f3n\",\"potentialAction\":[{\"@type\":\"SearchAction\",\"target\":{\"@type\":\"EntryPoint\",\"urlTemplate\":\"https:\/\/www.islantilla.es\/formacionyempleo\/?s={search_term_string}\"},\"query-input\":{\"@type\":\"PropertyValueSpecification\",\"valueRequired\":true,\"valueName\":\"search_term_string\"}}],\"inLanguage\":\"es\"}]}<\/script>\n<!-- \/ Yoast SEO plugin. -->","yoast_head_json":{"title":"Pol\u00edtica de privacidad - formaci\u00f3n y empleo","description":"La privacidad de los visitantes de nuestro sitio web es muy importante y estamos comprometidos a protegerla","robots":{"index":"index","follow":"follow","max-snippet":"max-snippet:-1","max-image-preview":"max-image-preview:large","max-video-preview":"max-video-preview:-1"},"canonical":"https:\/\/www.islantilla.es\/formacionyempleo\/politica-de-privacidad\/","og_locale":"es_ES","og_type":"article","og_title":"Pol\u00edtica de privacidad - formaci\u00f3n y empleo","og_description":"La privacidad de los visitantes de nuestro sitio web es muy importante y estamos comprometidos a protegerla","og_url":"https:\/\/www.islantilla.es\/formacionyempleo\/politica-de-privacidad\/","og_site_name":"formaci\u00f3n y empleo","article_modified_time":"2025-02-07T12:23:45+00:00","twitter_card":"summary_large_image","twitter_misc":{"Tiempo de lectura":"8 minutos"},"schema":{"@context":"https:\/\/schema.org","@graph":[{"@type":"WebPage","@id":"https:\/\/www.islantilla.es\/formacionyempleo\/politica-de-privacidad\/","url":"https:\/\/www.islantilla.es\/formacionyempleo\/politica-de-privacidad\/","name":"Pol\u00edtica de privacidad - formaci\u00f3n y empleo","isPartOf":{"@id":"https:\/\/www.islantilla.es\/formacionyempleo\/#website"},"datePublished":"2025-01-17T11:09:42+00:00","dateModified":"2025-02-07T12:23:45+00:00","description":"La privacidad de los visitantes de nuestro sitio web es muy importante y estamos comprometidos a protegerla","breadcrumb":{"@id":"https:\/\/www.islantilla.es\/formacionyempleo\/politica-de-privacidad\/#breadcrumb"},"inLanguage":"es","potentialAction":[{"@type":"ReadAction","target":["https:\/\/www.islantilla.es\/formacionyempleo\/politica-de-privacidad\/"]}]},{"@type":"BreadcrumbList","@id":"https:\/\/www.islantilla.es\/formacionyempleo\/politica-de-privacidad\/#breadcrumb","itemListElement":[{"@type":"ListItem","position":1,"name":"Portada","item":"https:\/\/www.islantilla.es\/formacionyempleo\/"},{"@type":"ListItem","position":2,"name":"Pol\u00edtica de privacidad"}]},{"@type":"WebSite","@id":"https:\/\/www.islantilla.es\/formacionyempleo\/#website","url":"https:\/\/www.islantilla.es\/formacionyempleo\/","name":"formaci\u00f3n y empleo","description":"Centro de Estudios y Formaci\u00f3n","potentialAction":[{"@type":"SearchAction","target":{"@type":"EntryPoint","urlTemplate":"https:\/\/www.islantilla.es\/formacionyempleo\/?s={search_term_string}"},"query-input":{"@type":"PropertyValueSpecification","valueRequired":true,"valueName":"search_term_string"}}],"inLanguage":"es"}]}},"jetpack_sharing_enabled":true,"_links":{"self":[{"href":"https:\/\/www.islantilla.es\/formacionyempleo\/wp-json\/wp\/v2\/pages\/1032","targetHints":{"allow":["GET"]}}],"collection":[{"href":"https:\/\/www.islantilla.es\/formacionyempleo\/wp-json\/wp\/v2\/pages"}],"about":[{"href":"https:\/\/www.islantilla.es\/formacionyempleo\/wp-json\/wp\/v2\/types\/page"}],"author":[{"embeddable":true,"href":"https:\/\/www.islantilla.es\/formacionyempleo\/wp-json\/wp\/v2\/users\/1"}],"replies":[{"embeddable":true,"href":"https:\/\/www.islantilla.es\/formacionyempleo\/wp-json\/wp\/v2\/comments?post=1032"}],"version-history":[{"count":0,"href":"https:\/\/www.islantilla.es\/formacionyempleo\/wp-json\/wp\/v2\/pages\/1032\/revisions"}],"wp:attachment":[{"href":"https:\/\/www.islantilla.es\/formacionyempleo\/wp-json\/wp\/v2\/media?parent=1032"}],"curies":[{"name":"wp","href":"https:\/\/api.w.org\/{rel}","templated":true}]}}