{"id":10,"date":"2022-04-20T10:15:11","date_gmt":"2022-04-20T10:15:11","guid":{"rendered":"http:\/\/www.islantilla.es\/festivalartesyletras\/?page_id=10"},"modified":"2026-03-30T13:43:40","modified_gmt":"2026-03-30T11:43:40","slug":"concurso-literario","status":"publish","type":"page","link":"https:\/\/www.islantilla.es\/festivalartesyletras\/index.php\/concurso-literario\/","title":{"rendered":"CONCURSO LITERARIO"},"content":{"rendered":"\n<h2 class=\"wp-block-heading\"><strong>2026<\/strong><\/h2>\n\n\n\n<p>V CONCURSO DE POES\u00cdA, MICRORRELATO Y NANORRELATO &#8216;LETRAS DE ISLANTILLA&#8217;<\/p>\n\n\n\n<p>Del 4 de febrero hasta el 4 de marzo de 2026<\/p>\n\n\n\n<p><a href=\"https:\/\/www.islantilla.es\/festivalartesyletras\/wp-content\/uploads\/2026\/02\/Bases-Concurso-literario-26.pdf\">Bases<\/a> <\/p>\n\n\n\n<p><a href=\"https:\/\/www.islantilla.es\/festivalartesyletras\/index.php\/jurado-2026\/\">Jurado:<\/a> \u00c1ngeles Mora, Francisca Alfonso y Mario Mar\u00edn.<\/p>\n\n\n\n<p>Premiados: <em>Pr\u00f3ximamente<\/em><\/p>\n\n\n\n<hr class=\"wp-block-separator has-alpha-channel-opacity is-style-dots\"\/>\n\n\n\n<h2 class=\"wp-block-heading\"><strong>2025<\/strong><\/h2>\n\n\n\n<p>IV CONCURSO DE POES\u00cdA, MICRORRELATO Y NANORRELATO &#8216;LETRAS DE ISLANTILLA&#8217;<\/p>\n\n\n\n<p>Del 17 de febrero hasta el 15 de marzo de 2025<\/p>\n\n\n\n<p><a href=\"https:\/\/www.islantilla.es\/festivalartesyletras\/wp-content\/uploads\/2025\/02\/Bases-Concurso-literario-25-1.pdf\">Bases<\/a><\/p>\n\n\n\n<p><a href=\"https:\/\/www.islantilla.es\/festivalartesyletras\/index.php\/jurado-2025\/\">Jurado:<\/a> Mar Horno, Nazaret Ch\u00eda y Salvador Campos.<\/p>\n\n\n\n<p>Premiados:<\/p>\n\n\n\n<p>\u2013 PRIMER PREMIO MICRORRELATO a la obra <a href=\"https:\/\/www.islantilla.es\/festivalartesyletras\/wp-content\/uploads\/2025\/04\/Cronica-del-confinamiento.pdf\">\u2018CR\u00d3NICA DEL CONFINAMIENTO\u2019<\/a> de Juan de Molina.<\/p>\n\n\n\n<p>\u2013 PRIMER PREMIO POES\u00cdA a la obra <a href=\"https:\/\/www.islantilla.es\/festivalartesyletras\/wp-content\/uploads\/2025\/04\/Nostalgia.pdf\">\u2018NOSTALGIA\u2019<\/a> de David Villar.<\/p>\n\n\n\n<hr class=\"wp-block-separator has-alpha-channel-opacity is-style-dots\"\/>\n\n\n\n<h2 class=\"wp-block-heading\"><strong>2024<\/strong><\/h2>\n\n\n\n<p>III CONCURSO DE POES\u00cdA, MICRORRELATO Y NANORRELATO &#8216;LETRAS DE ISLANTILLA&#8217;<\/p>\n\n\n\n<p>Del 1 de marzo hasta el 1 de abril de 2024<\/p>\n\n\n\n<p><a href=\"https:\/\/www.islantilla.es\/festivalartesyletras\/wp-content\/uploads\/2024\/02\/Bases-III-Concurso-Literario-2024.pdf\">Bases<\/a><\/p>\n\n\n\n<p><a href=\"https:\/\/www.islantilla.es\/festivalartesyletras\/index.php\/jurado-literario-2024\/\">Jurado:<\/a> Eva Vaz, Xenia Garc\u00eda y Estela Rengel.<\/p>\n\n\n\n<p>Premiados:<\/p>\n\n\n\n<p>\u2013 PRIMER PREMIO MICRORRELATO a la obra <a href=\"https:\/\/www.islantilla.es\/festivalartesyletras\/wp-content\/uploads\/2024\/04\/CIUDAD-OLVIDO.pdf\">\u2018CIUDAD OLVIDO\u2019<\/a> de Mar Horno Garc\u00eda.<\/p>\n\n\n\n<p>\u2013 PRIMER PREMIO POES\u00cdA a la obra <a href=\"https:\/\/www.islantilla.es\/festivalartesyletras\/wp-content\/uploads\/2024\/04\/La-orilla.pdf\">\u2018LA ORILLA\u2019<\/a> de Nazaret Ch\u00eda Hoyo.<\/p>\n\n\n\n<hr class=\"wp-block-separator has-alpha-channel-opacity is-style-dots\"\/>\n\n\n\n<h2 class=\"wp-block-heading\"><strong>2023<\/strong><\/h2>\n\n\n\n<p>II CONCURSO DE RELATOS Y POES\u00cdA &#8216;VERSOS DE ISLANTILLA&#8217;<\/p>\n\n\n\n<p>Del 14 de marzo hasta el 10 de abril de 2023<\/p>\n\n\n\n<p><a href=\"https:\/\/www.islantilla.es\/festivalartesyletras\/wp-content\/uploads\/2023\/03\/Bases-II-Concurso-Literario-2023.pdf\">Bases<\/a><\/p>\n\n\n\n<p>Jurado: Olga Llanes y Julia Rodr\u00edguez<\/p>\n\n\n\n<p>Premiados:<\/p>\n\n\n\n<p>\u2013 PRIMER PREMIO MICRORRELATO a la obra<a href=\"https:\/\/www.islantilla.es\/festivalartesyletras\/wp-content\/uploads\/2023\/04\/LA-CITA.pdf\" target=\"_blank\" rel=\"noreferrer noopener\"> \u201cLA CITA\u201d <\/a>de Irene Moreno Jara.<\/p>\n\n\n\n<p>\u2013 PRIMER PREMIO POES\u00cdA a la obra <a href=\"https:\/\/www.islantilla.es\/festivalartesyletras\/wp-content\/uploads\/2023\/04\/RUTA.pdf\" target=\"_blank\" rel=\"noreferrer noopener\">\u201cRUTA\u201d<\/a> de Pablo Caballero Arenas.<\/p>\n\n\n\n<hr class=\"wp-block-separator has-alpha-channel-opacity is-style-dots\"\/>\n\n\n\n<h2 class=\"wp-block-heading\"><strong>2022<\/strong><\/h2>\n\n\n\n<p>I CONCURSO DE RELATOS Y POES\u00cdA &#8216;VERSOS DE ISLANTILLA&#8217;<\/p>\n\n\n\n<p>Del 18 de abril hasta el 15 de mayo de 2022<\/p>\n\n\n\n<p><a href=\"https:\/\/www.islantilla.es\/festivalartesyletras\/wp-content\/uploads\/2022\/04\/Bases-I-Concurso-Literario-2022.pdf\">Bases<\/a><\/p>\n\n\n\n<p>Jurado: Catalina Conde y Jos\u00e9 Antonio Delgado<\/p>\n\n\n\n<p>Premiados:<\/p>\n\n\n\n<p>\u2013 PRIMER PREMIO MICRORRELATO a la obra <a href=\"https:\/\/www.islantilla.es\/festivalartesyletras\/wp-content\/uploads\/2023\/04\/LA-NINA-DE-LA-MAR.pdf\" target=\"_blank\" rel=\"noreferrer noopener\">\u201cLA NI\u00d1A DE LA MAR\u201d<\/a> de Rita Gonz\u00e1lez Mart\u00edn.<\/p>\n\n\n\n<p>\u2013 PRIMER PREMIO POES\u00cdA a la obra <a href=\"https:\/\/www.islantilla.es\/festivalartesyletras\/wp-content\/uploads\/2023\/04\/ISLANTILLA.pdf\" target=\"_blank\" rel=\"noreferrer noopener\">\u201cISLANTILLA\u201d<\/a> de Jos\u00e9 Garc\u00eda Garc\u00eda.<\/p>\n","protected":false},"excerpt":{"rendered":"<p>2026 V CONCURSO DE POES\u00cdA, MICRORRELATO Y NANORRELATO &#8216;LETRAS DE ISLANTILLA&#8217; Del 4 de febrero hasta el 4 de marzo de 2026 Bases Jurado: \u00c1ngeles Mora, Francisca Alfonso y Mario &hellip; <\/p>\n","protected":false},"author":1,"featured_media":0,"parent":0,"menu_order":0,"comment_status":"closed","ping_status":"closed","template":"","meta":{"footnotes":""},"class_list":["post-10","page","type-page","status-publish","hentry"],"_links":{"self":[{"href":"https:\/\/www.islantilla.es\/festivalartesyletras\/index.php\/wp-json\/wp\/v2\/pages\/10","targetHints":{"allow":["GET"]}}],"collection":[{"href":"https:\/\/www.islantilla.es\/festivalartesyletras\/index.php\/wp-json\/wp\/v2\/pages"}],"about":[{"href":"https:\/\/www.islantilla.es\/festivalartesyletras\/index.php\/wp-json\/wp\/v2\/types\/page"}],"author":[{"embeddable":true,"href":"https:\/\/www.islantilla.es\/festivalartesyletras\/index.php\/wp-json\/wp\/v2\/users\/1"}],"replies":[{"embeddable":true,"href":"https:\/\/www.islantilla.es\/festivalartesyletras\/index.php\/wp-json\/wp\/v2\/comments?post=10"}],"version-history":[{"count":38,"href":"https:\/\/www.islantilla.es\/festivalartesyletras\/index.php\/wp-json\/wp\/v2\/pages\/10\/revisions"}],"predecessor-version":[{"id":1814,"href":"https:\/\/www.islantilla.es\/festivalartesyletras\/index.php\/wp-json\/wp\/v2\/pages\/10\/revisions\/1814"}],"wp:attachment":[{"href":"https:\/\/www.islantilla.es\/festivalartesyletras\/index.php\/wp-json\/wp\/v2\/media?parent=10"}],"curies":[{"name":"wp","href":"https:\/\/api.w.org\/{rel}","templated":true}]}}