{"id":6118,"date":"2025-09-10T13:27:40","date_gmt":"2025-09-10T11:27:40","guid":{"rendered":"https:\/\/www.islantilla.es\/?page_id=6118"},"modified":"2025-09-10T13:28:30","modified_gmt":"2025-09-10T11:28:30","slug":"las-piedras-del-cielo-pablo-neruda","status":"publish","type":"page","link":"https:\/\/www.islantilla.es\/en\/las-piedras-del-cielo-pablo-neruda\/","title":{"rendered":"Las piedras del cielo, Pablo Neruda"},"content":{"rendered":"<div data-elementor-type=\"wp-page\" data-elementor-id=\"6118\" class=\"elementor elementor-6118\" data-elementor-post-type=\"page\">\n\t\t\t\t<div class=\"elementor-element elementor-element-9450ea6 e-con-full e-flex e-con e-parent\" data-id=\"9450ea6\" data-element_type=\"container\" data-e-type=\"container\">\n\t\t<div class=\"elementor-element elementor-element-2849f5d e-con-full e-flex e-con e-child\" data-id=\"2849f5d\" data-element_type=\"container\" data-e-type=\"container\" data-settings=\"{&quot;background_background&quot;:&quot;classic&quot;}\">\n\t\t\t\t<\/div>\n\t\t<div class=\"elementor-element elementor-element-71931d9 e-con-full e-flex e-con e-child\" data-id=\"71931d9\" data-element_type=\"container\" data-e-type=\"container\">\n\t\t\t\t<div class=\"elementor-element elementor-element-af12e1e elementor-widget elementor-widget-heading\" data-id=\"af12e1e\" data-element_type=\"widget\" data-e-type=\"widget\" data-widget_type=\"heading.default\">\n\t\t\t\t\t<h2 class=\"elementor-heading-title elementor-size-default\">The stones of heaven, <\/h2>\t\t\t\t<\/div>\n\t\t\t\t<div class=\"elementor-element elementor-element-4790b13 elementor-widget elementor-widget-heading\" data-id=\"4790b13\" data-element_type=\"widget\" data-e-type=\"widget\" data-widget_type=\"heading.default\">\n\t\t\t\t\t<h2 class=\"elementor-heading-title elementor-size-default\">Pablo Neruda<\/h2>\t\t\t\t<\/div>\n\t\t\t\t<div class=\"elementor-element elementor-element-ef37960 elementor-widget elementor-widget-spacer\" data-id=\"ef37960\" data-element_type=\"widget\" data-e-type=\"widget\" data-widget_type=\"spacer.default\">\n\t\t\t\t\t\t\t<div class=\"elementor-spacer\">\n\t\t\t<div class=\"elementor-spacer-inner\"><\/div>\n\t\t<\/div>\n\t\t\t\t\t\t<\/div>\n\t\t\t\t<div class=\"elementor-element elementor-element-92a0c47 elementor-widget elementor-widget-text-editor\" data-id=\"92a0c47\" data-element_type=\"widget\" data-e-type=\"widget\" data-widget_type=\"text-editor.default\">\n\t\t\t\t\t\t\t\t\t<p>In 1924, with Twenty Love Poems and a Song of Despair, a new voice appeared in Chilean poetry, captivating readers around the world. Almost fifty years later, in 1970, Neruda published The Stones of Heaven, shortly before being awarded the Nobel Prize in Literature.<\/p><p>In Neruda&#039;s poetry, there are always waves, anemones, figureheads, beaches... And, in his words, the reader sails\u2014and is shipwrecked. Because although Neruda looks to the sky in search of stones, his eyes are full of the sea. That of his Isla Negra in Valpara\u00edso and of so many of his other voyages: from the Indian Ocean to the Tyrrhenian; exile in Naples or consul in Rangoon. Those stones are, for the poet of the sea, the salt of heaven.<\/p>\t\t\t\t\t\t\t\t<\/div>\n\t\t\t\t<\/div>\n\t\t\t\t<\/div>\n\t\t\t\t<\/div>","protected":false},"excerpt":{"rendered":"<p>Las piedras del cielo, Pablo Neruda En 1924, con Veinte poemas de amor y una canci\u00f3n desesperada aparece una voz nueva en la poes\u00eda chilena que cautiva a lectores de todo el mundo. Casi cincuenta a\u00f1os despu\u00e9s, en 1970, publica Neruda Las Piedras del cielo, poco antes de ser galardonado con el Premio Nobel de [&hellip;]<\/p>\n","protected":false},"author":12,"featured_media":0,"parent":0,"menu_order":0,"comment_status":"closed","ping_status":"closed","template":"","meta":{"slim_seo":{"title":"Las piedras del cielo, Pablo Neruda - Islantilla","description":"Las piedras del cielo, Pablo Neruda En 1924, con Veinte poemas de amor y una canci\u00f3n desesperada aparece una voz nueva en la poes\u00eda chilena que cautiva a lector"},"footnotes":""},"class_list":["post-6118","page","type-page","status-publish","hentry"],"_links":{"self":[{"href":"https:\/\/www.islantilla.es\/en\/wp-json\/wp\/v2\/pages\/6118","targetHints":{"allow":["GET"]}}],"collection":[{"href":"https:\/\/www.islantilla.es\/en\/wp-json\/wp\/v2\/pages"}],"about":[{"href":"https:\/\/www.islantilla.es\/en\/wp-json\/wp\/v2\/types\/page"}],"author":[{"embeddable":true,"href":"https:\/\/www.islantilla.es\/en\/wp-json\/wp\/v2\/users\/12"}],"replies":[{"embeddable":true,"href":"https:\/\/www.islantilla.es\/en\/wp-json\/wp\/v2\/comments?post=6118"}],"version-history":[{"count":4,"href":"https:\/\/www.islantilla.es\/en\/wp-json\/wp\/v2\/pages\/6118\/revisions"}],"predecessor-version":[{"id":6122,"href":"https:\/\/www.islantilla.es\/en\/wp-json\/wp\/v2\/pages\/6118\/revisions\/6122"}],"wp:attachment":[{"href":"https:\/\/www.islantilla.es\/en\/wp-json\/wp\/v2\/media?parent=6118"}],"curies":[{"name":"wp","href":"https:\/\/api.w.org\/{rel}","templated":true}]}}