{"id":4165,"date":"2025-02-09T13:14:17","date_gmt":"2025-02-09T12:14:17","guid":{"rendered":"https:\/\/www.islantilla.es\/?page_id=4165"},"modified":"2025-02-09T13:14:56","modified_gmt":"2025-02-09T12:14:56","slug":"el-juego-del-escondite-patricia-highsmith","status":"publish","type":"page","link":"https:\/\/www.islantilla.es\/en\/el-juego-del-escondite-patricia-highsmith\/","title":{"rendered":"The Game of Hide and Seek, Patricia Highsmith"},"content":{"rendered":"<div data-elementor-type=\"wp-page\" data-elementor-id=\"4165\" class=\"elementor elementor-4165\" data-elementor-post-type=\"page\">\n\t\t\t\t<div class=\"elementor-element elementor-element-b51526e e-con-full e-flex e-con e-parent\" data-id=\"b51526e\" data-element_type=\"container\" data-e-type=\"container\">\n\t\t<div class=\"elementor-element elementor-element-0ae4631 e-con-full e-flex e-con e-child\" data-id=\"0ae4631\" data-element_type=\"container\" data-e-type=\"container\" data-settings=\"{&quot;background_background&quot;:&quot;classic&quot;}\">\n\t\t\t\t<\/div>\n\t\t<div class=\"elementor-element elementor-element-ee3896a e-con-full e-flex e-con e-child\" data-id=\"ee3896a\" data-element_type=\"container\" data-e-type=\"container\">\n\t\t\t\t<div class=\"elementor-element elementor-element-d7a77a6 elementor-widget elementor-widget-heading\" data-id=\"d7a77a6\" data-element_type=\"widget\" data-e-type=\"widget\" data-widget_type=\"heading.default\">\n\t\t\t\t\t<h2 class=\"elementor-heading-title elementor-size-default\">The game of hide and seek,<\/h2>\t\t\t\t<\/div>\n\t\t\t\t<div class=\"elementor-element elementor-element-e27e480 elementor-widget elementor-widget-heading\" data-id=\"e27e480\" data-element_type=\"widget\" data-e-type=\"widget\" data-widget_type=\"heading.default\">\n\t\t\t\t\t<h2 class=\"elementor-heading-title elementor-size-default\">Patricia Highsmith<\/h2>\t\t\t\t<\/div>\n\t\t\t\t<div class=\"elementor-element elementor-element-e1fe51e elementor-widget elementor-widget-spacer\" data-id=\"e1fe51e\" data-element_type=\"widget\" data-e-type=\"widget\" data-widget_type=\"spacer.default\">\n\t\t\t\t\t\t\t<div class=\"elementor-spacer\">\n\t\t\t<div class=\"elementor-spacer-inner\"><\/div>\n\t\t<\/div>\n\t\t\t\t\t\t<\/div>\n\t\t\t\t<div class=\"elementor-element elementor-element-fb72618 elementor-widget elementor-widget-text-editor\" data-id=\"fb72618\" data-element_type=\"widget\" data-e-type=\"widget\" data-widget_type=\"text-editor.default\">\n\t\t\t\t\t\t\t\t\t<p>Patricia Highsmith, a master of suspense, is one of the most provocative authors of contemporary fiction. Born in Texas, she studied in New York and at a very young age gave herself over to the impulse of writing. Her works were better received in Europe, where she moved permanently after having lived for a while in Mexico. In her novels, such as Hide and Seek, published in 1967, she places her characters in the grey areas of a blurred border between good and evil, to unleash a plot in which crime and guilt mix in a game where, often, nothing is what it seems.<\/p>\t\t\t\t\t\t\t\t<\/div>\n\t\t\t\t<\/div>\n\t\t\t\t<\/div>\n\t\t\t\t<\/div>","protected":false},"excerpt":{"rendered":"<p>El juego del escondite, Patricia Highsmith Patricia Highsmith, maestra del suspense, es una de las autoras m\u00e1s provocadoras de la narrativa contempor\u00e1nea. Nacida en Texas, estudi\u00f3 en Nueva York y muy joven se entreg\u00f3 a la pulsi\u00f3n de la escritura. Sus obras encontraron mejor acogida en Europa, adonde se traslad\u00f3 definitivamente despu\u00e9s de haber residido [&hellip;]<\/p>\n","protected":false},"author":1,"featured_media":0,"parent":0,"menu_order":0,"comment_status":"closed","ping_status":"closed","template":"","meta":{"slim_seo":{"title":"El juego del escondite, Patricia Highsmith | Islantilla","description":"Patricia Highsmith, maestra del suspense, es una de las autoras m\u00e1s provocadoras de la narrativa contempor\u00e1nea. Nacida en Texas, estudi\u00f3 en Nueva York y muy joven se entreg\u00f3 a la pulsi\u00f3n de la escritura."},"footnotes":""},"class_list":["post-4165","page","type-page","status-publish","hentry"],"_links":{"self":[{"href":"https:\/\/www.islantilla.es\/en\/wp-json\/wp\/v2\/pages\/4165","targetHints":{"allow":["GET"]}}],"collection":[{"href":"https:\/\/www.islantilla.es\/en\/wp-json\/wp\/v2\/pages"}],"about":[{"href":"https:\/\/www.islantilla.es\/en\/wp-json\/wp\/v2\/types\/page"}],"author":[{"embeddable":true,"href":"https:\/\/www.islantilla.es\/en\/wp-json\/wp\/v2\/users\/1"}],"replies":[{"embeddable":true,"href":"https:\/\/www.islantilla.es\/en\/wp-json\/wp\/v2\/comments?post=4165"}],"version-history":[{"count":4,"href":"https:\/\/www.islantilla.es\/en\/wp-json\/wp\/v2\/pages\/4165\/revisions"}],"predecessor-version":[{"id":4169,"href":"https:\/\/www.islantilla.es\/en\/wp-json\/wp\/v2\/pages\/4165\/revisions\/4169"}],"wp:attachment":[{"href":"https:\/\/www.islantilla.es\/en\/wp-json\/wp\/v2\/media?parent=4165"}],"curies":[{"name":"wp","href":"https:\/\/api.w.org\/{rel}","templated":true}]}}