{"id":3443,"date":"2024-10-29T12:15:01","date_gmt":"2024-10-29T11:15:01","guid":{"rendered":"https:\/\/www.islantilla.es\/?page_id=3443"},"modified":"2024-10-31T13:18:55","modified_gmt":"2024-10-31T12:18:55","slug":"retratos-gertrude-stein","status":"publish","type":"page","link":"https:\/\/www.islantilla.es\/en\/retratos-gertrude-stein\/","title":{"rendered":"Portraits, Gertrude Stein"},"content":{"rendered":"<div data-elementor-type=\"wp-page\" data-elementor-id=\"3443\" class=\"elementor elementor-3443\" data-elementor-post-type=\"page\">\n\t\t\t\t<div class=\"elementor-element elementor-element-aff83d4 e-con-full e-flex e-con e-parent\" data-id=\"aff83d4\" data-element_type=\"container\" data-e-type=\"container\">\n\t\t<div class=\"elementor-element elementor-element-ceb21a9 e-con-full e-flex e-con e-child\" data-id=\"ceb21a9\" data-element_type=\"container\" data-e-type=\"container\" data-settings=\"{&quot;background_background&quot;:&quot;classic&quot;}\">\n\t\t\t\t<\/div>\n\t\t<div class=\"elementor-element elementor-element-d134896 e-con-full e-flex e-con e-child\" data-id=\"d134896\" data-element_type=\"container\" data-e-type=\"container\">\n\t\t\t\t<div class=\"elementor-element elementor-element-5900628 elementor-widget elementor-widget-heading\" data-id=\"5900628\" data-element_type=\"widget\" data-e-type=\"widget\" data-widget_type=\"heading.default\">\n\t\t\t\t\t<h2 class=\"elementor-heading-title elementor-size-default\">Portraits,<\/h2>\t\t\t\t<\/div>\n\t\t\t\t<div class=\"elementor-element elementor-element-97bde0a elementor-widget elementor-widget-heading\" data-id=\"97bde0a\" data-element_type=\"widget\" data-e-type=\"widget\" data-widget_type=\"heading.default\">\n\t\t\t\t\t<h2 class=\"elementor-heading-title elementor-size-default\">Gertrude Stein<\/h2>\t\t\t\t<\/div>\n\t\t\t\t<div class=\"elementor-element elementor-element-22e4ce4 elementor-widget elementor-widget-spacer\" data-id=\"22e4ce4\" data-element_type=\"widget\" data-e-type=\"widget\" data-widget_type=\"spacer.default\">\n\t\t\t\t\t\t\t<div class=\"elementor-spacer\">\n\t\t\t<div class=\"elementor-spacer-inner\"><\/div>\n\t\t<\/div>\n\t\t\t\t\t\t<\/div>\n\t\t\t\t<div class=\"elementor-element elementor-element-3b007b6 elementor-widget elementor-widget-text-editor\" data-id=\"3b007b6\" data-element_type=\"widget\" data-e-type=\"widget\" data-widget_type=\"text-editor.default\">\n\t\t\t\t\t\t\t\t\t<p>American writer and daring collector of avant-garde art since she settled in Paris in 1903. Every Saturday, the cream of the Parisian bohemian scene met in her salon at 27 Rue de Fleurus; from Jean Coctau to Henry Matisse, including Picasso, Fitzgerald and Hemingway.<\/p><p>Little by little, the walls of the already known Stein Room were covered with a Gauguin, a Picasso, a Delacroix, a Matisse, another Picasso, a Cezanne\u2026 Another Picasso! Gertrude especially admired the work of the Malaga-born artist, being one of the first people to perceive the great value that his first paintings already possessed. She also established an intense friendship with the famous Malaga-born painter in which they both painted each other, he with paints and she with words. This is the seed of Portraits, a completely experimental work, much criticized for being impenetrable. Indeed, its repetitive style twists the meaning and deforms the language, exploring new expressive possibilities. The author herself stated that she used a compositional technique of an abstract nature, seeking the correlate in the literature of pictorial cubism. In its pages, Gertrude painted Matisse, Picasso, Braque and Henry James, among others, with cubist words.<\/p>\t\t\t\t\t\t\t\t<\/div>\n\t\t\t\t<\/div>\n\t\t\t\t<\/div>\n\t\t\t\t<\/div>","protected":false},"excerpt":{"rendered":"<p>Retratos, Gertrude Stein Escritora norteamericana y audaz coleccionista de arte de vanguardia desde que se instal\u00f3 en Par\u00eds en 1903. En su sal\u00f3n del 27 Rue de Fleurus se reun\u00eda, cada s\u00e1bado, lo m\u00e1s granado de la bohemia parisina del momento; desde Jean Coctau a Henry Matisse, pasando por Picasso, Fitzgerald o Hemingway. Poco a [&hellip;]<\/p>\n","protected":false},"author":1,"featured_media":0,"parent":0,"menu_order":0,"comment_status":"closed","ping_status":"closed","template":"","meta":{"slim_seo":{"title":"Portraits, Gertrude Stein | Islantilla","description":"American writer and audacious collector of avant-garde art since she settled in Paris in 1903."},"footnotes":""},"class_list":["post-3443","page","type-page","status-publish","hentry"],"_links":{"self":[{"href":"https:\/\/www.islantilla.es\/en\/wp-json\/wp\/v2\/pages\/3443","targetHints":{"allow":["GET"]}}],"collection":[{"href":"https:\/\/www.islantilla.es\/en\/wp-json\/wp\/v2\/pages"}],"about":[{"href":"https:\/\/www.islantilla.es\/en\/wp-json\/wp\/v2\/types\/page"}],"author":[{"embeddable":true,"href":"https:\/\/www.islantilla.es\/en\/wp-json\/wp\/v2\/users\/1"}],"replies":[{"embeddable":true,"href":"https:\/\/www.islantilla.es\/en\/wp-json\/wp\/v2\/comments?post=3443"}],"version-history":[{"count":10,"href":"https:\/\/www.islantilla.es\/en\/wp-json\/wp\/v2\/pages\/3443\/revisions"}],"predecessor-version":[{"id":3543,"href":"https:\/\/www.islantilla.es\/en\/wp-json\/wp\/v2\/pages\/3443\/revisions\/3543"}],"wp:attachment":[{"href":"https:\/\/www.islantilla.es\/en\/wp-json\/wp\/v2\/media?parent=3443"}],"curies":[{"name":"wp","href":"https:\/\/api.w.org\/{rel}","templated":true}]}}