{"id":3415,"date":"2024-10-29T12:01:56","date_gmt":"2024-10-29T11:01:56","guid":{"rendered":"https:\/\/www.islantilla.es\/?page_id=3415"},"modified":"2024-10-31T13:14:21","modified_gmt":"2024-10-31T12:14:21","slug":"las-olas-virginia-wolf","status":"publish","type":"page","link":"https:\/\/www.islantilla.es\/en\/las-olas-virginia-wolf\/","title":{"rendered":"The Waves, Virginia Wolf"},"content":{"rendered":"<div data-elementor-type=\"wp-page\" data-elementor-id=\"3415\" class=\"elementor elementor-3415\" data-elementor-post-type=\"page\">\n\t\t\t\t<div class=\"elementor-element elementor-element-c1e7e0e e-con-full e-flex e-con e-parent\" data-id=\"c1e7e0e\" data-element_type=\"container\" data-e-type=\"container\">\n\t\t<div class=\"elementor-element elementor-element-d6e33a1 e-con-full e-flex e-con e-child\" data-id=\"d6e33a1\" data-element_type=\"container\" data-e-type=\"container\" data-settings=\"{&quot;background_background&quot;:&quot;classic&quot;}\">\n\t\t\t\t<\/div>\n\t\t<div class=\"elementor-element elementor-element-aff53b7 e-con-full e-flex e-con e-child\" data-id=\"aff53b7\" data-element_type=\"container\" data-e-type=\"container\">\n\t\t\t\t<div class=\"elementor-element elementor-element-fd811f0 elementor-widget elementor-widget-heading\" data-id=\"fd811f0\" data-element_type=\"widget\" data-e-type=\"widget\" data-widget_type=\"heading.default\">\n\t\t\t\t\t<h2 class=\"elementor-heading-title elementor-size-default\">The Waves,<\/h2>\t\t\t\t<\/div>\n\t\t\t\t<div class=\"elementor-element elementor-element-717738f elementor-widget elementor-widget-heading\" data-id=\"717738f\" data-element_type=\"widget\" data-e-type=\"widget\" data-widget_type=\"heading.default\">\n\t\t\t\t\t<h2 class=\"elementor-heading-title elementor-size-default\">Virginia Wolf<\/h2>\t\t\t\t<\/div>\n\t\t\t\t<div class=\"elementor-element elementor-element-6db3dc8 elementor-widget elementor-widget-spacer\" data-id=\"6db3dc8\" data-element_type=\"widget\" data-e-type=\"widget\" data-widget_type=\"spacer.default\">\n\t\t\t\t\t\t\t<div class=\"elementor-spacer\">\n\t\t\t<div class=\"elementor-spacer-inner\"><\/div>\n\t\t<\/div>\n\t\t\t\t\t\t<\/div>\n\t\t\t\t<div class=\"elementor-element elementor-element-d349f90 elementor-widget elementor-widget-text-editor\" data-id=\"d349f90\" data-element_type=\"widget\" data-e-type=\"widget\" data-widget_type=\"text-editor.default\">\n\t\t\t\t\t\t\t\t\t<p>With a style close to poetic prose, The Waves, published in 1931, is Virginia Woolf&#039;s most experimental novel and one of the works that marked the beginning of the revolution in 20th century literature.<\/p><p>The waves come and go, while the sun travels across the sky from sunrise to sunset. A space and time captured with exceptional beauty, in which the interior monologues of six characters are interspersed, who, through the technique of the flow of thought, burst onto the scene to compose an original, profound and diverse reflection on existence.<\/p>\t\t\t\t\t\t\t\t<\/div>\n\t\t\t\t<\/div>\n\t\t\t\t<\/div>\n\t\t\t\t<\/div>","protected":false},"excerpt":{"rendered":"<p>Las Olas, Virginia Wolf Con un estilo cercano a la prosa po\u00e9tica Las Olas, publicada en 1931, es la novela m\u00e1s experimental de Virginia Woolf y una de las obras con la que se inicia la revoluci\u00f3n de la literatura del siglo XX. Las olas van y vienen, mientras el sol recorre el cielo desde [&hellip;]<\/p>\n","protected":false},"author":1,"featured_media":0,"parent":0,"menu_order":0,"comment_status":"closed","ping_status":"closed","template":"","meta":{"slim_seo":{"title":"Las Olas,\u00a0Virginia Wolf | Islantilla","description":"With a style close to poetic prose, The Waves, published in 1931, is Virginia Woolf&#039;s most experimental novel and one of the works that marked the beginning of the revolution in 20th century literature."},"footnotes":""},"class_list":["post-3415","page","type-page","status-publish","hentry"],"_links":{"self":[{"href":"https:\/\/www.islantilla.es\/en\/wp-json\/wp\/v2\/pages\/3415","targetHints":{"allow":["GET"]}}],"collection":[{"href":"https:\/\/www.islantilla.es\/en\/wp-json\/wp\/v2\/pages"}],"about":[{"href":"https:\/\/www.islantilla.es\/en\/wp-json\/wp\/v2\/types\/page"}],"author":[{"embeddable":true,"href":"https:\/\/www.islantilla.es\/en\/wp-json\/wp\/v2\/users\/1"}],"replies":[{"embeddable":true,"href":"https:\/\/www.islantilla.es\/en\/wp-json\/wp\/v2\/comments?post=3415"}],"version-history":[{"count":10,"href":"https:\/\/www.islantilla.es\/en\/wp-json\/wp\/v2\/pages\/3415\/revisions"}],"predecessor-version":[{"id":3528,"href":"https:\/\/www.islantilla.es\/en\/wp-json\/wp\/v2\/pages\/3415\/revisions\/3528"}],"wp:attachment":[{"href":"https:\/\/www.islantilla.es\/en\/wp-json\/wp\/v2\/media?parent=3415"}],"curies":[{"name":"wp","href":"https:\/\/api.w.org\/{rel}","templated":true}]}}