{"id":1980,"date":"2024-03-26T18:49:56","date_gmt":"2024-03-26T17:49:56","guid":{"rendered":"https:\/\/www.islantilla.es\/?page_id=1980"},"modified":"2024-03-26T18:50:53","modified_gmt":"2024-03-26T17:50:53","slug":"avenida-castilla","status":"publish","type":"page","link":"https:\/\/www.islantilla.es\/en\/avenida-castilla\/","title":{"rendered":"Castilla Avenue"},"content":{"rendered":"<div data-elementor-type=\"wp-page\" data-elementor-id=\"1980\" class=\"elementor elementor-1980\" data-elementor-post-type=\"page\">\n\t\t\t\t<div class=\"elementor-element elementor-element-42c42a3 e-flex e-con-boxed elementor-invisible e-con e-parent\" data-id=\"42c42a3\" data-element_type=\"container\" data-e-type=\"container\" data-settings=\"{&quot;background_background&quot;:&quot;classic&quot;,&quot;animation&quot;:&quot;fadeIn&quot;}\">\n\t\t\t\t\t<div class=\"e-con-inner\">\n\t\t\t\t<div class=\"elementor-element elementor-element-bfd4865 elementor-widget__width-initial elementor-widget elementor-widget-heading\" data-id=\"bfd4865\" data-element_type=\"widget\" data-e-type=\"widget\" data-widget_type=\"heading.default\">\n\t\t\t\t\t<h2 class=\"elementor-heading-title elementor-size-default\">7<\/h2>\t\t\t\t<\/div>\n\t\t\t\t<div class=\"elementor-element elementor-element-efdb8c0 elementor-widget elementor-widget-heading\" data-id=\"efdb8c0\" data-element_type=\"widget\" data-e-type=\"widget\" data-widget_type=\"heading.default\">\n\t\t\t\t\t<h2 class=\"elementor-heading-title elementor-size-default\">CASTILLA AVENUE<\/h2>\t\t\t\t<\/div>\n\t\t\t\t\t<\/div>\n\t\t\t\t<\/div>\n\t\t<div class=\"elementor-element elementor-element-91f7ef6 e-flex e-con-boxed e-con e-parent\" data-id=\"91f7ef6\" data-element_type=\"container\" data-e-type=\"container\">\n\t\t\t\t\t<div class=\"e-con-inner\">\n\t\t\t\t<div class=\"elementor-element elementor-element-dda84db elementor-widget elementor-widget-image\" data-id=\"dda84db\" data-element_type=\"widget\" data-e-type=\"widget\" data-widget_type=\"image.default\">\n\t\t\t\t\t\t\t\t\t\t\t\t\t\t\t<img fetchpriority=\"high\" decoding=\"async\" width=\"758\" height=\"563\" src=\"https:\/\/www.islantilla.es\/wp-content\/uploads\/2024\/03\/Avenida-Castilla.webp\" class=\"attachment-full size-full wp-image-1982\" alt=\"Avenida Castilla\" srcset=\"https:\/\/www.islantilla.es\/wp-content\/uploads\/2024\/03\/Avenida-Castilla.webp 758w, https:\/\/www.islantilla.es\/wp-content\/uploads\/2024\/03\/Avenida-Castilla-300x223.webp 300w, https:\/\/www.islantilla.es\/wp-content\/uploads\/2024\/03\/Avenida-Castilla-16x12.webp 16w\" sizes=\"(max-width: 758px) 100vw, 758px\" \/>\t\t\t\t\t\t\t\t\t\t\t\t\t\t\t<\/div>\n\t\t\t\t<div class=\"elementor-element elementor-element-7223208 elementor-widget elementor-widget-text-editor\" data-id=\"7223208\" data-element_type=\"widget\" data-e-type=\"widget\" data-widget_type=\"text-editor.default\">\n\t\t\t\t\t\t\t\t\t<p>Commercial area of La Antilla. Pedestrian street where you can find shops, bars, restaurants, cafes, pharmacies...etc. The Los \u00c1lamos de La Antilla Cultural Center is also located here.<\/p>\t\t\t\t\t\t\t\t<\/div>\n\t\t\t\t<div class=\"elementor-element elementor-element-02d01d2 elementor-align-right elementor-widget elementor-widget-button\" data-id=\"02d01d2\" data-element_type=\"widget\" data-e-type=\"widget\" data-widget_type=\"button.default\">\n\t\t\t\t\t\t\t\t\t\t<a class=\"elementor-button elementor-button-link elementor-size-sm\" href=\"https:\/\/www.google.es\/maps\/dir\/\/Av.+Castilla,+2,+21449+Lepe,+Huelva\/@37.206375,-7.2184347,215m\/data=!3m1!1e3!4m9!4m8!1m0!1m5!1m1!1s0xd102e55edbfdac7:0xe16c5fb3d188d458!2m2!1d-7.2178536!2d37.2064255!3e0\">\n\t\t\t\t\t\t<span class=\"elementor-button-content-wrapper\">\n\t\t\t\t\t\t\t\t\t<span class=\"elementor-button-text\">How to get?<\/span>\n\t\t\t\t\t<\/span>\n\t\t\t\t\t<\/a>\n\t\t\t\t\t\t\t\t<\/div>\n\t\t\t\t<div class=\"elementor-element elementor-element-3f5d8b1 elementor-view-default elementor-widget elementor-widget-icon\" data-id=\"3f5d8b1\" data-element_type=\"widget\" data-e-type=\"widget\" data-widget_type=\"icon.default\">\n\t\t\t\t\t\t\t<div class=\"elementor-icon-wrapper\">\n\t\t\t<a class=\"elementor-icon\" href=\"https:\/\/www.islantilla.es\/en\/mapa-islantilla\/\">\n\t\t\t<svg aria-hidden=\"true\" class=\"e-font-icon-svg e-fas-arrow-left\" viewbox=\"0 0 448 512\" xmlns=\"http:\/\/www.w3.org\/2000\/svg\"><path d=\"M257.5 445.1l-22.2 22.2c-9.4 9.4-24.6 9.4-33.9 0L7 273c-9.4-9.4-9.4-24.6 0-33.9L201.4 44.7c9.4-9.4 24.6-9.4 33.9 0l22.2 22.2c9.5 9.5 9.3 25-.4 34.3L136.6 216H424c13.3 0 24 10.7 24 24v32c0 13.3-10.7 24-24 24H136.6l120.5 114.8c9.8 9.3 10 24.8.4 34.3z\"><\/path><\/svg>\t\t\t<\/a>\n\t\t<\/div>\n\t\t\t\t\t\t<\/div>\n\t\t\t\t\t<\/div>\n\t\t\t\t<\/div>\n\t\t\t\t<\/div>","protected":false},"excerpt":{"rendered":"<p>7 AVENIDA CASTILLA, La Antilla&#039;s commercial district. A pedestrian street where you&#039;ll find shops, bars, restaurants, cafes, pharmacies, and more. This street also houses the Los \u00c1lamos de La Antilla Cultural Center. How to get there?<\/p>","protected":false},"author":1,"featured_media":0,"parent":0,"menu_order":0,"comment_status":"closed","ping_status":"closed","template":"elementor_header_footer","meta":{"slim_seo":{"title":"Avenida Castilla | Islantilla","description":"Zona comercial de La Antilla. Calle peatonal donde podr\u00e1 encontrar comercios, bares, restaurantes, cafeter\u00edas, farmacias...etc. Adem\u00e1s se ubica en \u00e9sta el Centro Cultural Los \u00c1lamos de La Antilla."},"footnotes":""},"class_list":["post-1980","page","type-page","status-publish","hentry"],"_links":{"self":[{"href":"https:\/\/www.islantilla.es\/en\/wp-json\/wp\/v2\/pages\/1980","targetHints":{"allow":["GET"]}}],"collection":[{"href":"https:\/\/www.islantilla.es\/en\/wp-json\/wp\/v2\/pages"}],"about":[{"href":"https:\/\/www.islantilla.es\/en\/wp-json\/wp\/v2\/types\/page"}],"author":[{"embeddable":true,"href":"https:\/\/www.islantilla.es\/en\/wp-json\/wp\/v2\/users\/1"}],"replies":[{"embeddable":true,"href":"https:\/\/www.islantilla.es\/en\/wp-json\/wp\/v2\/comments?post=1980"}],"version-history":[{"count":4,"href":"https:\/\/www.islantilla.es\/en\/wp-json\/wp\/v2\/pages\/1980\/revisions"}],"predecessor-version":[{"id":1985,"href":"https:\/\/www.islantilla.es\/en\/wp-json\/wp\/v2\/pages\/1980\/revisions\/1985"}],"wp:attachment":[{"href":"https:\/\/www.islantilla.es\/en\/wp-json\/wp\/v2\/media?parent=1980"}],"curies":[{"name":"wp","href":"https:\/\/api.w.org\/{rel}","templated":true}]}}