{"id":1868,"date":"2024-03-26T17:23:57","date_gmt":"2024-03-26T16:23:57","guid":{"rendered":"https:\/\/www.islantilla.es\/?page_id=1868"},"modified":"2026-01-09T12:18:54","modified_gmt":"2026-01-09T11:18:54","slug":"tu-primera-ruta-por-islantilla","status":"publish","type":"page","link":"https:\/\/www.islantilla.es\/en\/tu-primera-ruta-por-islantilla\/","title":{"rendered":"Family Route Your first route through Islantilla"},"content":{"rendered":"<div data-elementor-type=\"wp-page\" data-elementor-id=\"1868\" class=\"elementor elementor-1868\" data-elementor-post-type=\"page\">\n\t\t\t\t<div class=\"elementor-element elementor-element-07d66ff e-flex e-con-boxed elementor-invisible e-con e-parent\" data-id=\"07d66ff\" data-element_type=\"container\" data-e-type=\"container\" data-settings=\"{&quot;background_background&quot;:&quot;classic&quot;,&quot;animation&quot;:&quot;fadeIn&quot;}\">\n\t\t\t\t\t<div class=\"e-con-inner\">\n\t\t\t\t<div class=\"elementor-element elementor-element-3b65e8e elementor-widget__width-inherit elementor-widget elementor-widget-heading\" data-id=\"3b65e8e\" data-element_type=\"widget\" data-e-type=\"widget\" data-widget_type=\"heading.default\">\n\t\t\t\t\t<h2 class=\"elementor-heading-title elementor-size-default\">YOUR FIRST ROUTE THROUGH ISLANTILLA<\/h2>\t\t\t\t<\/div>\n\t\t\t\t<div class=\"elementor-element elementor-element-1110865 elementor-widget__width-inherit elementor-widget elementor-widget-heading\" data-id=\"1110865\" data-element_type=\"widget\" data-e-type=\"widget\" data-widget_type=\"heading.default\">\n\t\t\t\t\t<h2 class=\"elementor-heading-title elementor-size-default\">FAMILIAR<\/h2>\t\t\t\t<\/div>\n\t\t\t\t\t<\/div>\n\t\t\t\t<\/div>\n\t\t<div class=\"elementor-element elementor-element-c4343ae e-flex e-con-boxed elementor-invisible e-con e-parent\" data-id=\"c4343ae\" data-element_type=\"container\" data-e-type=\"container\" data-settings=\"{&quot;animation&quot;:&quot;fadeInUp&quot;}\">\n\t\t\t\t\t<div class=\"e-con-inner\">\n\t\t<div class=\"elementor-element elementor-element-a56048d e-grid e-con-boxed e-con e-child\" data-id=\"a56048d\" data-element_type=\"container\" data-e-type=\"container\">\n\t\t\t\t\t<div class=\"e-con-inner\">\n\t\t\t\t<div class=\"elementor-element elementor-element-a6a7ba7 elementor-widget elementor-widget-image\" data-id=\"a6a7ba7\" data-element_type=\"widget\" data-e-type=\"widget\" data-widget_type=\"image.default\">\n\t\t\t\t\t\t\t\t\t\t\t\t\t\t\t<img decoding=\"async\" src=\"https:\/\/www.islantilla.es\/wp-content\/uploads\/elementor\/thumbs\/102186489Master-qwztbb6a9u80htjfjlcbfsvsy5t00j5nwl6ytbsl1k.webp\" title=\"Your first route through Islantilla.\" alt=\"Ni\u00f1a en bicicleta recorriendo un carril bici al atardecer en Islantilla, Huelva.\" loading=\"lazy\" \/>\t\t\t\t\t\t\t\t\t\t\t\t\t\t\t<\/div>\n\t\t<div class=\"elementor-element elementor-element-4e91754 e-grid e-con-boxed e-con e-child\" data-id=\"4e91754\" data-element_type=\"container\" data-e-type=\"container\">\n\t\t\t\t\t<div class=\"e-con-inner\">\n\t\t\t\t<div class=\"elementor-element elementor-element-160b924 elementor-position-left elementor-position-top elementor-vertical-align-bottom elementor-widget elementor-widget-image-box\" data-id=\"160b924\" data-element_type=\"widget\" data-e-type=\"widget\" data-widget_type=\"image-box.default\">\n\t\t\t\t\t<div class=\"elementor-image-box-wrapper\"><figure class=\"elementor-image-box-img\"><img decoding=\"async\" width=\"80\" height=\"80\" src=\"https:\/\/www.islantilla.es\/wp-content\/uploads\/2024\/03\/Distancia.webp\" class=\"attachment-full size-full wp-image-1745\" alt=\"Icono azul de una se\u00f1al de direcci\u00f3n que representa la distancia de la ruta.\" srcset=\"https:\/\/www.islantilla.es\/wp-content\/uploads\/2024\/03\/Distancia.webp 80w, https:\/\/www.islantilla.es\/wp-content\/uploads\/2024\/03\/Distancia-12x12.webp 12w\" sizes=\"(max-width: 80px) 100vw, 80px\" \/><\/figure><div class=\"elementor-image-box-content\"><h3 class=\"elementor-image-box-title\">Distance<\/h3><p class=\"elementor-image-box-description\">5.16 km<\/p><\/div><\/div>\t\t\t\t<\/div>\n\t\t\t\t<div class=\"elementor-element elementor-element-6fdfb0c elementor-position-left elementor-position-top elementor-vertical-align-bottom elementor-widget elementor-widget-image-box\" data-id=\"6fdfb0c\" data-element_type=\"widget\" data-e-type=\"widget\" data-widget_type=\"image-box.default\">\n\t\t\t\t\t<div class=\"elementor-image-box-wrapper\"><figure class=\"elementor-image-box-img\"><img decoding=\"async\" width=\"80\" height=\"80\" src=\"https:\/\/www.islantilla.es\/wp-content\/uploads\/2024\/03\/Altitud.webp\" class=\"attachment-full size-full wp-image-1744\" alt=\"Icono azul con un tri\u00e1ngulo y una pendiente que representa la altitud o desnivel de la ruta en bicicleta.\" srcset=\"https:\/\/www.islantilla.es\/wp-content\/uploads\/2024\/03\/Altitud.webp 80w, https:\/\/www.islantilla.es\/wp-content\/uploads\/2024\/03\/Altitud-12x12.webp 12w\" sizes=\"(max-width: 80px) 100vw, 80px\" \/><\/figure><div class=\"elementor-image-box-content\"><h3 class=\"elementor-image-box-title\">Altitude<\/h3><p class=\"elementor-image-box-description\">12m<\/p><\/div><\/div>\t\t\t\t<\/div>\n\t\t\t\t<div class=\"elementor-element elementor-element-edfd6e6 elementor-position-left elementor-position-top elementor-vertical-align-bottom elementor-widget elementor-widget-image-box\" data-id=\"edfd6e6\" data-element_type=\"widget\" data-e-type=\"widget\" data-widget_type=\"image-box.default\">\n\t\t\t\t\t<div class=\"elementor-image-box-wrapper\"><figure class=\"elementor-image-box-img\"><img decoding=\"async\" width=\"80\" height=\"80\" src=\"https:\/\/www.islantilla.es\/wp-content\/uploads\/2024\/03\/Dificultad.webp\" class=\"attachment-full size-full wp-image-1743\" alt=\"Icono azul de una bicicleta que representa la dificultad del recorrido en bici.\" srcset=\"https:\/\/www.islantilla.es\/wp-content\/uploads\/2024\/03\/Dificultad.webp 80w, https:\/\/www.islantilla.es\/wp-content\/uploads\/2024\/03\/Dificultad-12x12.webp 12w\" sizes=\"(max-width: 80px) 100vw, 80px\" \/><\/figure><div class=\"elementor-image-box-content\"><h3 class=\"elementor-image-box-title\">Difficulty<\/h3><p class=\"elementor-image-box-description\">EASY<\/p><\/div><\/div>\t\t\t\t<\/div>\n\t\t\t\t\t<\/div>\n\t\t\t\t<\/div>\n\t\t\t\t\t<\/div>\n\t\t\t\t<\/div>\n\t\t\t\t<div class=\"elementor-element elementor-element-cdd3a7e elementor-widget elementor-widget-text-editor\" data-id=\"cdd3a7e\" data-element_type=\"widget\" data-e-type=\"widget\" data-widget_type=\"text-editor.default\">\n\t\t\t\t\t\t\t\t\t<p>Route for children. Starting and ending at the Islantilla Active Center. Traveling along the pedestrian cycle lane to the Nueva Umbr\u00eda Park. The total time includes a stop at the park to play.<\/p>\t\t\t\t\t\t\t\t<\/div>\n\t\t<div class=\"elementor-element elementor-element-0775ab2 e-grid e-con-boxed e-con e-child\" data-id=\"0775ab2\" data-element_type=\"container\" data-e-type=\"container\">\n\t\t\t\t\t<div class=\"e-con-inner\">\n\t\t\t\t<div class=\"elementor-element elementor-element-4cb245e elementor-mobile-align-justify elementor-widget-mobile__width-inherit elementor-widget elementor-widget-button\" data-id=\"4cb245e\" data-element_type=\"widget\" data-e-type=\"widget\" data-widget_type=\"button.default\">\n\t\t\t\t\t\t\t\t\t\t<a class=\"elementor-button elementor-button-link elementor-size-sm\" href=\"https:\/\/www.islantilla.es\/wp-content\/uploads\/2024\/03\/tu-primera-ruta-por-islantilla.zip\">\n\t\t\t\t\t\t<span class=\"elementor-button-content-wrapper\">\n\t\t\t\t\t\t\t\t\t<span class=\"elementor-button-text\">Download GPX route<\/span>\n\t\t\t\t\t<\/span>\n\t\t\t\t\t<\/a>\n\t\t\t\t\t\t\t\t<\/div>\n\t\t\t\t<div class=\"elementor-element elementor-element-c375413 elementor-mobile-align-justify elementor-widget-mobile__width-inherit elementor-widget elementor-widget-button\" data-id=\"c375413\" data-element_type=\"widget\" data-e-type=\"widget\" data-widget_type=\"button.default\">\n\t\t\t\t\t\t\t\t\t\t<a class=\"elementor-button elementor-button-link elementor-size-sm\" href=\"https:\/\/es.wikiloc.com\/rutas-cicloturismo\/tu-primera-ruta-por-islantilla-163274948\">\n\t\t\t\t\t\t<span class=\"elementor-button-content-wrapper\">\n\t\t\t\t\t\t\t\t\t<span class=\"elementor-button-text\">Wikiloc Route<\/span>\n\t\t\t\t\t<\/span>\n\t\t\t\t\t<\/a>\n\t\t\t\t\t\t\t\t<\/div>\n\t\t\t\t\t<\/div>\n\t\t\t\t<\/div>\n\t\t<div class=\"elementor-element elementor-element-81f52c9 e-grid e-con-boxed e-con e-child\" data-id=\"81f52c9\" data-element_type=\"container\" data-e-type=\"container\">\n\t\t\t\t\t<div class=\"e-con-inner\">\n\t\t\t\t<div class=\"elementor-element elementor-element-449a90e elementor-widget elementor-widget-image\" data-id=\"449a90e\" data-element_type=\"widget\" data-e-type=\"widget\" data-widget_type=\"image.default\">\n\t\t\t\t\t\t\t\t\t\t\t\t\t\t\t<img loading=\"lazy\" decoding=\"async\" width=\"800\" height=\"381\" src=\"https:\/\/www.islantilla.es\/wp-content\/uploads\/2024\/03\/Ruta-Familiar-1024x488.webp\" class=\"attachment-large size-large wp-image-1870\" alt=\"Mapa de la ruta familiar en bicicleta por Islantilla, Huelva.\" srcset=\"https:\/\/www.islantilla.es\/wp-content\/uploads\/2024\/03\/Ruta-Familiar-1024x488.webp 1024w, https:\/\/www.islantilla.es\/wp-content\/uploads\/2024\/03\/Ruta-Familiar-300x143.webp 300w, https:\/\/www.islantilla.es\/wp-content\/uploads\/2024\/03\/Ruta-Familiar-768x366.webp 768w, https:\/\/www.islantilla.es\/wp-content\/uploads\/2024\/03\/Ruta-Familiar-18x9.webp 18w, https:\/\/www.islantilla.es\/wp-content\/uploads\/2024\/03\/Ruta-Familiar.webp 1347w\" sizes=\"(max-width: 800px) 100vw, 800px\" \/>\t\t\t\t\t\t\t\t\t\t\t\t\t\t\t<\/div>\n\t\t\t\t\t<\/div>\n\t\t\t\t<\/div>\n\t\t\t\t\t<\/div>\n\t\t\t\t<\/div>\n\t\t\t\t<\/div>","protected":false},"excerpt":{"rendered":"<p>YOUR FIRST FAMILY-FRIENDLY ISLANTILLA ROUTE Distance 5.16 km Altitude 12 m Difficulty EASY Route for children. Starting and finishing at the Islantilla Active Center. Traveling along the cycle-pedestrian path to Nueva Umbr\u00eda Park. The total time includes a stop at the park to play. Download GPX route Wikiloc Route<\/p>","protected":false},"author":1,"featured_media":0,"parent":0,"menu_order":0,"comment_status":"closed","ping_status":"closed","template":"elementor_header_footer","meta":{"slim_seo":{"title":"Tu primera ruta en bicicleta por Islantilla | Familiar y f\u00e1cil","description":"Ruta en bicicleta familiar por Islantilla, ideal para ni\u00f1os. Recorrido f\u00e1cil y seguro por carril ciclopeatonal hasta el Parque de Nueva Umbr\u00eda."},"footnotes":""},"class_list":["post-1868","page","type-page","status-publish","hentry"],"_links":{"self":[{"href":"https:\/\/www.islantilla.es\/en\/wp-json\/wp\/v2\/pages\/1868","targetHints":{"allow":["GET"]}}],"collection":[{"href":"https:\/\/www.islantilla.es\/en\/wp-json\/wp\/v2\/pages"}],"about":[{"href":"https:\/\/www.islantilla.es\/en\/wp-json\/wp\/v2\/types\/page"}],"author":[{"embeddable":true,"href":"https:\/\/www.islantilla.es\/en\/wp-json\/wp\/v2\/users\/1"}],"replies":[{"embeddable":true,"href":"https:\/\/www.islantilla.es\/en\/wp-json\/wp\/v2\/comments?post=1868"}],"version-history":[{"count":10,"href":"https:\/\/www.islantilla.es\/en\/wp-json\/wp\/v2\/pages\/1868\/revisions"}],"predecessor-version":[{"id":3645,"href":"https:\/\/www.islantilla.es\/en\/wp-json\/wp\/v2\/pages\/1868\/revisions\/3645"}],"wp:attachment":[{"href":"https:\/\/www.islantilla.es\/en\/wp-json\/wp\/v2\/media?parent=1868"}],"curies":[{"name":"wp","href":"https:\/\/api.w.org\/{rel}","templated":true}]}}