{"id":1841,"date":"2024-03-26T17:04:50","date_gmt":"2024-03-26T16:04:50","guid":{"rendered":"https:\/\/www.islantilla.es\/?page_id=1841"},"modified":"2026-02-17T18:04:44","modified_gmt":"2026-02-17T17:04:44","slug":"cycling-islantilla-riopiedras","status":"publish","type":"page","link":"https:\/\/www.islantilla.es\/en\/cycling-islantilla-riopiedras\/","title":{"rendered":"Islantilla \u2013 Piedras River"},"content":{"rendered":"<div data-elementor-type=\"wp-page\" data-elementor-id=\"1841\" class=\"elementor elementor-1841\" data-elementor-post-type=\"page\">\n\t\t\t\t<div class=\"elementor-element elementor-element-07d66ff e-flex e-con-boxed elementor-invisible e-con e-parent\" data-id=\"07d66ff\" data-element_type=\"container\" data-e-type=\"container\" data-settings=\"{&quot;background_background&quot;:&quot;classic&quot;,&quot;animation&quot;:&quot;fadeIn&quot;}\">\n\t\t\t\t\t<div class=\"e-con-inner\">\n\t\t\t\t<div class=\"elementor-element elementor-element-3b65e8e elementor-widget__width-inherit elementor-widget elementor-widget-heading\" data-id=\"3b65e8e\" data-element_type=\"widget\" data-e-type=\"widget\" data-widget_type=\"heading.default\">\n\t\t\t\t\t<h2 class=\"elementor-heading-title elementor-size-default\">ISLANTILLA - R\u00cdO PIEDRAS<\/h2>\t\t\t\t<\/div>\n\t\t\t\t<div class=\"elementor-element elementor-element-1110865 elementor-widget__width-inherit elementor-widget elementor-widget-heading\" data-id=\"1110865\" data-element_type=\"widget\" data-e-type=\"widget\" data-widget_type=\"heading.default\">\n\t\t\t\t\t<h2 class=\"elementor-heading-title elementor-size-default\">MTB ROUTE<\/h2>\t\t\t\t<\/div>\n\t\t\t\t\t<\/div>\n\t\t\t\t<\/div>\n\t\t<div class=\"elementor-element elementor-element-c4343ae e-flex e-con-boxed elementor-invisible e-con e-parent\" data-id=\"c4343ae\" data-element_type=\"container\" data-e-type=\"container\" data-settings=\"{&quot;animation&quot;:&quot;fadeInUp&quot;}\">\n\t\t\t\t\t<div class=\"e-con-inner\">\n\t\t<div class=\"elementor-element elementor-element-a56048d e-grid e-con-boxed e-con e-child\" data-id=\"a56048d\" data-element_type=\"container\" data-e-type=\"container\">\n\t\t\t\t\t<div class=\"e-con-inner\">\n\t\t\t\t<div class=\"elementor-element elementor-element-a6a7ba7 elementor-widget elementor-widget-image\" data-id=\"a6a7ba7\" data-element_type=\"widget\" data-e-type=\"widget\" data-widget_type=\"image.default\">\n\t\t\t\t\t\t\t\t\t\t\t\t\t\t\t<img fetchpriority=\"high\" decoding=\"async\" width=\"800\" height=\"534\" src=\"https:\/\/www.islantilla.es\/wp-content\/uploads\/2026\/02\/Ruta-Cicloturismo-Islantilla-Rio-Piedras-1024x683.jpeg\" class=\"attachment-large size-large wp-image-7751\" alt=\"Ruta en bicicleta Islantilla - R\u00edo Piedras\" srcset=\"https:\/\/www.islantilla.es\/wp-content\/uploads\/2026\/02\/Ruta-Cicloturismo-Islantilla-Rio-Piedras-1024x683.jpeg 1024w, https:\/\/www.islantilla.es\/wp-content\/uploads\/2026\/02\/Ruta-Cicloturismo-Islantilla-Rio-Piedras-300x200.jpeg 300w, https:\/\/www.islantilla.es\/wp-content\/uploads\/2026\/02\/Ruta-Cicloturismo-Islantilla-Rio-Piedras-768x512.jpeg 768w, https:\/\/www.islantilla.es\/wp-content\/uploads\/2026\/02\/Ruta-Cicloturismo-Islantilla-Rio-Piedras-1536x1025.jpeg 1536w, https:\/\/www.islantilla.es\/wp-content\/uploads\/2026\/02\/Ruta-Cicloturismo-Islantilla-Rio-Piedras-18x12.jpeg 18w, https:\/\/www.islantilla.es\/wp-content\/uploads\/2026\/02\/Ruta-Cicloturismo-Islantilla-Rio-Piedras.jpeg 2048w\" sizes=\"(max-width: 800px) 100vw, 800px\" \/>\t\t\t\t\t\t\t\t\t\t\t\t\t\t\t<\/div>\n\t\t<div class=\"elementor-element elementor-element-4e91754 e-grid e-con-boxed e-con e-child\" data-id=\"4e91754\" data-element_type=\"container\" data-e-type=\"container\">\n\t\t\t\t\t<div class=\"e-con-inner\">\n\t\t\t\t<div class=\"elementor-element elementor-element-160b924 elementor-position-left elementor-position-top elementor-vertical-align-bottom elementor-widget elementor-widget-image-box\" data-id=\"160b924\" data-element_type=\"widget\" data-e-type=\"widget\" data-widget_type=\"image-box.default\">\n\t\t\t\t\t<div class=\"elementor-image-box-wrapper\"><figure class=\"elementor-image-box-img\"><img decoding=\"async\" width=\"80\" height=\"80\" src=\"https:\/\/www.islantilla.es\/wp-content\/uploads\/2024\/03\/Distancia.webp\" class=\"attachment-full size-full wp-image-1745\" alt=\"Icono azul de una se\u00f1al de direcci\u00f3n que representa la distancia de la ruta.\" srcset=\"https:\/\/www.islantilla.es\/wp-content\/uploads\/2024\/03\/Distancia.webp 80w, https:\/\/www.islantilla.es\/wp-content\/uploads\/2024\/03\/Distancia-12x12.webp 12w\" sizes=\"(max-width: 80px) 100vw, 80px\" \/><\/figure><div class=\"elementor-image-box-content\"><h3 class=\"elementor-image-box-title\">Distance<\/h3><p class=\"elementor-image-box-description\">62 km<\/p><\/div><\/div>\t\t\t\t<\/div>\n\t\t\t\t<div class=\"elementor-element elementor-element-6fdfb0c elementor-position-left elementor-position-top elementor-vertical-align-bottom elementor-widget elementor-widget-image-box\" data-id=\"6fdfb0c\" data-element_type=\"widget\" data-e-type=\"widget\" data-widget_type=\"image-box.default\">\n\t\t\t\t\t<div class=\"elementor-image-box-wrapper\"><figure class=\"elementor-image-box-img\"><img decoding=\"async\" width=\"80\" height=\"80\" src=\"https:\/\/www.islantilla.es\/wp-content\/uploads\/2024\/03\/Altitud.webp\" class=\"attachment-full size-full wp-image-1744\" alt=\"Icono azul con un tri\u00e1ngulo y una pendiente que representa la altitud o desnivel de la ruta en bicicleta.\" srcset=\"https:\/\/www.islantilla.es\/wp-content\/uploads\/2024\/03\/Altitud.webp 80w, https:\/\/www.islantilla.es\/wp-content\/uploads\/2024\/03\/Altitud-12x12.webp 12w\" sizes=\"(max-width: 80px) 100vw, 80px\" \/><\/figure><div class=\"elementor-image-box-content\"><h3 class=\"elementor-image-box-title\">Altitude<\/h3><p class=\"elementor-image-box-description\">668m<\/p><\/div><\/div>\t\t\t\t<\/div>\n\t\t\t\t<div class=\"elementor-element elementor-element-edfd6e6 elementor-position-left elementor-position-top elementor-vertical-align-bottom elementor-widget elementor-widget-image-box\" data-id=\"edfd6e6\" data-element_type=\"widget\" data-e-type=\"widget\" data-widget_type=\"image-box.default\">\n\t\t\t\t\t<div class=\"elementor-image-box-wrapper\"><figure class=\"elementor-image-box-img\"><img loading=\"lazy\" decoding=\"async\" width=\"80\" height=\"80\" src=\"https:\/\/www.islantilla.es\/wp-content\/uploads\/2024\/03\/Dificultad.webp\" class=\"attachment-full size-full wp-image-1743\" alt=\"Icono azul de una bicicleta que representa la dificultad del recorrido en bici.\" srcset=\"https:\/\/www.islantilla.es\/wp-content\/uploads\/2024\/03\/Dificultad.webp 80w, https:\/\/www.islantilla.es\/wp-content\/uploads\/2024\/03\/Dificultad-12x12.webp 12w\" sizes=\"(max-width: 80px) 100vw, 80px\" \/><\/figure><div class=\"elementor-image-box-content\"><h3 class=\"elementor-image-box-title\">Difficulty<\/h3><p class=\"elementor-image-box-description\">HALF<\/p><\/div><\/div>\t\t\t\t<\/div>\n\t\t\t\t\t<\/div>\n\t\t\t\t<\/div>\n\t\t\t\t\t<\/div>\n\t\t\t\t<\/div>\n\t\t\t\t<div class=\"elementor-element elementor-element-cdd3a7e elementor-widget elementor-widget-text-editor\" data-id=\"cdd3a7e\" data-element_type=\"widget\" data-e-type=\"widget\" data-widget_type=\"text-editor.default\">\n\t\t\t\t\t\t\t\t\t<p>This mountain bike route starts in Islantilla and follows several sections of the Piedras River, reaching its reservoir. Among other points of interest near this route is the La Tavirona Bridge, an iron bridge that once carried the Huelva-Ayamonte railway line. Built in 1931 using the remains of an old train carriage, it is an impressive 80-meter-long engineering feat. The route presents a moderate challenge due to its ascents and descents.<\/p>\t\t\t\t\t\t\t\t<\/div>\n\t\t<div class=\"elementor-element elementor-element-0775ab2 e-grid e-con-boxed e-con e-child\" data-id=\"0775ab2\" data-element_type=\"container\" data-e-type=\"container\">\n\t\t\t\t\t<div class=\"e-con-inner\">\n\t\t\t\t<div class=\"elementor-element elementor-element-4cb245e elementor-widget elementor-widget-button\" data-id=\"4cb245e\" data-element_type=\"widget\" data-e-type=\"widget\" data-widget_type=\"button.default\">\n\t\t\t\t\t\t\t\t\t\t<a class=\"elementor-button elementor-button-link elementor-size-sm\" href=\"https:\/\/www.islantilla.es\/wp-content\/uploads\/2024\/03\/islantilla-rio-piedras.zip\">\n\t\t\t\t\t\t<span class=\"elementor-button-content-wrapper\">\n\t\t\t\t\t\t\t\t\t<span class=\"elementor-button-text\">Download route<\/span>\n\t\t\t\t\t<\/span>\n\t\t\t\t\t<\/a>\n\t\t\t\t\t\t\t\t<\/div>\n\t\t\t\t<div class=\"elementor-element elementor-element-a3f0403 elementor-widget elementor-widget-image\" data-id=\"a3f0403\" data-element_type=\"widget\" data-e-type=\"widget\" data-widget_type=\"image.default\">\n\t\t\t\t\t\t\t\t\t\t\t\t\t\t\t<img loading=\"lazy\" decoding=\"async\" width=\"131\" height=\"131\" src=\"https:\/\/www.islantilla.es\/wp-content\/uploads\/2024\/03\/QR004.webp\" class=\"attachment-thumbnail size-thumbnail wp-image-1751\" alt=\"C\u00f3digo QR que enlaza a la ruta cicloturista Islantilla \u2013 r\u00edo Piedras en la web de Cycling Friendly.\" srcset=\"https:\/\/www.islantilla.es\/wp-content\/uploads\/2024\/03\/QR004.webp 131w, https:\/\/www.islantilla.es\/wp-content\/uploads\/2024\/03\/QR004-12x12.webp 12w\" sizes=\"(max-width: 131px) 100vw, 131px\" \/>\t\t\t\t\t\t\t\t\t\t\t\t\t\t\t<\/div>\n\t\t\t\t\t<\/div>\n\t\t\t\t<\/div>\n\t\t<div class=\"elementor-element elementor-element-81f52c9 e-grid e-con-boxed e-con e-child\" data-id=\"81f52c9\" data-element_type=\"container\" data-e-type=\"container\">\n\t\t\t\t\t<div class=\"e-con-inner\">\n\t\t\t\t<div class=\"elementor-element elementor-element-449a90e elementor-widget elementor-widget-image\" data-id=\"449a90e\" data-element_type=\"widget\" data-e-type=\"widget\" data-widget_type=\"image.default\">\n\t\t\t\t\t\t\t\t\t\t\t\t\t\t\t<img loading=\"lazy\" decoding=\"async\" width=\"800\" height=\"284\" src=\"https:\/\/www.islantilla.es\/wp-content\/uploads\/2024\/03\/MapaRuta04.webp\" class=\"attachment-large size-large wp-image-1761\" alt=\"Ruta 4. Mapa de la ruta en bicicleta desde Islantilla hasta el r\u00edo Piedras.\" srcset=\"https:\/\/www.islantilla.es\/wp-content\/uploads\/2024\/03\/MapaRuta04.webp 971w, https:\/\/www.islantilla.es\/wp-content\/uploads\/2024\/03\/MapaRuta04-300x107.webp 300w, https:\/\/www.islantilla.es\/wp-content\/uploads\/2024\/03\/MapaRuta04-768x273.webp 768w, https:\/\/www.islantilla.es\/wp-content\/uploads\/2024\/03\/MapaRuta04-18x6.webp 18w\" sizes=\"(max-width: 800px) 100vw, 800px\" \/>\t\t\t\t\t\t\t\t\t\t\t\t\t\t\t<\/div>\n\t\t\t\t<div class=\"elementor-element elementor-element-a89fc2d elementor-widget elementor-widget-image\" data-id=\"a89fc2d\" data-element_type=\"widget\" data-e-type=\"widget\" data-widget_type=\"image.default\">\n\t\t\t\t\t\t\t\t\t\t\t\t\t\t\t<img loading=\"lazy\" decoding=\"async\" width=\"800\" height=\"241\" src=\"https:\/\/www.islantilla.es\/wp-content\/uploads\/2024\/03\/PerfilRuta04.webp\" class=\"attachment-large size-large wp-image-1771\" alt=\"Ruta 4. Perfil de altitud de la ruta cicloturista desde Islantilla al R\u00edo Piedras.\" srcset=\"https:\/\/www.islantilla.es\/wp-content\/uploads\/2024\/03\/PerfilRuta04.webp 973w, https:\/\/www.islantilla.es\/wp-content\/uploads\/2024\/03\/PerfilRuta04-300x90.webp 300w, https:\/\/www.islantilla.es\/wp-content\/uploads\/2024\/03\/PerfilRuta04-768x231.webp 768w, https:\/\/www.islantilla.es\/wp-content\/uploads\/2024\/03\/PerfilRuta04-18x5.webp 18w\" sizes=\"(max-width: 800px) 100vw, 800px\" \/>\t\t\t\t\t\t\t\t\t\t\t\t\t\t\t<\/div>\n\t\t\t\t\t<\/div>\n\t\t\t\t<\/div>\n\t\t\t\t\t<\/div>\n\t\t\t\t<\/div>\n\t\t\t\t<\/div>","protected":false},"excerpt":{"rendered":"<p>ISLANTILLA &#8211; R\u00cdO PIEDRAS RUTA DE MTB Distancia 62 km Altitud 668 m Dificultad MEDIA Ruta para bicicleta de monta\u00f1a que sale desde Islantilla y nos lleva por varios tramos del R\u00edo Piedras, llegando hasta el embalse del mismo. Entre otros puntos de inter\u00e9s cercanos a esta ruta se encuentra el Puente de La Tavirona, [&hellip;]<\/p>\n","protected":false},"author":1,"featured_media":0,"parent":0,"menu_order":0,"comment_status":"closed","ping_status":"closed","template":"elementor_header_footer","meta":{"slim_seo":{"title":"Ruta MTB Islantilla - R\u00edo Piedras | Islantilla","description":"Ruta para bicicleta de monta\u00f1a que sale desde Islantilla y nos lleva por varios tramos del R\u00edo Piedras, llegando hasta el embalse del mismo."},"footnotes":""},"class_list":["post-1841","page","type-page","status-publish","hentry"],"_links":{"self":[{"href":"https:\/\/www.islantilla.es\/en\/wp-json\/wp\/v2\/pages\/1841","targetHints":{"allow":["GET"]}}],"collection":[{"href":"https:\/\/www.islantilla.es\/en\/wp-json\/wp\/v2\/pages"}],"about":[{"href":"https:\/\/www.islantilla.es\/en\/wp-json\/wp\/v2\/types\/page"}],"author":[{"embeddable":true,"href":"https:\/\/www.islantilla.es\/en\/wp-json\/wp\/v2\/users\/1"}],"replies":[{"embeddable":true,"href":"https:\/\/www.islantilla.es\/en\/wp-json\/wp\/v2\/comments?post=1841"}],"version-history":[{"count":22,"href":"https:\/\/www.islantilla.es\/en\/wp-json\/wp\/v2\/pages\/1841\/revisions"}],"predecessor-version":[{"id":7754,"href":"https:\/\/www.islantilla.es\/en\/wp-json\/wp\/v2\/pages\/1841\/revisions\/7754"}],"wp:attachment":[{"href":"https:\/\/www.islantilla.es\/en\/wp-json\/wp\/v2\/media?parent=1841"}],"curies":[{"name":"wp","href":"https:\/\/api.w.org\/{rel}","templated":true}]}}