{"id":1831,"date":"2024-03-26T16:57:01","date_gmt":"2024-03-26T15:57:01","guid":{"rendered":"https:\/\/www.islantilla.es\/?page_id=1831"},"modified":"2025-12-01T18:15:24","modified_gmt":"2025-12-01T17:15:24","slug":"cycling-islantilla-islacristina","status":"publish","type":"page","link":"https:\/\/www.islantilla.es\/en\/cycling-islantilla-islacristina\/","title":{"rendered":"Islantilla \u2013 Isla Cristina"},"content":{"rendered":"<div data-elementor-type=\"wp-page\" data-elementor-id=\"1831\" class=\"elementor elementor-1831\" data-elementor-post-type=\"page\">\n\t\t\t\t<div class=\"elementor-element elementor-element-07d66ff e-flex e-con-boxed elementor-invisible e-con e-parent\" data-id=\"07d66ff\" data-element_type=\"container\" data-e-type=\"container\" data-settings=\"{&quot;background_background&quot;:&quot;classic&quot;,&quot;animation&quot;:&quot;fadeIn&quot;}\">\n\t\t\t\t\t<div class=\"e-con-inner\">\n\t\t\t\t<div class=\"elementor-element elementor-element-3b65e8e elementor-widget__width-inherit elementor-widget elementor-widget-heading\" data-id=\"3b65e8e\" data-element_type=\"widget\" data-e-type=\"widget\" data-widget_type=\"heading.default\">\n\t\t\t\t\t<h2 class=\"elementor-heading-title elementor-size-default\">ISLANTILLA - ISLA CRISTINA<\/h2>\t\t\t\t<\/div>\n\t\t\t\t<div class=\"elementor-element elementor-element-1110865 elementor-widget__width-inherit elementor-widget elementor-widget-heading\" data-id=\"1110865\" data-element_type=\"widget\" data-e-type=\"widget\" data-widget_type=\"heading.default\">\n\t\t\t\t\t<h2 class=\"elementor-heading-title elementor-size-default\">MTB ROUTE<\/h2>\t\t\t\t<\/div>\n\t\t\t\t\t<\/div>\n\t\t\t\t<\/div>\n\t\t<div class=\"elementor-element elementor-element-c4343ae e-flex e-con-boxed elementor-invisible e-con e-parent\" data-id=\"c4343ae\" data-element_type=\"container\" data-e-type=\"container\" data-settings=\"{&quot;animation&quot;:&quot;fadeInUp&quot;}\">\n\t\t\t\t\t<div class=\"e-con-inner\">\n\t\t<div class=\"elementor-element elementor-element-a56048d e-grid e-con-boxed e-con e-child\" data-id=\"a56048d\" data-element_type=\"container\" data-e-type=\"container\">\n\t\t\t\t\t<div class=\"e-con-inner\">\n\t\t\t\t<div class=\"elementor-element elementor-element-a6a7ba7 elementor-widget elementor-widget-image\" data-id=\"a6a7ba7\" data-element_type=\"widget\" data-e-type=\"widget\" data-widget_type=\"image.default\">\n\t\t\t\t\t\t\t\t\t\t\t\t\t\t\t<img fetchpriority=\"high\" decoding=\"async\" width=\"800\" height=\"534\" src=\"https:\/\/www.islantilla.es\/wp-content\/uploads\/2024\/03\/Islantilla-Isla-Cristina-1024x683.webp\" class=\"attachment-large size-large wp-image-1618\" alt=\"Ruta en bicicleta Islantilla - Isla Cristina\" srcset=\"https:\/\/www.islantilla.es\/wp-content\/uploads\/2024\/03\/Islantilla-Isla-Cristina-1024x683.webp 1024w, https:\/\/www.islantilla.es\/wp-content\/uploads\/2024\/03\/Islantilla-Isla-Cristina-300x200.webp 300w, https:\/\/www.islantilla.es\/wp-content\/uploads\/2024\/03\/Islantilla-Isla-Cristina-768x512.webp 768w, https:\/\/www.islantilla.es\/wp-content\/uploads\/2024\/03\/Islantilla-Isla-Cristina-18x12.webp 18w, https:\/\/www.islantilla.es\/wp-content\/uploads\/2024\/03\/Islantilla-Isla-Cristina.webp 1384w\" sizes=\"(max-width: 800px) 100vw, 800px\" \/>\t\t\t\t\t\t\t\t\t\t\t\t\t\t\t<\/div>\n\t\t<div class=\"elementor-element elementor-element-4e91754 e-grid e-con-boxed e-con e-child\" data-id=\"4e91754\" data-element_type=\"container\" data-e-type=\"container\">\n\t\t\t\t\t<div class=\"e-con-inner\">\n\t\t\t\t<div class=\"elementor-element elementor-element-160b924 elementor-position-left elementor-position-top elementor-vertical-align-bottom elementor-widget elementor-widget-image-box\" data-id=\"160b924\" data-element_type=\"widget\" data-e-type=\"widget\" data-widget_type=\"image-box.default\">\n\t\t\t\t\t<div class=\"elementor-image-box-wrapper\"><figure class=\"elementor-image-box-img\"><img decoding=\"async\" width=\"80\" height=\"80\" src=\"https:\/\/www.islantilla.es\/wp-content\/uploads\/2024\/03\/Distancia.webp\" class=\"attachment-full size-full wp-image-1745\" alt=\"Icono azul de una se\u00f1al de direcci\u00f3n que representa la distancia de la ruta.\" srcset=\"https:\/\/www.islantilla.es\/wp-content\/uploads\/2024\/03\/Distancia.webp 80w, https:\/\/www.islantilla.es\/wp-content\/uploads\/2024\/03\/Distancia-12x12.webp 12w\" sizes=\"(max-width: 80px) 100vw, 80px\" \/><\/figure><div class=\"elementor-image-box-content\"><h3 class=\"elementor-image-box-title\">Distance<\/h3><p class=\"elementor-image-box-description\">43.04 km<\/p><\/div><\/div>\t\t\t\t<\/div>\n\t\t\t\t<div class=\"elementor-element elementor-element-6fdfb0c elementor-position-left elementor-position-top elementor-vertical-align-bottom elementor-widget elementor-widget-image-box\" data-id=\"6fdfb0c\" data-element_type=\"widget\" data-e-type=\"widget\" data-widget_type=\"image-box.default\">\n\t\t\t\t\t<div class=\"elementor-image-box-wrapper\"><figure class=\"elementor-image-box-img\"><img decoding=\"async\" width=\"80\" height=\"80\" src=\"https:\/\/www.islantilla.es\/wp-content\/uploads\/2024\/03\/Altitud.webp\" class=\"attachment-full size-full wp-image-1744\" alt=\"Icono azul con un tri\u00e1ngulo y una pendiente que representa la altitud o desnivel de la ruta en bicicleta.\" srcset=\"https:\/\/www.islantilla.es\/wp-content\/uploads\/2024\/03\/Altitud.webp 80w, https:\/\/www.islantilla.es\/wp-content\/uploads\/2024\/03\/Altitud-12x12.webp 12w\" sizes=\"(max-width: 80px) 100vw, 80px\" \/><\/figure><div class=\"elementor-image-box-content\"><h3 class=\"elementor-image-box-title\">Altitude<\/h3><p class=\"elementor-image-box-description\">195m<\/p><\/div><\/div>\t\t\t\t<\/div>\n\t\t\t\t<div class=\"elementor-element elementor-element-edfd6e6 elementor-position-left elementor-position-top elementor-vertical-align-bottom elementor-widget elementor-widget-image-box\" data-id=\"edfd6e6\" data-element_type=\"widget\" data-e-type=\"widget\" data-widget_type=\"image-box.default\">\n\t\t\t\t\t<div class=\"elementor-image-box-wrapper\"><figure class=\"elementor-image-box-img\"><img loading=\"lazy\" decoding=\"async\" width=\"80\" height=\"80\" src=\"https:\/\/www.islantilla.es\/wp-content\/uploads\/2024\/03\/Dificultad.webp\" class=\"attachment-full size-full wp-image-1743\" alt=\"Icono azul de una bicicleta que representa la dificultad del recorrido en bici.\" srcset=\"https:\/\/www.islantilla.es\/wp-content\/uploads\/2024\/03\/Dificultad.webp 80w, https:\/\/www.islantilla.es\/wp-content\/uploads\/2024\/03\/Dificultad-12x12.webp 12w\" sizes=\"(max-width: 80px) 100vw, 80px\" \/><\/figure><div class=\"elementor-image-box-content\"><h3 class=\"elementor-image-box-title\">Difficulty<\/h3><p class=\"elementor-image-box-description\">HALF<\/p><\/div><\/div>\t\t\t\t<\/div>\n\t\t\t\t\t<\/div>\n\t\t\t\t<\/div>\n\t\t\t\t\t<\/div>\n\t\t\t\t<\/div>\n\t\t\t\t<div class=\"elementor-element elementor-element-cdd3a7e elementor-widget elementor-widget-text-editor\" data-id=\"cdd3a7e\" data-element_type=\"widget\" data-e-type=\"widget\" data-widget_type=\"text-editor.default\">\n\t\t\t\t\t\t\t\t\t<p>Mountain bike route that takes us from Islantilla to Isla Cristina through the Ruta del Camale\u00f3n, and to Ayamonte along the V\u00eda Verde Litoral, passing through Pozo del Camino and returning through La Redondela. In Isla Cristina, travel through the pine forest next to the dune range, until you reach the Carreras Estuary, in addition to the Isla Cristina Salt Flats, traveling through part of the Isla Cristina Marismas Natural Area until you reach the &#039;Molino del Pintado&#039; Tidal Ecomuseum in Ayamonte.<\/p>\t\t\t\t\t\t\t\t<\/div>\n\t\t<div class=\"elementor-element elementor-element-0775ab2 e-grid e-con-boxed e-con e-child\" data-id=\"0775ab2\" data-element_type=\"container\" data-e-type=\"container\">\n\t\t\t\t\t<div class=\"e-con-inner\">\n\t\t\t\t<div class=\"elementor-element elementor-element-4cb245e elementor-widget elementor-widget-button\" data-id=\"4cb245e\" data-element_type=\"widget\" data-e-type=\"widget\" data-widget_type=\"button.default\">\n\t\t\t\t\t\t\t\t\t\t<a class=\"elementor-button elementor-button-link elementor-size-sm\" href=\"https:\/\/www.islantilla.es\/wp-content\/uploads\/2024\/03\/islantilla-isla-cristina.zip\">\n\t\t\t\t\t\t<span class=\"elementor-button-content-wrapper\">\n\t\t\t\t\t\t\t\t\t<span class=\"elementor-button-text\">Download route<\/span>\n\t\t\t\t\t<\/span>\n\t\t\t\t\t<\/a>\n\t\t\t\t\t\t\t\t<\/div>\n\t\t\t\t<div class=\"elementor-element elementor-element-a3f0403 elementor-widget elementor-widget-image\" data-id=\"a3f0403\" data-element_type=\"widget\" data-e-type=\"widget\" data-widget_type=\"image.default\">\n\t\t\t\t\t\t\t\t\t\t\t\t\t\t\t<img loading=\"lazy\" decoding=\"async\" width=\"150\" height=\"150\" src=\"https:\/\/www.islantilla.es\/wp-content\/uploads\/2024\/03\/QR001-1-150x150.webp\" class=\"attachment-thumbnail size-thumbnail wp-image-1747\" alt=\"C\u00f3digo QR que enlaza a la ruta cicloturista Islantilla \u2013 Isla Cristina en Cycling Friendly.\" srcset=\"https:\/\/www.islantilla.es\/wp-content\/uploads\/2024\/03\/QR001-1-150x150.webp 150w, https:\/\/www.islantilla.es\/wp-content\/uploads\/2024\/03\/QR001-1-300x300.webp 300w, https:\/\/www.islantilla.es\/wp-content\/uploads\/2024\/03\/QR001-1-12x12.webp 12w, https:\/\/www.islantilla.es\/wp-content\/uploads\/2024\/03\/QR001-1.webp 392w\" sizes=\"(max-width: 150px) 100vw, 150px\" \/>\t\t\t\t\t\t\t\t\t\t\t\t\t\t\t<\/div>\n\t\t\t\t\t<\/div>\n\t\t\t\t<\/div>\n\t\t<div class=\"elementor-element elementor-element-81f52c9 e-grid e-con-boxed e-con e-child\" data-id=\"81f52c9\" data-element_type=\"container\" data-e-type=\"container\">\n\t\t\t\t\t<div class=\"e-con-inner\">\n\t\t\t\t<div class=\"elementor-element elementor-element-449a90e elementor-widget elementor-widget-image\" data-id=\"449a90e\" data-element_type=\"widget\" data-e-type=\"widget\" data-widget_type=\"image.default\">\n\t\t\t\t\t\t\t\t\t\t\t\t\t\t\t<img loading=\"lazy\" decoding=\"async\" width=\"800\" height=\"247\" src=\"https:\/\/www.islantilla.es\/wp-content\/uploads\/2024\/03\/MapaRuta01.webp\" class=\"attachment-large size-large wp-image-1758\" alt=\"Ruta 1. Mapa de la ruta en bicicleta desde Islantilla hasta Isla Cristina.\" srcset=\"https:\/\/www.islantilla.es\/wp-content\/uploads\/2024\/03\/MapaRuta01.webp 971w, https:\/\/www.islantilla.es\/wp-content\/uploads\/2024\/03\/MapaRuta01-300x93.webp 300w, https:\/\/www.islantilla.es\/wp-content\/uploads\/2024\/03\/MapaRuta01-768x237.webp 768w, https:\/\/www.islantilla.es\/wp-content\/uploads\/2024\/03\/MapaRuta01-18x6.webp 18w\" sizes=\"(max-width: 800px) 100vw, 800px\" \/>\t\t\t\t\t\t\t\t\t\t\t\t\t\t\t<\/div>\n\t\t\t\t<div class=\"elementor-element elementor-element-a89fc2d elementor-widget elementor-widget-image\" data-id=\"a89fc2d\" data-element_type=\"widget\" data-e-type=\"widget\" data-widget_type=\"image.default\">\n\t\t\t\t\t\t\t\t\t\t\t\t\t\t\t<img loading=\"lazy\" decoding=\"async\" width=\"800\" height=\"247\" src=\"https:\/\/www.islantilla.es\/wp-content\/uploads\/2024\/03\/PerfilRuta01.webp\" class=\"attachment-large size-large wp-image-1768\" alt=\"Ruta 1. Perfil de altitud de la ruta cicloturista desde Islantilla hasta Isla Cristina.\" srcset=\"https:\/\/www.islantilla.es\/wp-content\/uploads\/2024\/03\/PerfilRuta01.webp 971w, https:\/\/www.islantilla.es\/wp-content\/uploads\/2024\/03\/PerfilRuta01-300x93.webp 300w, https:\/\/www.islantilla.es\/wp-content\/uploads\/2024\/03\/PerfilRuta01-768x237.webp 768w, https:\/\/www.islantilla.es\/wp-content\/uploads\/2024\/03\/PerfilRuta01-18x6.webp 18w\" sizes=\"(max-width: 800px) 100vw, 800px\" \/>\t\t\t\t\t\t\t\t\t\t\t\t\t\t\t<\/div>\n\t\t\t\t\t<\/div>\n\t\t\t\t<\/div>\n\t\t\t\t\t<\/div>\n\t\t\t\t<\/div>\n\t\t\t\t<\/div>","protected":false},"excerpt":{"rendered":"<p>ISLANTILLA &#8211; ISLA CRISTINA RUTA DE MTB Distancia 43,04 km Altitud 195 m Dificultad MEDIA Ruta para bicicleta de monta\u00f1a que nos lleva desde Islantilla a Isla Cristina a trav\u00e9s de la Ruta del Camale\u00f3n, y hasta Ayamonte por la V\u00eda Verde Litoral, pasando por Pozo del Camino y volviendo por La Redondela. En Isla [&hellip;]<\/p>\n","protected":false},"author":1,"featured_media":0,"parent":0,"menu_order":0,"comment_status":"closed","ping_status":"closed","template":"elementor_header_footer","meta":{"slim_seo":{"title":"Ruta MTB Islantilla - Isla Cristina | Islantilla","description":"Ruta ciclista para MTB que nos lleva desde Islantilla a Isla Cristina a trav\u00e9s de la Ruta del Camale\u00f3n, y hasta Ayamonte por la V\u00eda Verde Litoral, pasando por Pozo del Camino y volviendo por La Redondela."},"footnotes":""},"class_list":["post-1831","page","type-page","status-publish","hentry"],"_links":{"self":[{"href":"https:\/\/www.islantilla.es\/en\/wp-json\/wp\/v2\/pages\/1831","targetHints":{"allow":["GET"]}}],"collection":[{"href":"https:\/\/www.islantilla.es\/en\/wp-json\/wp\/v2\/pages"}],"about":[{"href":"https:\/\/www.islantilla.es\/en\/wp-json\/wp\/v2\/types\/page"}],"author":[{"embeddable":true,"href":"https:\/\/www.islantilla.es\/en\/wp-json\/wp\/v2\/users\/1"}],"replies":[{"embeddable":true,"href":"https:\/\/www.islantilla.es\/en\/wp-json\/wp\/v2\/comments?post=1831"}],"version-history":[{"count":24,"href":"https:\/\/www.islantilla.es\/en\/wp-json\/wp\/v2\/pages\/1831\/revisions"}],"predecessor-version":[{"id":7185,"href":"https:\/\/www.islantilla.es\/en\/wp-json\/wp\/v2\/pages\/1831\/revisions\/7185"}],"wp:attachment":[{"href":"https:\/\/www.islantilla.es\/en\/wp-json\/wp\/v2\/media?parent=1831"}],"curies":[{"name":"wp","href":"https:\/\/api.w.org\/{rel}","templated":true}]}}