{"id":6126,"date":"2025-09-10T13:29:07","date_gmt":"2025-09-10T11:29:07","guid":{"rendered":"https:\/\/www.islantilla.es\/?page_id=6126"},"modified":"2025-09-10T13:30:04","modified_gmt":"2025-09-10T11:30:04","slug":"el-tambor-de-hojalata-gunter-grass","status":"publish","type":"page","link":"https:\/\/www.islantilla.es\/de\/el-tambor-de-hojalata-gunter-grass\/","title":{"rendered":"El Tambor de Hojalata, G\u00fcnter Grass"},"content":{"rendered":"<div data-elementor-type=\"wp-page\" data-elementor-id=\"6126\" class=\"elementor elementor-6126\" data-elementor-post-type=\"page\">\n\t\t\t\t<div class=\"elementor-element elementor-element-f0aee1f e-con-full e-flex e-con e-parent\" data-id=\"f0aee1f\" data-element_type=\"container\" data-e-type=\"container\">\n\t\t<div class=\"elementor-element elementor-element-cc09043 e-con-full e-flex e-con e-child\" data-id=\"cc09043\" data-element_type=\"container\" data-e-type=\"container\" data-settings=\"{&quot;background_background&quot;:&quot;classic&quot;}\">\n\t\t\t\t<\/div>\n\t\t<div class=\"elementor-element elementor-element-6b5340a e-con-full e-flex e-con e-child\" data-id=\"6b5340a\" data-element_type=\"container\" data-e-type=\"container\">\n\t\t\t\t<div class=\"elementor-element elementor-element-d782b6e elementor-widget elementor-widget-heading\" data-id=\"d782b6e\" data-element_type=\"widget\" data-e-type=\"widget\" data-widget_type=\"heading.default\">\n\t\t\t\t\t<h2 class=\"elementor-heading-title elementor-size-default\">Die Blechtrommel,<\/h2>\t\t\t\t<\/div>\n\t\t\t\t<div class=\"elementor-element elementor-element-d6eee0d elementor-widget elementor-widget-heading\" data-id=\"d6eee0d\" data-element_type=\"widget\" data-e-type=\"widget\" data-widget_type=\"heading.default\">\n\t\t\t\t\t<h2 class=\"elementor-heading-title elementor-size-default\">G\u00fcnter Grass<\/h2>\t\t\t\t<\/div>\n\t\t\t\t<div class=\"elementor-element elementor-element-18e3ce3 elementor-widget elementor-widget-spacer\" data-id=\"18e3ce3\" data-element_type=\"widget\" data-e-type=\"widget\" data-widget_type=\"spacer.default\">\n\t\t\t\t\t\t\t<div class=\"elementor-spacer\">\n\t\t\t<div class=\"elementor-spacer-inner\"><\/div>\n\t\t<\/div>\n\t\t\t\t\t\t<\/div>\n\t\t\t\t<div class=\"elementor-element elementor-element-005f599 elementor-widget elementor-widget-text-editor\" data-id=\"005f599\" data-element_type=\"widget\" data-e-type=\"widget\" data-widget_type=\"text-editor.default\">\n\t\t\t\t\t\t\t\t\t<p>\u201eDie Blechtrommel\u201c war G\u00fcnter Grass\u2019 erster Roman und erschien 1959. Er war ein sofortiger Erfolg und wurde zum bekanntesten Werk des deutschen Autors, f\u00fcr den er 1999 den Nobelpreis f\u00fcr Literatur erhielt. Der Roman erz\u00e4hlt die Geschichte von Oscar Matzerath, einem Jungen, der sich im Alter von drei Jahren weigert, erwachsen zu werden und zu einer ikonischen Figur der zeitgen\u00f6ssischen Literatur wird. In einem provokanten \u2013 und manchmal makabren \u2013 Stil, gepaart mit grenzenloser Fantasie, greift Grass die Geschichte seiner Zeit auf und \u00fcbt vernichtende Kritik.<\/p>\t\t\t\t\t\t\t\t<\/div>\n\t\t\t\t<\/div>\n\t\t\t\t<\/div>\n\t\t\t\t<\/div>","protected":false},"excerpt":{"rendered":"<p>El Tambor de Hojalata, G\u00fcnter Grass El Tambor de Hojalata fue la primera novela de G\u00fcnter Grass, publicada en 1959, con la que cosech\u00f3 un enorme \u00e9xito inmediato y que se convirti\u00f3 en la obra m\u00e1s emblem\u00e1tica del alem\u00e1n, Premio Nobel de Literatura en 1999. Cuenta la historia de Oscar Matzerath, un ni\u00f1o que a [&hellip;]<\/p>\n","protected":false},"author":12,"featured_media":0,"parent":0,"menu_order":0,"comment_status":"closed","ping_status":"closed","template":"","meta":{"slim_seo":{"title":"El Tambor de Hojalata, G\u00fcnter Grass - Islantilla","description":"El Tambor de Hojalata, G\u00fcnter Grass El Tambor de Hojalata fue la primera novela de G\u00fcnter Grass, publicada en 1959, con la que cosech\u00f3 un enorme \u00e9xito inmediato"},"footnotes":""},"class_list":["post-6126","page","type-page","status-publish","hentry"],"_links":{"self":[{"href":"https:\/\/www.islantilla.es\/de\/wp-json\/wp\/v2\/pages\/6126","targetHints":{"allow":["GET"]}}],"collection":[{"href":"https:\/\/www.islantilla.es\/de\/wp-json\/wp\/v2\/pages"}],"about":[{"href":"https:\/\/www.islantilla.es\/de\/wp-json\/wp\/v2\/types\/page"}],"author":[{"embeddable":true,"href":"https:\/\/www.islantilla.es\/de\/wp-json\/wp\/v2\/users\/12"}],"replies":[{"embeddable":true,"href":"https:\/\/www.islantilla.es\/de\/wp-json\/wp\/v2\/comments?post=6126"}],"version-history":[{"count":4,"href":"https:\/\/www.islantilla.es\/de\/wp-json\/wp\/v2\/pages\/6126\/revisions"}],"predecessor-version":[{"id":6130,"href":"https:\/\/www.islantilla.es\/de\/wp-json\/wp\/v2\/pages\/6126\/revisions\/6130"}],"wp:attachment":[{"href":"https:\/\/www.islantilla.es\/de\/wp-json\/wp\/v2\/media?parent=6126"}],"curies":[{"name":"wp","href":"https:\/\/api.w.org\/{rel}","templated":true}]}}