{"id":4160,"date":"2025-02-09T13:12:28","date_gmt":"2025-02-09T12:12:28","guid":{"rendered":"https:\/\/www.islantilla.es\/?page_id=4160"},"modified":"2025-02-09T13:13:12","modified_gmt":"2025-02-09T12:13:12","slug":"el-castillo-franz-kafka","status":"publish","type":"page","link":"https:\/\/www.islantilla.es\/de\/el-castillo-franz-kafka\/","title":{"rendered":"Das Schloss, Franz Kafka"},"content":{"rendered":"<div data-elementor-type=\"wp-page\" data-elementor-id=\"4160\" class=\"elementor elementor-4160\" data-elementor-post-type=\"page\">\n\t\t\t\t<div class=\"elementor-element elementor-element-b51526e e-con-full e-flex e-con e-parent\" data-id=\"b51526e\" data-element_type=\"container\" data-e-type=\"container\">\n\t\t<div class=\"elementor-element elementor-element-0ae4631 e-con-full e-flex e-con e-child\" data-id=\"0ae4631\" data-element_type=\"container\" data-e-type=\"container\" data-settings=\"{&quot;background_background&quot;:&quot;classic&quot;}\">\n\t\t\t\t<\/div>\n\t\t<div class=\"elementor-element elementor-element-ee3896a e-con-full e-flex e-con e-child\" data-id=\"ee3896a\" data-element_type=\"container\" data-e-type=\"container\">\n\t\t\t\t<div class=\"elementor-element elementor-element-d7a77a6 elementor-widget elementor-widget-heading\" data-id=\"d7a77a6\" data-element_type=\"widget\" data-e-type=\"widget\" data-widget_type=\"heading.default\">\n\t\t\t\t\t<h2 class=\"elementor-heading-title elementor-size-default\">Das Schloss,<\/h2>\t\t\t\t<\/div>\n\t\t\t\t<div class=\"elementor-element elementor-element-e27e480 elementor-widget elementor-widget-heading\" data-id=\"e27e480\" data-element_type=\"widget\" data-e-type=\"widget\" data-widget_type=\"heading.default\">\n\t\t\t\t\t<h2 class=\"elementor-heading-title elementor-size-default\">Franz Kafka<\/h2>\t\t\t\t<\/div>\n\t\t\t\t<div class=\"elementor-element elementor-element-e1fe51e elementor-widget elementor-widget-spacer\" data-id=\"e1fe51e\" data-element_type=\"widget\" data-e-type=\"widget\" data-widget_type=\"spacer.default\">\n\t\t\t\t\t\t\t<div class=\"elementor-spacer\">\n\t\t\t<div class=\"elementor-spacer-inner\"><\/div>\n\t\t<\/div>\n\t\t\t\t\t\t<\/div>\n\t\t\t\t<div class=\"elementor-element elementor-element-fb72618 elementor-widget elementor-widget-text-editor\" data-id=\"fb72618\" data-element_type=\"widget\" data-e-type=\"widget\" data-widget_type=\"text-editor.default\">\n\t\t\t\t\t\t\t\t\t<p>Mr. K ist gerade in einer Stadt angekommen, um einen Auftrag auszuf\u00fchren, doch als er versucht, die Beh\u00f6rden zu kontaktieren, die in einem geheimnisvollen Schloss leben, werden die Dinge kompliziert. Seine Versuche, mit diesen Menschen Kontakt aufzunehmen, sind vergeblich. Neben einer Kritik der B\u00fcrokratie findet sich im \u201eSchloss\u201c wie auch in anderen Werken Frank Kafkas die existenzialistische Philosophie im Hintergrund der Handlung. In einem surrealistischen Tonfall vermittelt das Werk dem Leser die existentielle Angst eines Menschen, der versucht, Teil des Systems zu sein und dabei st\u00e4ndig abgelehnt wird.<\/p><p>Obwohl Kafka heute als einer der bedeutendsten Autoren des 20. Jahrhunderts gilt, wollte er viele seiner Werke nicht ver\u00f6ffentlichen und verlangte vor seinem Tod sogar die Vernichtung seiner Manuskripte. Einige davon wurden jedoch schlie\u00dflich gedruckt, beispielsweise dieser unvollendete Roman. Die Mischung aus Realit\u00e4t und Fantasie sowie der gewohnheitsm\u00e4\u00dfige, obsessive und bedr\u00fcckende Ton der von ihm beschriebenen Situationen haben uns ein neues Adjektiv hinterlassen: \u201eKafkaesk\u201c, mit dem die gleichzeitig ungew\u00f6hnliche und beunruhigende Natur eines Ereignisses zum Ausdruck gebracht wird.<\/p>\t\t\t\t\t\t\t\t<\/div>\n\t\t\t\t<\/div>\n\t\t\t\t<\/div>\n\t\t\t\t<\/div>","protected":false},"excerpt":{"rendered":"<p>El castillo, Franz Kafka El se\u00f1or K acaba de llegar a un pueblo para realizar un trabajo, pero al intentar dirigirse a las autoridades, residentes en un misterioso castillo, todo se complica. Sus intentos por entablar contacto con estas personas son en vano. Adem\u00e1s de una cr\u00edtica a la burocracia, en El castillo, como en [&hellip;]<\/p>\n","protected":false},"author":1,"featured_media":0,"parent":0,"menu_order":0,"comment_status":"closed","ping_status":"closed","template":"","meta":{"slim_seo":{"title":"El castillo, Franz Kafka | Islantilla","description":"El se\u00f1or K acaba de llegar a un pueblo para realizar un trabajo, pero al intentar dirigirse a las autoridades, residentes en un misterioso castillo, todo se complica. Sus intentos por entablar contacto con estas personas son en vano."},"footnotes":""},"class_list":["post-4160","page","type-page","status-publish","hentry"],"_links":{"self":[{"href":"https:\/\/www.islantilla.es\/de\/wp-json\/wp\/v2\/pages\/4160","targetHints":{"allow":["GET"]}}],"collection":[{"href":"https:\/\/www.islantilla.es\/de\/wp-json\/wp\/v2\/pages"}],"about":[{"href":"https:\/\/www.islantilla.es\/de\/wp-json\/wp\/v2\/types\/page"}],"author":[{"embeddable":true,"href":"https:\/\/www.islantilla.es\/de\/wp-json\/wp\/v2\/users\/1"}],"replies":[{"embeddable":true,"href":"https:\/\/www.islantilla.es\/de\/wp-json\/wp\/v2\/comments?post=4160"}],"version-history":[{"count":4,"href":"https:\/\/www.islantilla.es\/de\/wp-json\/wp\/v2\/pages\/4160\/revisions"}],"predecessor-version":[{"id":4164,"href":"https:\/\/www.islantilla.es\/de\/wp-json\/wp\/v2\/pages\/4160\/revisions\/4164"}],"wp:attachment":[{"href":"https:\/\/www.islantilla.es\/de\/wp-json\/wp\/v2\/media?parent=4160"}],"curies":[{"name":"wp","href":"https:\/\/api.w.org\/{rel}","templated":true}]}}