{"id":3453,"date":"2024-10-29T12:18:24","date_gmt":"2024-10-29T11:18:24","guid":{"rendered":"https:\/\/www.islantilla.es\/?page_id=3453"},"modified":"2024-10-31T13:21:07","modified_gmt":"2024-10-31T12:21:07","slug":"rayuela-julio-cortazar","status":"publish","type":"page","link":"https:\/\/www.islantilla.es\/de\/rayuela-julio-cortazar\/","title":{"rendered":"Hopscotch, Julio Cort\u00e1zar"},"content":{"rendered":"<div data-elementor-type=\"wp-page\" data-elementor-id=\"3453\" class=\"elementor elementor-3453\" data-elementor-post-type=\"page\">\n\t\t\t\t<div class=\"elementor-element elementor-element-b51526e e-con-full e-flex e-con e-parent\" data-id=\"b51526e\" data-element_type=\"container\" data-e-type=\"container\">\n\t\t<div class=\"elementor-element elementor-element-0ae4631 e-con-full e-flex e-con e-child\" data-id=\"0ae4631\" data-element_type=\"container\" data-e-type=\"container\" data-settings=\"{&quot;background_background&quot;:&quot;classic&quot;}\">\n\t\t\t\t<\/div>\n\t\t<div class=\"elementor-element elementor-element-ee3896a e-con-full e-flex e-con e-child\" data-id=\"ee3896a\" data-element_type=\"container\" data-e-type=\"container\">\n\t\t\t\t<div class=\"elementor-element elementor-element-d7a77a6 elementor-widget elementor-widget-heading\" data-id=\"d7a77a6\" data-element_type=\"widget\" data-e-type=\"widget\" data-widget_type=\"heading.default\">\n\t\t\t\t\t<h2 class=\"elementor-heading-title elementor-size-default\">Hopse,<\/h2>\t\t\t\t<\/div>\n\t\t\t\t<div class=\"elementor-element elementor-element-e27e480 elementor-widget elementor-widget-heading\" data-id=\"e27e480\" data-element_type=\"widget\" data-e-type=\"widget\" data-widget_type=\"heading.default\">\n\t\t\t\t\t<h2 class=\"elementor-heading-title elementor-size-default\">Julio Cortazar<\/h2>\t\t\t\t<\/div>\n\t\t\t\t<div class=\"elementor-element elementor-element-e1fe51e elementor-widget elementor-widget-spacer\" data-id=\"e1fe51e\" data-element_type=\"widget\" data-e-type=\"widget\" data-widget_type=\"spacer.default\">\n\t\t\t\t\t\t\t<div class=\"elementor-spacer\">\n\t\t\t<div class=\"elementor-spacer-inner\"><\/div>\n\t\t<\/div>\n\t\t\t\t\t\t<\/div>\n\t\t\t\t<div class=\"elementor-element elementor-element-fb72618 elementor-widget elementor-widget-text-editor\" data-id=\"fb72618\" data-element_type=\"widget\" data-e-type=\"widget\" data-widget_type=\"text-editor.default\">\n\t\t\t\t\t\t\t\t\t<p>Rayuela wurde 1963 in Paris geschrieben und ver\u00f6ffentlicht und ist der zweite Roman von Julio Cort\u00e1zar und eines der emblematischen Werke der literarischen Bewegung, die als lateinamerikanischer Boom bekannt ist. Darin bricht der argentinische Schriftsteller mit den Regeln, die rund um das Konzept eines Romans gelten, und betont die Bedeutung der aktiven Rolle des Lesers, dem er bereits auf der ersten Seite vorschl\u00e4gt, zu entscheiden, in welcher Reihenfolge er das Buch lesen m\u00f6chte habe gerade erst er\u00f6ffnet. Einige Kritiker begannen, Hopscotch als Anti-Roman zu bezeichnen, obwohl Cort\u00e1zar immer den Begriff Anti-Roman bevorzugte, der seine Natur nicht leugnet, sondern vielmehr untergr\u00e4bt, indem er nach einer neuen Beziehung zwischen dem Werk und dem Leser sucht, an der dieser teilnimmt ; in dem er spielt und auf einem Fu\u00df durch die Seiten springt, bis er den Himmel erreicht ...<\/p>\t\t\t\t\t\t\t\t<\/div>\n\t\t\t\t<\/div>\n\t\t\t\t<\/div>\n\t\t\t\t<\/div>","protected":false},"excerpt":{"rendered":"<p>Rayuela, Julio Cort\u00e1zar Escrita y publicada en 1963 en Par\u00eds, Rayuela es la segunda novela de Julio Cort\u00e1zar y una de las obras emblem\u00e1ticas del movimiento literario conocido como Boom latinoamericano. En ella el escritor argentino rompe con lo c\u00e1nones establecidos alrededor del concepto de novela reivindicando la importancia del papel activo de lector a [&hellip;]<\/p>\n","protected":false},"author":1,"featured_media":0,"parent":0,"menu_order":0,"comment_status":"closed","ping_status":"closed","template":"","meta":{"slim_seo":{"title":"Rayuela, Julio Cort\u00e1zar | Islantilla","description":"Escrita y publicada en 1963 en Par\u00eds, Rayuela es la segunda novela de Julio Cort\u00e1zar y una de las obras emblem\u00e1ticas del movimiento literario conocido como Boom latinoamericano."},"footnotes":""},"class_list":["post-3453","page","type-page","status-publish","hentry"],"_links":{"self":[{"href":"https:\/\/www.islantilla.es\/de\/wp-json\/wp\/v2\/pages\/3453","targetHints":{"allow":["GET"]}}],"collection":[{"href":"https:\/\/www.islantilla.es\/de\/wp-json\/wp\/v2\/pages"}],"about":[{"href":"https:\/\/www.islantilla.es\/de\/wp-json\/wp\/v2\/types\/page"}],"author":[{"embeddable":true,"href":"https:\/\/www.islantilla.es\/de\/wp-json\/wp\/v2\/users\/1"}],"replies":[{"embeddable":true,"href":"https:\/\/www.islantilla.es\/de\/wp-json\/wp\/v2\/comments?post=3453"}],"version-history":[{"count":10,"href":"https:\/\/www.islantilla.es\/de\/wp-json\/wp\/v2\/pages\/3453\/revisions"}],"predecessor-version":[{"id":3549,"href":"https:\/\/www.islantilla.es\/de\/wp-json\/wp\/v2\/pages\/3453\/revisions\/3549"}],"wp:attachment":[{"href":"https:\/\/www.islantilla.es\/de\/wp-json\/wp\/v2\/media?parent=3453"}],"curies":[{"name":"wp","href":"https:\/\/api.w.org\/{rel}","templated":true}]}}