{"id":3425,"date":"2024-10-29T12:09:22","date_gmt":"2024-10-29T11:09:22","guid":{"rendered":"https:\/\/www.islantilla.es\/?page_id=3425"},"modified":"2024-10-31T13:16:04","modified_gmt":"2024-10-31T12:16:04","slug":"esta-cara-de-la-luna-juan-marse","status":"publish","type":"page","link":"https:\/\/www.islantilla.es\/de\/esta-cara-de-la-luna-juan-marse\/","title":{"rendered":"Dieses Gesicht des Mondes, Juan Mars\u00e9"},"content":{"rendered":"<div data-elementor-type=\"wp-page\" data-elementor-id=\"3425\" class=\"elementor elementor-3425\" data-elementor-post-type=\"page\">\n\t\t\t\t<div class=\"elementor-element elementor-element-a1daef9 e-con-full e-flex e-con e-parent\" data-id=\"a1daef9\" data-element_type=\"container\" data-e-type=\"container\">\n\t\t<div class=\"elementor-element elementor-element-6b61ad5 e-con-full e-flex e-con e-child\" data-id=\"6b61ad5\" data-element_type=\"container\" data-e-type=\"container\" data-settings=\"{&quot;background_background&quot;:&quot;classic&quot;}\">\n\t\t\t\t<\/div>\n\t\t<div class=\"elementor-element elementor-element-5670ff3 e-con-full e-flex e-con e-child\" data-id=\"5670ff3\" data-element_type=\"container\" data-e-type=\"container\">\n\t\t\t\t<div class=\"elementor-element elementor-element-bf2b370 elementor-widget elementor-widget-heading\" data-id=\"bf2b370\" data-element_type=\"widget\" data-e-type=\"widget\" data-widget_type=\"heading.default\">\n\t\t\t\t\t<h2 class=\"elementor-heading-title elementor-size-default\">Dieses Gesicht des Mondes,<\/h2>\t\t\t\t<\/div>\n\t\t\t\t<div class=\"elementor-element elementor-element-856c8c4 elementor-widget elementor-widget-heading\" data-id=\"856c8c4\" data-element_type=\"widget\" data-e-type=\"widget\" data-widget_type=\"heading.default\">\n\t\t\t\t\t<h2 class=\"elementor-heading-title elementor-size-default\">Juan Marse<\/h2>\t\t\t\t<\/div>\n\t\t\t\t<div class=\"elementor-element elementor-element-273bf6a elementor-widget elementor-widget-spacer\" data-id=\"273bf6a\" data-element_type=\"widget\" data-e-type=\"widget\" data-widget_type=\"spacer.default\">\n\t\t\t\t\t\t\t<div class=\"elementor-spacer\">\n\t\t\t<div class=\"elementor-spacer-inner\"><\/div>\n\t\t<\/div>\n\t\t\t\t\t\t<\/div>\n\t\t\t\t<div class=\"elementor-element elementor-element-9b5796e elementor-widget elementor-widget-text-editor\" data-id=\"9b5796e\" data-element_type=\"widget\" data-e-type=\"widget\" data-widget_type=\"text-editor.default\">\n\t\t\t\t\t\t\t\t\t<p>Juan Mars\u00e9 war ein kinobegeisterter Schriftsteller und Luis Ciges war ein literaturbegeisterter Schauspieler. Dar\u00fcber hinaus waren diese beiden Kunstliebhaber Freunde. Aus diesem Grund finden wir in der Luis Ciges-Bibliothek einige der symboltr\u00e4chtigen Werke des Schriftstellers, wie unter anderem \u201eIf They Tell You That I Fall\u201c, \u201eDas M\u00e4dchen mit dem goldenen H\u00f6schen\u201c oder \u201eThe Haunting of Shanghai\u201c. Mit seinen Werken entwirft Mars\u00e9 ein Nachkriegsportr\u00e4t von Barcelona und pflegt dabei eine eigenartige Erz\u00e4hlung, in der er gesellschaftliche Denunziation mit einer geh\u00f6rigen Portion Ironie vermischt. Obwohl die ersten Titel, darunter \u201eThis Face of the Moon\u201c, noch dem f\u00fcr die vorangegangene Erz\u00e4hlung typischen realistischen Stil verpflichtet sind, erweist sich Mars\u00e9 bald als mutiger Autor, der eine authentische formale Erneuerung des Romans vornimmt. Im Laufe seiner Karriere erhielt er unz\u00e4hlige Auszeichnungen, darunter den Planeta-Preis, den Nationalen Kritikerpreis und den Cervantes-Preis, die h\u00f6chste Auszeichnung in der spanischen Literatur.<\/p>\t\t\t\t\t\t\t\t<\/div>\n\t\t\t\t<\/div>\n\t\t\t\t<\/div>\n\t\t\t\t<\/div>","protected":false},"excerpt":{"rendered":"<p>Esta cara de la luna, Juan Mars\u00e9 Juan Mars\u00e9 fue un escritor enamorado del cine y Luis Ciges un actor enamorado de la literatura. Pero es que, adem\u00e1s, estos dos enamorados del arte, fueron amigos. Por eso en la Biblioteca Luis Ciges encontramos algunas de las obras emblem\u00e1ticas del novelista como Si te dicen que [&hellip;]<\/p>\n","protected":false},"author":1,"featured_media":0,"parent":0,"menu_order":0,"comment_status":"closed","ping_status":"closed","template":"","meta":{"slim_seo":{"title":"Esta cara de la luna, Juan Mars\u00e9 | Islantilla","description":"Juan Mars\u00e9 fue un escritor enamorado del cine y Luis Ciges un actor enamorado de la literatura."},"footnotes":""},"class_list":["post-3425","page","type-page","status-publish","hentry"],"_links":{"self":[{"href":"https:\/\/www.islantilla.es\/de\/wp-json\/wp\/v2\/pages\/3425","targetHints":{"allow":["GET"]}}],"collection":[{"href":"https:\/\/www.islantilla.es\/de\/wp-json\/wp\/v2\/pages"}],"about":[{"href":"https:\/\/www.islantilla.es\/de\/wp-json\/wp\/v2\/types\/page"}],"author":[{"embeddable":true,"href":"https:\/\/www.islantilla.es\/de\/wp-json\/wp\/v2\/users\/1"}],"replies":[{"embeddable":true,"href":"https:\/\/www.islantilla.es\/de\/wp-json\/wp\/v2\/comments?post=3425"}],"version-history":[{"count":13,"href":"https:\/\/www.islantilla.es\/de\/wp-json\/wp\/v2\/pages\/3425\/revisions"}],"predecessor-version":[{"id":3534,"href":"https:\/\/www.islantilla.es\/de\/wp-json\/wp\/v2\/pages\/3425\/revisions\/3534"}],"wp:attachment":[{"href":"https:\/\/www.islantilla.es\/de\/wp-json\/wp\/v2\/media?parent=3425"}],"curies":[{"name":"wp","href":"https:\/\/api.w.org\/{rel}","templated":true}]}}