{"id":3420,"date":"2024-10-29T12:04:34","date_gmt":"2024-10-29T11:04:34","guid":{"rendered":"https:\/\/www.islantilla.es\/?page_id=3420"},"modified":"2024-10-31T13:15:25","modified_gmt":"2024-10-31T12:15:25","slug":"primavera-negra-henry-miller","status":"publish","type":"page","link":"https:\/\/www.islantilla.es\/de\/primavera-negra-henry-miller\/","title":{"rendered":"Black Spring, Henry Miller"},"content":{"rendered":"<div data-elementor-type=\"wp-page\" data-elementor-id=\"3420\" class=\"elementor elementor-3420\" data-elementor-post-type=\"page\">\n\t\t\t\t<div class=\"elementor-element elementor-element-7d704b7 e-con-full e-flex e-con e-parent\" data-id=\"7d704b7\" data-element_type=\"container\" data-e-type=\"container\">\n\t\t<div class=\"elementor-element elementor-element-c2c5596 e-con-full e-flex e-con e-child\" data-id=\"c2c5596\" data-element_type=\"container\" data-e-type=\"container\" data-settings=\"{&quot;background_background&quot;:&quot;classic&quot;}\">\n\t\t\t\t<\/div>\n\t\t<div class=\"elementor-element elementor-element-b4c8ec1 e-con-full e-flex e-con e-child\" data-id=\"b4c8ec1\" data-element_type=\"container\" data-e-type=\"container\">\n\t\t\t\t<div class=\"elementor-element elementor-element-de90d75 elementor-widget elementor-widget-heading\" data-id=\"de90d75\" data-element_type=\"widget\" data-e-type=\"widget\" data-widget_type=\"heading.default\">\n\t\t\t\t\t<h2 class=\"elementor-heading-title elementor-size-default\">Schwarzer Fr\u00fchling,<\/h2>\t\t\t\t<\/div>\n\t\t\t\t<div class=\"elementor-element elementor-element-c0a0827 elementor-widget elementor-widget-heading\" data-id=\"c0a0827\" data-element_type=\"widget\" data-e-type=\"widget\" data-widget_type=\"heading.default\">\n\t\t\t\t\t<h2 class=\"elementor-heading-title elementor-size-default\">Henry Miller<\/h2>\t\t\t\t<\/div>\n\t\t\t\t<div class=\"elementor-element elementor-element-f89086c elementor-widget elementor-widget-spacer\" data-id=\"f89086c\" data-element_type=\"widget\" data-e-type=\"widget\" data-widget_type=\"spacer.default\">\n\t\t\t\t\t\t\t<div class=\"elementor-spacer\">\n\t\t\t<div class=\"elementor-spacer-inner\"><\/div>\n\t\t<\/div>\n\t\t\t\t\t\t<\/div>\n\t\t\t\t<div class=\"elementor-element elementor-element-ceaa3b4 elementor-widget elementor-widget-text-editor\" data-id=\"ceaa3b4\" data-element_type=\"widget\" data-e-type=\"widget\" data-widget_type=\"text-editor.default\">\n\t\t\t\t\t\t\t\t\t<p>Black Spring wurde 1936 in Paris ver\u00f6ffentlicht und ist eine in der Ich-Perspektive erz\u00e4hlte Abhandlung, in der der amerikanische Schriftsteller Henry Miller in einem Stil, der dem automatischen Schreiben \u00e4hnelt, Momente seines Lebens aus seiner Kindheit in Brooklyn am Ende des Jahrhunderts nachbildet. XIX, bis Paris in den 1930er Jahren. Es ist in zehn Kapitel oder Geschichten gegliedert, die auch unabh\u00e4ngig voneinander gelesen werden k\u00f6nnen, aber zusammen einen soliden Roman bilden. Das seiner geliebten Anais Nin gewidmete Buch konnte in den Vereinigten Staaten erst 1963 vollst\u00e4ndig ver\u00f6ffentlicht werden, da die Zensur mehrere der darin enthaltenen Geschichten wegen Obsz\u00f6nit\u00e4t verbot. Mit einem oft surrealistischen Lexikon sorgt die Ausdruckskraft seiner Bilder f\u00fcr eine elektrisierende Lekt\u00fcre.<\/p>\t\t\t\t\t\t\t\t<\/div>\n\t\t\t\t<\/div>\n\t\t\t\t<\/div>\n\t\t\t\t<\/div>","protected":false},"excerpt":{"rendered":"<p>Primavera Negra, Henry Miller Publicado en Par\u00eds en 1936, Primavera Negra es un libro de memorias narrado en primera persona en el que el escritor estadounidense Henry Miller, en un estilo cercano a la escritura autom\u00e1tica, recrea momentos de su vida, desde su infancia en Brooklyn a finales del siglo XIX, hasta el par\u00eds de [&hellip;]<\/p>\n","protected":false},"author":1,"featured_media":0,"parent":0,"menu_order":0,"comment_status":"closed","ping_status":"closed","template":"","meta":{"slim_seo":{"title":"Primavera Negra, Henry Miller | Islantilla","description":"Publicado en Par\u00eds en 1936, Primavera Negra es un libro de memorias narrado en primera persona en el que el escritor estadounidense Henry Miller, en un estilo cercano a la escritura autom\u00e1tica, recrea momentos de su vida, desde su infancia en Brooklyn a finales del siglo XIX, hasta el par\u00eds de los a\u00f1os 30."},"footnotes":""},"class_list":["post-3420","page","type-page","status-publish","hentry"],"_links":{"self":[{"href":"https:\/\/www.islantilla.es\/de\/wp-json\/wp\/v2\/pages\/3420","targetHints":{"allow":["GET"]}}],"collection":[{"href":"https:\/\/www.islantilla.es\/de\/wp-json\/wp\/v2\/pages"}],"about":[{"href":"https:\/\/www.islantilla.es\/de\/wp-json\/wp\/v2\/types\/page"}],"author":[{"embeddable":true,"href":"https:\/\/www.islantilla.es\/de\/wp-json\/wp\/v2\/users\/1"}],"replies":[{"embeddable":true,"href":"https:\/\/www.islantilla.es\/de\/wp-json\/wp\/v2\/comments?post=3420"}],"version-history":[{"count":10,"href":"https:\/\/www.islantilla.es\/de\/wp-json\/wp\/v2\/pages\/3420\/revisions"}],"predecessor-version":[{"id":3531,"href":"https:\/\/www.islantilla.es\/de\/wp-json\/wp\/v2\/pages\/3420\/revisions\/3531"}],"wp:attachment":[{"href":"https:\/\/www.islantilla.es\/de\/wp-json\/wp\/v2\/media?parent=3420"}],"curies":[{"name":"wp","href":"https:\/\/api.w.org\/{rel}","templated":true}]}}