{"id":300,"date":"2023-08-10T18:10:10","date_gmt":"2023-08-10T16:10:10","guid":{"rendered":"https:\/\/www.islantilla.es\/?page_id=300"},"modified":"2026-02-05T16:48:35","modified_gmt":"2026-02-05T15:48:35","slug":"nuestro-entorno","status":"publish","type":"page","link":"https:\/\/www.islantilla.es\/de\/nuestro-entorno\/","title":{"rendered":"Unsere Umwelt"},"content":{"rendered":"<div data-elementor-type=\"wp-page\" data-elementor-id=\"300\" class=\"elementor elementor-300\" data-elementor-post-type=\"page\">\n\t\t\t\t<div class=\"elementor-element elementor-element-974f9bf e-flex e-con-boxed e-con e-parent\" data-id=\"974f9bf\" data-element_type=\"container\" data-e-type=\"container\" data-settings=\"{&quot;background_background&quot;:&quot;classic&quot;,&quot;shape_divider_bottom&quot;:&quot;wave-brush&quot;}\">\n\t\t\t\t\t<div class=\"e-con-inner\">\n\t\t\t\t<div class=\"elementor-shape elementor-shape-bottom\" aria-hidden=\"true\" data-negative=\"false\">\n\t\t\t<svg xmlns=\"http:\/\/www.w3.org\/2000\/svg\" viewbox=\"0 0 283.5 27.8\" preserveaspectratio=\"none\">\n\t<path class=\"elementor-shape-fill\" d=\"M283.5,9.7c0,0-7.3,4.3-14,4.6c-6.8,0.3-12.6,0-20.9-1.5c-11.3-2-33.1-10.1-44.7-5.7\ts-12.1,4.6-18,7.4c-6.6,3.2-20,9.6-36.6,9.3C131.6,23.5,99.5,7.2,86.3,8c-1.4,0.1-6.6,0.8-10.5,2c-3.8,1.2-9.4,3.8-17,4.7\tc-3.2,0.4-8.3,1.1-14.2,0.9c-1.5-0.1-6.3-0.4-12-1.6c-5.7-1.2-11-3.1-15.8-3.7C6.5,9.2,0,10.8,0,10.8V0h283.5V9.7z M260.8,11.3\tc-0.7-1-2-0.4-4.3-0.4c-2.3,0-6.1-1.2-5.8-1.1c0.3,0.1,3.1,1.5,6,1.9C259.7,12.2,261.4,12.3,260.8,11.3z M242.4,8.6\tc0,0-2.4-0.2-5.6-0.9c-3.2-0.8-10.3-2.8-15.1-3.5c-8.2-1.1-15.8,0-15.1,0.1c0.8,0.1,9.6-0.6,17.6,1.1c3.3,0.7,9.3,2.2,12.4,2.7\tC239.9,8.7,242.4,8.6,242.4,8.6z M185.2,8.5c1.7-0.7-13.3,4.7-18.5,6.1c-2.1,0.6-6.2,1.6-10,2c-3.9,0.4-8.9,0.4-8.8,0.5\tc0,0.2,5.8,0.8,11.2,0c5.4-0.8,5.2-1.1,7.6-1.6C170.5,14.7,183.5,9.2,185.2,8.5z M199.1,6.9c0.2,0-0.8-0.4-4.8,1.1\tc-4,1.5-6.7,3.5-6.9,3.7c-0.2,0.1,3.5-1.8,6.6-3C197,7.5,199,6.9,199.1,6.9z M283,6c-0.1,0.1-1.9,1.1-4.8,2.5s-6.9,2.8-6.7,2.7\tc0.2,0,3.5-0.6,7.4-2.5C282.8,6.8,283.1,5.9,283,6z M31.3,11.6c0.1-0.2-1.9-0.2-4.5-1.2s-5.4-1.6-7.8-2C15,7.6,7.3,8.5,7.7,8.6\tC8,8.7,15.9,8.3,20.2,9.3c2.2,0.5,2.4,0.5,5.7,1.6S31.2,11.9,31.3,11.6z M73,9.2c0.4-0.1,3.5-1.6,8.4-2.6c4.9-1.1,8.9-0.5,8.9-0.8\tc0-0.3-1-0.9-6.2-0.3S72.6,9.3,73,9.2z M71.6,6.7C71.8,6.8,75,5.4,77.3,5c2.3-0.3,1.9-0.5,1.9-0.6c0-0.1-1.1-0.2-2.7,0.2\tC74.8,5.1,71.4,6.6,71.6,6.7z M93.6,4.4c0.1,0.2,3.5,0.8,5.6,1.8c2.1,1,1.8,0.6,1.9,0.5c0.1-0.1-0.8-0.8-2.4-1.3\tC97.1,4.8,93.5,4.2,93.6,4.4z M65.4,11.1c-0.1,0.3,0.3,0.5,1.9-0.2s2.6-1.3,2.2-1.2s-0.9,0.4-2.5,0.8C65.3,10.9,65.5,10.8,65.4,11.1\tz M34.5,12.4c-0.2,0,2.1,0.8,3.3,0.9c1.2,0.1,2,0.1,2-0.2c0-0.3-0.1-0.5-1.6-0.4C36.6,12.8,34.7,12.4,34.5,12.4z M152.2,21.1\tc-0.1,0.1-2.4-0.3-7.5-0.3c-5,0-13.6-2.4-17.2-3.5c-3.6-1.1,10,3.9,16.5,4.1C150.5,21.6,152.3,21,152.2,21.1z\"\/>\n\t<path class=\"elementor-shape-fill\" d=\"M269.6,18c-0.1-0.1-4.6,0.3-7.2,0c-7.3-0.7-17-3.2-16.6-2.9c0.4,0.3,13.7,3.1,17,3.3\tC267.7,18.8,269.7,18,269.6,18z\"\/>\n\t<path class=\"elementor-shape-fill\" d=\"M227.4,9.8c-0.2-0.1-4.5-1-9.5-1.2c-5-0.2-12.7,0.6-12.3,0.5c0.3-0.1,5.9-1.8,13.3-1.2\tS227.6,9.9,227.4,9.8z\"\/>\n\t<path class=\"elementor-shape-fill\" d=\"M204.5,13.4c-0.1-0.1,2-1,3.2-1.1c1.2-0.1,2,0,2,0.3c0,0.3-0.1,0.5-1.6,0.4\tC206.4,12.9,204.6,13.5,204.5,13.4z\"\/>\n\t<path class=\"elementor-shape-fill\" d=\"M201,10.6c0-0.1-4.4,1.2-6.3,2.2c-1.9,0.9-6.2,3.1-6.1,3.1c0.1,0.1,4.2-1.6,6.3-2.6\tS201,10.7,201,10.6z\"\/>\n\t<path class=\"elementor-shape-fill\" d=\"M154.5,26.7c-0.1-0.1-4.6,0.3-7.2,0c-7.3-0.7-17-3.2-16.6-2.9c0.4,0.3,13.7,3.1,17,3.3\tC152.6,27.5,154.6,26.8,154.5,26.7z\"\/>\n\t<path class=\"elementor-shape-fill\" d=\"M41.9,19.3c0,0,1.2-0.3,2.9-0.1c1.7,0.2,5.8,0.9,8.2,0.7c4.2-0.4,7.4-2.7,7-2.6\tc-0.4,0-4.3,2.2-8.6,1.9c-1.8-0.1-5.1-0.5-6.7-0.4S41.9,19.3,41.9,19.3z\"\/>\n\t<path class=\"elementor-shape-fill\" d=\"M75.5,12.6c0.2,0.1,2-0.8,4.3-1.1c2.3-0.2,2.1-0.3,2.1-0.5c0-0.1-1.8-0.4-3.4,0\tC76.9,11.5,75.3,12.5,75.5,12.6z\"\/>\n\t<path class=\"elementor-shape-fill\" d=\"M15.6,13.2c0-0.1,4.3,0,6.7,0.5c2.4,0.5,5,1.9,5,2c0,0.1-2.7-0.8-5.1-1.4\tC19.9,13.7,15.7,13.3,15.6,13.2z\"\/>\n<\/svg>\t\t<\/div>\n\t\t\t\t<div class=\"elementor-element elementor-element-6829fb2 elementor-widget elementor-widget-heading\" data-id=\"6829fb2\" data-element_type=\"widget\" data-e-type=\"widget\" data-widget_type=\"heading.default\">\n\t\t\t\t\t<h1 class=\"elementor-heading-title elementor-size-default\">Unsere Umwelt<\/h1>\t\t\t\t<\/div>\n\t\t\t\t<div class=\"elementor-element elementor-element-957526d elementor-widget elementor-widget-text-editor\" data-id=\"957526d\" data-element_type=\"widget\" data-e-type=\"widget\" data-widget_type=\"text-editor.default\">\n\t\t\t\t\t\t\t\t\t<p>Natur, Meer und Landschaft vereinen sich zu einem Reiseziel, das Ruhe und Sch\u00f6nheit ausstrahlt.<\/p>\t\t\t\t\t\t\t\t<\/div>\n\t\t\t\t\t<\/div>\n\t\t\t\t<\/div>\n\t\t<div class=\"elementor-element elementor-element-ef2a993 e-flex e-con-boxed e-con e-parent\" data-id=\"ef2a993\" data-element_type=\"container\" data-e-type=\"container\">\n\t\t\t\t\t<div class=\"e-con-inner\">\n\t\t<div class=\"elementor-element elementor-element-2b90041 e-con-full e-flex e-con e-child\" data-id=\"2b90041\" data-element_type=\"container\" data-e-type=\"container\">\n\t\t\t\t<div class=\"elementor-element elementor-element-069a078 elementor-widget elementor-widget-heading\" data-id=\"069a078\" data-element_type=\"widget\" data-e-type=\"widget\" data-widget_type=\"heading.default\">\n\t\t\t\t\t<h2 class=\"elementor-heading-title elementor-size-default\">Lepe - La Antilla<\/h2>\t\t\t\t<\/div>\n\t\t\t\t<div class=\"elementor-element elementor-element-6a58788 elementor-widget elementor-widget-text-editor\" data-id=\"6a58788\" data-element_type=\"widget\" data-e-type=\"widget\" data-widget_type=\"text-editor.default\">\n\t\t\t\t\t\t\t\t\t<p>Lepe liegt 6,4 km von Islantilla entfernt und ist nach der Hauptstadt die bev\u00f6lkerungsreichste Gemeinde der Provinz. Lepe wurde von den Ph\u00f6niziern in einem kleinen Tal neben dem Fluss Piedras gegr\u00fcndet und wurde von R\u00f6mern und Arabern besiedelt, wobei das historische Erbe aus dieser Zeit erhalten blieb. Lepero-Seeleute, die mit der Stadt Lepe verbunden waren, beteiligten sich an der Entdeckung und Eroberung Amerikas, unter denen Rodrigo P\u00e9rez de Acevedo hervorsticht. Weitere bekannte Leperos sind \u00c1lvaro Alonso Barba, Crist\u00f3bal M\u00e9ndez, Manuel Vela und Fray Jos\u00e9 Oria Casta\u00f1eda.<\/p><p>Die kleineren St\u00e4dte sind La Barca, Pinares de Lepe, El Terr\u00f3n, La Antilla und der Islantilla-Teil der Gemeinde Lepe, wobei die beiden letzteren im Sommer aufgrund des Tourismus einen erheblichen Bev\u00f6lkerungszuwachs verzeichnen. Das Naturgebiet Nueva Umbr\u00eda Marismas del R\u00edo Piedras y Flecha ist der wichtigste Vertreter des Naturerbes der Gemeinde, in dem sich der Strand von Nueva Umbr\u00eda befindet.<\/p><p>Im Gemeindegebiet sind der 24 km lange Strand (La Antilla, Nueva Umbr\u00eda und der \u00f6stliche Teil von Islantilla) sowie der Fischereihafen El Terr\u00f3n, die Einsiedelei Nuestra Se\u00f1ora de la Bella oder der Torre del erw\u00e4hnenswert Katalanisch. Zu den Feierlichkeiten z\u00e4hlen die Pilgerfahrt Nuestra Se\u00f1ora de la Bella und die Schutzheiligenfeierlichkeiten von San Roque y la Bella.<\/p>\t\t\t\t\t\t\t\t<\/div>\n\t\t\t\t<div class=\"elementor-element elementor-element-c53a8f5 elementor-widget elementor-widget-heading\" data-id=\"c53a8f5\" data-element_type=\"widget\" data-e-type=\"widget\" data-widget_type=\"heading.default\">\n\t\t\t\t\t<h2 class=\"elementor-heading-title elementor-size-default\">F\u00fcr mehr Informationen:<\/h2>\t\t\t\t<\/div>\n\t\t\t\t<div class=\"elementor-element elementor-element-035a8d5 elementor-widget elementor-widget-heading\" data-id=\"035a8d5\" data-element_type=\"widget\" data-e-type=\"widget\" data-widget_type=\"heading.default\">\n\t\t\t\t\t<h2 class=\"elementor-heading-title elementor-size-default\"><a href=\"http:\/\/www.lepe.es\">www.lepe.es<\/a><\/h2>\t\t\t\t<\/div>\n\t\t<div class=\"elementor-element elementor-element-7167556 e-con-full e-flex e-con e-child\" data-id=\"7167556\" data-element_type=\"container\" data-e-type=\"container\">\n\t\t<div class=\"elementor-element elementor-element-8c701ff e-con-full e-flex e-con e-child\" data-id=\"8c701ff\" data-element_type=\"container\" data-e-type=\"container\">\n\t\t\t\t<div class=\"elementor-element elementor-element-133433d elementor-widget elementor-widget-image\" data-id=\"133433d\" data-element_type=\"widget\" data-e-type=\"widget\" data-widget_type=\"image.default\">\n\t\t\t\t\t\t\t\t\t\t\t\t\t\t\t<img fetchpriority=\"high\" decoding=\"async\" width=\"430\" height=\"310\" src=\"https:\/\/www.islantilla.es\/wp-content\/uploads\/2024\/03\/Lepe-1.webp\" class=\"attachment-large size-large wp-image-1278\" alt=\"Ilustraci\u00f3n de una mujer mirando al mar junto a la Torre del Catal\u00e1n en Lepe.\" srcset=\"https:\/\/www.islantilla.es\/wp-content\/uploads\/2024\/03\/Lepe-1.webp 430w, https:\/\/www.islantilla.es\/wp-content\/uploads\/2024\/03\/Lepe-1-300x216.webp 300w, https:\/\/www.islantilla.es\/wp-content\/uploads\/2024\/03\/Lepe-1-18x12.webp 18w\" sizes=\"(max-width: 430px) 100vw, 430px\" \/>\t\t\t\t\t\t\t\t\t\t\t\t\t\t\t<\/div>\n\t\t\t\t<\/div>\n\t\t<div class=\"elementor-element elementor-element-32bbbd5 e-con-full e-flex e-con e-child\" data-id=\"32bbbd5\" data-element_type=\"container\" data-e-type=\"container\">\n\t\t\t\t<div class=\"elementor-element elementor-element-d496a3e elementor-widget elementor-widget-image\" data-id=\"d496a3e\" data-element_type=\"widget\" data-e-type=\"widget\" data-widget_type=\"image.default\">\n\t\t\t\t\t\t\t\t\t\t\t\t\t\t\t<img decoding=\"async\" width=\"430\" height=\"310\" src=\"https:\/\/www.islantilla.es\/wp-content\/uploads\/2024\/03\/Lepe-2.webp\" class=\"attachment-full size-full wp-image-1277\" alt=\"Lepe 2\" srcset=\"https:\/\/www.islantilla.es\/wp-content\/uploads\/2024\/03\/Lepe-2.webp 430w, https:\/\/www.islantilla.es\/wp-content\/uploads\/2024\/03\/Lepe-2-300x216.webp 300w, https:\/\/www.islantilla.es\/wp-content\/uploads\/2024\/03\/Lepe-2-18x12.webp 18w\" sizes=\"(max-width: 430px) 100vw, 430px\" \/>\t\t\t\t\t\t\t\t\t\t\t\t\t\t\t<\/div>\n\t\t\t\t<\/div>\n\t\t\t\t<\/div>\n\t\t\t\t<\/div>\n\t\t\t\t\t<\/div>\n\t\t\t\t<\/div>\n\t\t<div class=\"elementor-element elementor-element-e7efbe0 e-flex e-con-boxed e-con e-parent\" data-id=\"e7efbe0\" data-element_type=\"container\" data-e-type=\"container\">\n\t\t\t\t\t<div class=\"e-con-inner\">\n\t\t<div class=\"elementor-element elementor-element-677e46a e-con-full e-flex e-con e-child\" data-id=\"677e46a\" data-element_type=\"container\" data-e-type=\"container\">\n\t\t\t\t<div class=\"elementor-element elementor-element-6cc11fd elementor-widget elementor-widget-heading\" data-id=\"6cc11fd\" data-element_type=\"widget\" data-e-type=\"widget\" data-widget_type=\"heading.default\">\n\t\t\t\t\t<h2 class=\"elementor-heading-title elementor-size-default\">Isla Cristina<\/h2>\t\t\t\t<\/div>\n\t\t\t\t<div class=\"elementor-element elementor-element-d963f7a elementor-widget elementor-widget-text-editor\" data-id=\"d963f7a\" data-element_type=\"widget\" data-e-type=\"widget\" data-widget_type=\"text-editor.default\">\n\t\t\t\t\t\t\t\t\t<p>Isla Cristina liegt 9,3 km von Islantilla entfernt. Ihre Urspr\u00fcnge gehen auf die Gr\u00fcndung einer Fischerkolonie durch Katalanen und Valencianer nach dem Erdbeben von Lissabon im Jahr 1755 zur\u00fcck, die wuchs, bis sie 1833 ein eigenes Rathaus erhielt und sp\u00e4ter am 30. Juni 1887 die alte Gemeinde La Redondela aufnahm.<\/p><p>Die Hauptt\u00e4tigkeit ist die Fischerei, die durch den wichtigen Hafen beg\u00fcnstigt wird. Sein Fischmarkt ist der erste in Bezug auf die Auktionen von Frischfisch aus Andalusien und der zweitgr\u00f6\u00dfte in Bezug auf die Tonnage. Es zeichnet sich auch durch die Feier internationaler Veranstaltungen wie \u201eThe Cluster of Mixed Fishing Companies\u201c aus und durch die dritt\u00e4lteste Zeitung Andalusiens, La Higuerita, die seit dem 13. Februar 2015 ihr 100-j\u00e4hriges Bestehen feiert. Weitere Identit\u00e4tsmerkmale sind die j\u00fcngsten Touristen Aktivit\u00e4t sowie der Karneval, einer der \u00e4ltesten und wichtigsten in Spanien.<\/p><p>\u200bAuf dem Gemeindegebiet befinden sich die Sumpfgebiete der Isla Cristina, die als Naturschutzgebiet gesch\u00fctzt sind, sowie mehrere Kiefern- und Buschgebiete im k\u00fcstennahen D\u00fcneng\u00fcrtel. Aufgrund ihrer Ost-West-Ausrichtung dienten die Sonnenunterg\u00e4nge, die zwischen Meer und Land enden, mehreren Dichtern als Inspiration und f\u00fchrten zur Entstehung der Sonnenuntergangsroute mit ber\u00fchmten Zitaten gro\u00dfer Dichter wie Rafael Alberti, Gerardo Diego und Juan Ram\u00f3n Jim\u00e9nez oder Luis Cernuda.<\/p>\t\t\t\t\t\t\t\t<\/div>\n\t\t\t\t<div class=\"elementor-element elementor-element-d81066d elementor-widget elementor-widget-heading\" data-id=\"d81066d\" data-element_type=\"widget\" data-e-type=\"widget\" data-widget_type=\"heading.default\">\n\t\t\t\t\t<h2 class=\"elementor-heading-title elementor-size-default\">F\u00fcr mehr Informationen:<\/h2>\t\t\t\t<\/div>\n\t\t\t\t<div class=\"elementor-element elementor-element-1e345e3 elementor-widget elementor-widget-heading\" data-id=\"1e345e3\" data-element_type=\"widget\" data-e-type=\"widget\" data-widget_type=\"heading.default\">\n\t\t\t\t\t<h2 class=\"elementor-heading-title elementor-size-default\"><a href=\"http:\/\/www.islacristina.org\">www.islacristina.org<\/a><\/h2>\t\t\t\t<\/div>\n\t\t<div class=\"elementor-element elementor-element-13c337a e-con-full e-flex e-con e-child\" data-id=\"13c337a\" data-element_type=\"container\" data-e-type=\"container\">\n\t\t<div class=\"elementor-element elementor-element-f00d7c0 e-con-full e-flex e-con e-child\" data-id=\"f00d7c0\" data-element_type=\"container\" data-e-type=\"container\">\n\t\t\t\t<div class=\"elementor-element elementor-element-d5db093 elementor-widget elementor-widget-image\" data-id=\"d5db093\" data-element_type=\"widget\" data-e-type=\"widget\" data-widget_type=\"image.default\">\n\t\t\t\t\t\t\t\t\t\t\t\t\t\t\t<img decoding=\"async\" width=\"430\" height=\"310\" src=\"https:\/\/www.islantilla.es\/wp-content\/uploads\/2024\/05\/Isla-Cristina.webp\" class=\"attachment-large size-large wp-image-2689\" alt=\"Ilustraci\u00f3n de Isla Cristina con un velero navegando frente a su costa.\" srcset=\"https:\/\/www.islantilla.es\/wp-content\/uploads\/2024\/05\/Isla-Cristina.webp 430w, https:\/\/www.islantilla.es\/wp-content\/uploads\/2024\/05\/Isla-Cristina-300x216.webp 300w, https:\/\/www.islantilla.es\/wp-content\/uploads\/2024\/05\/Isla-Cristina-18x12.webp 18w\" sizes=\"(max-width: 430px) 100vw, 430px\" \/>\t\t\t\t\t\t\t\t\t\t\t\t\t\t\t<\/div>\n\t\t\t\t<\/div>\n\t\t<div class=\"elementor-element elementor-element-b59ce69 e-con-full e-flex e-con e-child\" data-id=\"b59ce69\" data-element_type=\"container\" data-e-type=\"container\">\n\t\t\t\t<div class=\"elementor-element elementor-element-2219b81 elementor-widget elementor-widget-image\" data-id=\"2219b81\" data-element_type=\"widget\" data-e-type=\"widget\" data-widget_type=\"image.default\">\n\t\t\t\t\t\t\t\t\t\t\t\t\t\t\t<img loading=\"lazy\" decoding=\"async\" width=\"430\" height=\"310\" src=\"https:\/\/www.islantilla.es\/wp-content\/uploads\/2024\/03\/Isla-Cristina-2.webp\" class=\"attachment-large size-large wp-image-1275\" alt=\"Isla Cristina 2\" srcset=\"https:\/\/www.islantilla.es\/wp-content\/uploads\/2024\/03\/Isla-Cristina-2.webp 430w, https:\/\/www.islantilla.es\/wp-content\/uploads\/2024\/03\/Isla-Cristina-2-300x216.webp 300w, https:\/\/www.islantilla.es\/wp-content\/uploads\/2024\/03\/Isla-Cristina-2-18x12.webp 18w\" sizes=\"(max-width: 430px) 100vw, 430px\" \/>\t\t\t\t\t\t\t\t\t\t\t\t\t\t\t<\/div>\n\t\t\t\t<\/div>\n\t\t\t\t<\/div>\n\t\t\t\t<\/div>\n\t\t\t\t\t<\/div>\n\t\t\t\t<\/div>\n\t\t\t\t<\/div>","protected":false},"excerpt":{"rendered":"<p>Nuestro entorno Naturaleza, mar y paisaje se unen para dar vida a un destino que respira tranquilidad y belleza. Lepe &#8211; La Antilla Lepe est\u00e1 situado a 6.4 km de Islantilla y es el municipio m\u00e1s poblado de la provincia tras la capital. Fundado por los fenicios en un peque\u00f1o valle junto al r\u00edo Piedras, [&hellip;]<\/p>\n","protected":false},"author":1,"featured_media":0,"parent":0,"menu_order":0,"comment_status":"closed","ping_status":"closed","template":"elementor_header_footer","meta":{"slim_seo":{"title":"Unsere Umgebung | Islantilla","description":"Entdecken Sie die beiden Gemeinden, zu denen der Strand von Islantilla geh\u00f6rt."},"footnotes":""},"class_list":["post-300","page","type-page","status-publish","hentry"],"_links":{"self":[{"href":"https:\/\/www.islantilla.es\/de\/wp-json\/wp\/v2\/pages\/300","targetHints":{"allow":["GET"]}}],"collection":[{"href":"https:\/\/www.islantilla.es\/de\/wp-json\/wp\/v2\/pages"}],"about":[{"href":"https:\/\/www.islantilla.es\/de\/wp-json\/wp\/v2\/types\/page"}],"author":[{"embeddable":true,"href":"https:\/\/www.islantilla.es\/de\/wp-json\/wp\/v2\/users\/1"}],"replies":[{"embeddable":true,"href":"https:\/\/www.islantilla.es\/de\/wp-json\/wp\/v2\/comments?post=300"}],"version-history":[{"count":26,"href":"https:\/\/www.islantilla.es\/de\/wp-json\/wp\/v2\/pages\/300\/revisions"}],"predecessor-version":[{"id":7502,"href":"https:\/\/www.islantilla.es\/de\/wp-json\/wp\/v2\/pages\/300\/revisions\/7502"}],"wp:attachment":[{"href":"https:\/\/www.islantilla.es\/de\/wp-json\/wp\/v2\/media?parent=300"}],"curies":[{"name":"wp","href":"https:\/\/api.w.org\/{rel}","templated":true}]}}