{"id":2017,"date":"2024-03-26T19:04:20","date_gmt":"2024-03-26T18:04:20","guid":{"rendered":"https:\/\/www.islantilla.es\/?page_id=2017"},"modified":"2025-12-01T17:58:04","modified_gmt":"2025-12-01T16:58:04","slug":"club-golf-islantilla","status":"publish","type":"page","link":"https:\/\/www.islantilla.es\/de\/club-golf-islantilla\/","title":{"rendered":"Golfclub Islantilla"},"content":{"rendered":"<div data-elementor-type=\"wp-page\" data-elementor-id=\"2017\" class=\"elementor elementor-2017\" data-elementor-post-type=\"page\">\n\t\t\t\t<div class=\"elementor-element elementor-element-42c42a3 e-flex e-con-boxed elementor-invisible e-con e-parent\" data-id=\"42c42a3\" data-element_type=\"container\" data-e-type=\"container\" data-settings=\"{&quot;background_background&quot;:&quot;classic&quot;,&quot;animation&quot;:&quot;fadeIn&quot;}\">\n\t\t\t\t\t<div class=\"e-con-inner\">\n\t\t\t\t<div class=\"elementor-element elementor-element-bfd4865 elementor-widget__width-initial elementor-widget elementor-widget-heading\" data-id=\"bfd4865\" data-element_type=\"widget\" data-e-type=\"widget\" data-widget_type=\"heading.default\">\n\t\t\t\t\t<h2 class=\"elementor-heading-title elementor-size-default\">11<\/h2>\t\t\t\t<\/div>\n\t\t\t\t<div class=\"elementor-element elementor-element-efdb8c0 elementor-widget elementor-widget-heading\" data-id=\"efdb8c0\" data-element_type=\"widget\" data-e-type=\"widget\" data-widget_type=\"heading.default\">\n\t\t\t\t\t<h2 class=\"elementor-heading-title elementor-size-default\">ISLANTILLA GOLF CLUB<\/h2>\t\t\t\t<\/div>\n\t\t\t\t\t<\/div>\n\t\t\t\t<\/div>\n\t\t<div class=\"elementor-element elementor-element-91f7ef6 e-flex e-con-boxed e-con e-parent\" data-id=\"91f7ef6\" data-element_type=\"container\" data-e-type=\"container\">\n\t\t\t\t\t<div class=\"e-con-inner\">\n\t\t\t\t<div class=\"elementor-element elementor-element-dda84db elementor-widget elementor-widget-image\" data-id=\"dda84db\" data-element_type=\"widget\" data-e-type=\"widget\" data-widget_type=\"image.default\">\n\t\t\t\t\t\t\t\t\t\t\t\t\t\t\t<img fetchpriority=\"high\" decoding=\"async\" width=\"800\" height=\"594\" src=\"https:\/\/www.islantilla.es\/wp-content\/uploads\/2024\/03\/Golf-1.webp\" class=\"attachment-full size-full wp-image-2022\" alt=\"Jugador practicando golf en el campo de Islantilla con vistas al mar en la Costa de Huelva.\" srcset=\"https:\/\/www.islantilla.es\/wp-content\/uploads\/2024\/03\/Golf-1.webp 800w, https:\/\/www.islantilla.es\/wp-content\/uploads\/2024\/03\/Golf-1-300x223.webp 300w, https:\/\/www.islantilla.es\/wp-content\/uploads\/2024\/03\/Golf-1-768x570.webp 768w, https:\/\/www.islantilla.es\/wp-content\/uploads\/2024\/03\/Golf-1-16x12.webp 16w\" sizes=\"(max-width: 800px) 100vw, 800px\" \/>\t\t\t\t\t\t\t\t\t\t\t\t\t\t\t<\/div>\n\t\t\t\t<div class=\"elementor-element elementor-element-7223208 elementor-widget elementor-widget-text-editor\" data-id=\"7223208\" data-element_type=\"widget\" data-e-type=\"widget\" data-widget_type=\"text-editor.default\">\n\t\t\t\t\t\t\t\t\t<p>Es verf\u00fcgt \u00fcber einen der besten Golfpl\u00e4tze Andalusiens mit 27 L\u00f6chern, drei verschiedenen Golfpl\u00e4tzen, umgeben von \u00fcppiger Vegetation und einer unglaublichen Aussicht auf das Meer.<\/p><p><span style=\"color: #30a4bb;\"><strong>Paseo Barranco del Moro, s\/n<\/strong><\/span><br \/><span style=\"color: #30a4bb;\"><strong>21410 Isla Cristina<\/strong><\/span><br \/><span style=\"color: #30a4bb;\"><strong>www.islantillagolfresort.com<\/strong><\/span><br \/><span style=\"color: #30a4bb;\"><strong>Tel.: 959 48 60 39<\/strong><\/span><\/p>\t\t\t\t\t\t\t\t<\/div>\n\t\t\t\t<div class=\"elementor-element elementor-element-02d01d2 elementor-align-right elementor-widget elementor-widget-button\" data-id=\"02d01d2\" data-element_type=\"widget\" data-e-type=\"widget\" data-widget_type=\"button.default\">\n\t\t\t\t\t\t\t\t\t\t<a class=\"elementor-button elementor-button-link elementor-size-sm\" href=\"https:\/\/www.google.es\/maps\/dir\/\/CLUB+DE+GOLF+DE+ISLANTILLA,+21449+Lepe,+Huelva\/@37.21225,-7.2348192,1219m\/data=!3m1!1e3!4m9!4m8!1m0!1m5!1m1!1s0xd102fbbf97b5de7:0x6646a42453a499f!2m2!1d-7.2298276!2d37.2147606!3e0\">\n\t\t\t\t\t\t<span class=\"elementor-button-content-wrapper\">\n\t\t\t\t\t\t\t\t\t<span class=\"elementor-button-text\">Wie kommt man?<\/span>\n\t\t\t\t\t<\/span>\n\t\t\t\t\t<\/a>\n\t\t\t\t\t\t\t\t<\/div>\n\t\t\t\t<div class=\"elementor-element elementor-element-3f5d8b1 elementor-view-default elementor-widget elementor-widget-icon\" data-id=\"3f5d8b1\" data-element_type=\"widget\" data-e-type=\"widget\" data-widget_type=\"icon.default\">\n\t\t\t\t\t\t\t<div class=\"elementor-icon-wrapper\">\n\t\t\t<a class=\"elementor-icon\" href=\"https:\/\/www.islantilla.es\/de\/mapa-islantilla\/\">\n\t\t\t<svg aria-hidden=\"true\" class=\"e-font-icon-svg e-fas-arrow-left\" viewbox=\"0 0 448 512\" xmlns=\"http:\/\/www.w3.org\/2000\/svg\"><path d=\"M257.5 445.1l-22.2 22.2c-9.4 9.4-24.6 9.4-33.9 0L7 273c-9.4-9.4-9.4-24.6 0-33.9L201.4 44.7c9.4-9.4 24.6-9.4 33.9 0l22.2 22.2c9.5 9.5 9.3 25-.4 34.3L136.6 216H424c13.3 0 24 10.7 24 24v32c0 13.3-10.7 24-24 24H136.6l120.5 114.8c9.8 9.3 10 24.8.4 34.3z\"><\/path><\/svg>\t\t\t<\/a>\n\t\t<\/div>\n\t\t\t\t\t\t<\/div>\n\t\t\t\t\t<\/div>\n\t\t\t\t<\/div>\n\t\t\t\t<\/div>","protected":false},"excerpt":{"rendered":"<p>11 CLUB DE GOLF DE ISLANTILLA Dispone de uno de los mejores campos de golf de Andaluc\u00eda, con 27 hoyos, tres recorridos distintos rodeados de una frondosa vegetaci\u00f3n y con incre\u00edbles vistas al mar. Paseo Barranco del Moro, s\/n21410 Isla Cristinawww.islantillagolfresort.comTel: 959 48 60 39 \u00bfC\u00f3mo llegar?<\/p>","protected":false},"author":1,"featured_media":0,"parent":0,"menu_order":0,"comment_status":"closed","ping_status":"closed","template":"elementor_header_footer","meta":{"slim_seo":{"title":"Club de Golf de Islantilla | Informaci\u00f3n y Acceso","description":"Conoce el Club de Golf de Islantilla, un enclave exclusivo con acceso a uno de los mejores campos de Huelva. Consulta ubicaci\u00f3n y servicios."},"footnotes":""},"class_list":["post-2017","page","type-page","status-publish","hentry"],"_links":{"self":[{"href":"https:\/\/www.islantilla.es\/de\/wp-json\/wp\/v2\/pages\/2017","targetHints":{"allow":["GET"]}}],"collection":[{"href":"https:\/\/www.islantilla.es\/de\/wp-json\/wp\/v2\/pages"}],"about":[{"href":"https:\/\/www.islantilla.es\/de\/wp-json\/wp\/v2\/types\/page"}],"author":[{"embeddable":true,"href":"https:\/\/www.islantilla.es\/de\/wp-json\/wp\/v2\/users\/1"}],"replies":[{"embeddable":true,"href":"https:\/\/www.islantilla.es\/de\/wp-json\/wp\/v2\/comments?post=2017"}],"version-history":[{"count":8,"href":"https:\/\/www.islantilla.es\/de\/wp-json\/wp\/v2\/pages\/2017\/revisions"}],"predecessor-version":[{"id":7171,"href":"https:\/\/www.islantilla.es\/de\/wp-json\/wp\/v2\/pages\/2017\/revisions\/7171"}],"wp:attachment":[{"href":"https:\/\/www.islantilla.es\/de\/wp-json\/wp\/v2\/media?parent=2017"}],"curies":[{"name":"wp","href":"https:\/\/api.w.org\/{rel}","templated":true}]}}